{"id":1244,"date":"2026-01-26T13:21:41","date_gmt":"2026-01-26T13:21:41","guid":{"rendered":"https:\/\/castellbaroniapinturas.com.ar\/?post_type=product&#038;p=1244"},"modified":"2026-01-26T13:21:41","modified_gmt":"2026-01-26T13:21:41","slug":"barniz-marino-sintetico-con-filtro-uv","status":"publish","type":"product","link":"https:\/\/castellbaroniapinturas.com.ar\/index.php\/producto\/barniz-marino-sintetico-con-filtro-uv\/","title":{"rendered":"Barniz Marino Sint\u00e9tico \u2013 Con filtro UV"},"content":{"rendered":"<h3 data-start=\"528\" data-end=\"551\"><span style=\"color: #ff0000;\"><strong data-start=\"532\" data-end=\"551\">Caracter\u00edsticas<\/strong><\/span><\/h3>\n<p data-start=\"552\" data-end=\"800\">Producto desarrollado a base de resinas sint\u00e9ticas y aditivos especiales que otorgan gran dureza y excelente resistencia a la intemperie. Su formulaci\u00f3n con filtro UV protege la madera del desgaste producido por el sol y las condiciones clim\u00e1ticas.<\/p>\n<h3 data-start=\"802\" data-end=\"814\"><span style=\"color: #ff0000;\"><strong data-start=\"806\" data-end=\"814\">Usos<\/strong><\/span><\/h3>\n<ul data-start=\"815\" data-end=\"953\">\n<li data-start=\"815\" data-end=\"840\">\n<p data-start=\"817\" data-end=\"840\">Maderas en interiores<\/p>\n<\/li>\n<li data-start=\"841\" data-end=\"866\">\n<p data-start=\"843\" data-end=\"866\">Maderas en exteriores<\/p>\n<\/li>\n<li data-start=\"867\" data-end=\"953\">\n<p data-start=\"869\" data-end=\"953\">Todo tipo de superficies de madera que requieran protecci\u00f3n y terminaci\u00f3n resistente<\/p>\n<\/li>\n<\/ul>\n<h3 data-start=\"955\" data-end=\"968\"><span style=\"color: #ff0000;\"><strong data-start=\"959\" data-end=\"968\">Color<\/strong><\/span><\/h3>\n<p data-start=\"969\" data-end=\"1024\">Transparente.<br data-start=\"982\" data-end=\"985\" \/>Puede te\u00f1irse con tintas para barnices.<\/p>\n<h3 data-start=\"1026\" data-end=\"1044\"><span style=\"color: #ff0000;\"><strong data-start=\"1030\" data-end=\"1044\">Aplicaci\u00f3n<\/strong><\/span><\/h3>\n<p data-start=\"1045\" data-end=\"1104\">Aplicar con pincel o rodillo, seg\u00fan la terminaci\u00f3n deseada.<\/p>\n<h3 data-start=\"1106\" data-end=\"1125\"><span style=\"color: #ff0000;\"><strong data-start=\"1110\" data-end=\"1125\">Rendimiento<\/strong><\/span><\/h3>\n<p data-start=\"1126\" data-end=\"1177\">Rendimiento aproximado de <strong data-start=\"1152\" data-end=\"1176\">11 a 13 m\u00b2 por litro<\/strong>.<\/p>\n<h3 data-start=\"1179\" data-end=\"1193\"><span style=\"color: #ff0000;\"><strong data-start=\"1183\" data-end=\"1193\">Secado<\/strong><\/span><\/h3>\n<p data-start=\"1194\" data-end=\"1243\">Dejar secar <strong data-start=\"1206\" data-end=\"1218\">12 horas<\/strong> luego del acabado total.<\/p>\n<h3 data-start=\"1245\" data-end=\"1265\"><span style=\"color: #ff0000;\"><strong data-start=\"1249\" data-end=\"1265\">Presentaci\u00f3n<\/strong><\/span><\/h3>\n<p data-start=\"1266\" data-end=\"1277\">Envases de:<\/p>\n<ul data-start=\"1278\" data-end=\"1338\">\n<li data-start=\"1278\" data-end=\"1288\">\n<p data-start=\"1280\" data-end=\"1288\">250 cc<\/p>\n<\/li>\n<li data-start=\"1289\" data-end=\"1299\">\n<p data-start=\"1291\" data-end=\"1299\">500 cc<\/p>\n<\/li>\n<li data-start=\"1300\" data-end=\"1311\">\n<p data-start=\"1302\" data-end=\"1311\">1 litro<\/p>\n<\/li>\n<li data-start=\"1312\" data-end=\"1324\">\n<p data-start=\"1314\" data-end=\"1324\">4 litros<\/p>\n<\/li>\n<li data-start=\"1325\" data-end=\"1338\">\n<p data-start=\"1327\" data-end=\"1338\">20 litros<\/p>\n<\/li>\n<\/ul>\n","protected":false},"excerpt":{"rendered":"<p>Barniz sint\u00e9tico de alta resistencia, formulado para proteger y embellecer maderas expuestas a interiores y exteriores. Ofrece gran dureza, excelente resistencia a la intemperie y protecci\u00f3n UV para una mayor durabilidad del acabado.<\/p>\n","protected":false},"featured_media":1245,"comment_status":"open","ping_status":"closed","template":"","meta":{"site-sidebar-layout":"default","site-content-layout":"","ast-site-content-layout":"default","site-content-style":"default","site-sidebar-style":"default","ast-global-header-display":"","ast-banner-title-visibility":"","ast-main-header-display":"","ast-hfb-above-header-display":"","ast-hfb-below-header-display":"","ast-hfb-mobile-header-display":"","site-post-title":"","ast-breadcrumbs-content":"","ast-featured-img":"","footer-sml-layout":"","ast-disable-related-posts":"","theme-transparent-header-meta":"default","adv-header-id-meta":"","stick-header-meta":"","header-above-stick-meta":"","header-main-stick-meta":"","header-below-stick-meta":"","astra-migrate-meta-layouts":"set","ast-page-background-enabled":"default","ast-page-background-meta":{"desktop":{"background-color":"var(--ast-global-color-4)","background-image":"","background-repeat":"repeat","background-position":"center center","background-size":"auto","background-attachment":"scroll","background-type":"","background-media":"","overlay-type":"","overlay-color":"","overlay-opacity":"","overlay-gradient":""},"tablet":{"background-color":"","background-image":"","background-repeat":"repeat","background-position":"center center","background-size":"auto","background-attachment":"scroll","background-type":"","background-media":"","overlay-type":"","overlay-color":"","overlay-opacity":"","overlay-gradient":""},"mobile":{"background-color":"","background-image":"","background-repeat":"repeat","background-position":"center center","background-size":"auto","background-attachment":"scroll","background-type":"","background-media":"","overlay-type":"","overlay-color":"","overlay-opacity":"","overlay-gradient":""}},"ast-content-background-meta":{"desktop":{"background-color":"var(--ast-global-color-5)","background-image":"","background-repeat":"repeat","background-position":"center center","background-size":"auto","background-attachment":"scroll","background-type":"","background-media":"","overlay-type":"","overlay-color":"","overlay-opacity":"","overlay-gradient":""},"tablet":{"background-color":"var(--ast-global-color-5)","background-image":"","background-repeat":"repeat","background-position":"center center","background-size":"auto","background-attachment":"scroll","background-type":"","background-media":"","overlay-type":"","overlay-color":"","overlay-opacity":"","overlay-gradient":""},"mobile":{"background-color":"var(--ast-global-color-5)","background-image":"","background-repeat":"repeat","background-position":"center center","background-size":"auto","background-attachment":"scroll","background-type":"","background-media":"","overlay-type":"","overlay-color":"","overlay-opacity":"","overlay-gradient":""}},"_joinchat":[]},"product_brand":[43],"product_cat":[27],"product_tag":[],"class_list":{"0":"post-1244","1":"product","2":"type-product","3":"status-publish","4":"has-post-thumbnail","6":"product_brand-venecia","7":"product_cat-barnices-y-maderas","8":"desktop-align-left","9":"tablet-align-left","10":"mobile-align-left","12":"first","13":"instock","14":"shipping-taxable","15":"product-type-simple"},"yoast_head":"<!-- This site is optimized with the Yoast SEO plugin v26.8 - https:\/\/yoast.com\/product\/yoast-seo-wordpress\/ -->\n<title>Barniz Marino Sint\u00e9tico \u2013 Con filtro UV - Castell Baronia<\/title>\n<meta name=\"description\" content=\"Barniz sint\u00e9tico de alta resistencia, formulado para proteger y embellecer maderas expuestas a interiores y exteriores. Ofrece gran dureza, excelente resistencia a la intemperie y protecci\u00f3n UV para una mayor durabilidad del acabado.\" \/>\n<meta name=\"robots\" content=\"index, follow, max-snippet:-1, max-image-preview:large, max-video-preview:-1\" \/>\n<link rel=\"canonical\" href=\"https:\/\/castellbaroniapinturas.com.ar\/index.php\/producto\/barniz-marino-sintetico-con-filtro-uv\/\" \/>\n<meta property=\"og:locale\" content=\"es_ES\" \/>\n<meta property=\"og:type\" content=\"article\" \/>\n<meta property=\"og:title\" content=\"Barniz Marino Sint\u00e9tico \u2013 Con filtro UV - Castell Baronia\" \/>\n<meta property=\"og:description\" content=\"Barniz sint\u00e9tico de alta resistencia, formulado para proteger y embellecer maderas expuestas a interiores y exteriores. Ofrece gran dureza, excelente resistencia a la intemperie y protecci\u00f3n UV para una mayor durabilidad del acabado.\" \/>\n<meta property=\"og:url\" content=\"https:\/\/castellbaroniapinturas.com.ar\/index.php\/producto\/barniz-marino-sintetico-con-filtro-uv\/\" \/>\n<meta property=\"og:site_name\" content=\"Castell Baronia\" \/>\n<meta property=\"og:image\" content=\"http:\/\/castellbaroniapinturas.com.ar\/wp-content\/uploads\/2026\/01\/020.jpg\" \/>\n\t<meta property=\"og:image:width\" content=\"700\" \/>\n\t<meta property=\"og:image:height\" content=\"700\" \/>\n\t<meta property=\"og:image:type\" content=\"image\/jpeg\" \/>\n<meta name=\"twitter:card\" content=\"summary_large_image\" \/>\n<meta name=\"twitter:label1\" content=\"Tiempo de lectura\" \/>\n\t<meta name=\"twitter:data1\" content=\"1 minuto\" \/>\n<script type=\"application\/ld+json\" class=\"yoast-schema-graph\">{\"@context\":\"https:\/\/schema.org\",\"@graph\":[{\"@type\":\"WebPage\",\"@id\":\"https:\/\/castellbaroniapinturas.com.ar\/index.php\/producto\/barniz-marino-sintetico-con-filtro-uv\/\",\"url\":\"https:\/\/castellbaroniapinturas.com.ar\/index.php\/producto\/barniz-marino-sintetico-con-filtro-uv\/\",\"name\":\"Barniz Marino Sint\u00e9tico \u2013 Con filtro UV - Castell Baronia\",\"isPartOf\":{\"@id\":\"https:\/\/castellbaroniapinturas.com.ar\/#website\"},\"primaryImageOfPage\":{\"@id\":\"https:\/\/castellbaroniapinturas.com.ar\/index.php\/producto\/barniz-marino-sintetico-con-filtro-uv\/#primaryimage\"},\"image\":{\"@id\":\"https:\/\/castellbaroniapinturas.com.ar\/index.php\/producto\/barniz-marino-sintetico-con-filtro-uv\/#primaryimage\"},\"thumbnailUrl\":\"https:\/\/castellbaroniapinturas.com.ar\/wp-content\/uploads\/2026\/01\/020.jpg\",\"datePublished\":\"2026-01-26T13:21:41+00:00\",\"description\":\"Barniz sint\u00e9tico de alta resistencia, formulado para proteger y embellecer maderas expuestas a interiores y exteriores. Ofrece gran dureza, excelente resistencia a la intemperie y protecci\u00f3n UV para una mayor durabilidad del acabado.\",\"breadcrumb\":{\"@id\":\"https:\/\/castellbaroniapinturas.com.ar\/index.php\/producto\/barniz-marino-sintetico-con-filtro-uv\/#breadcrumb\"},\"inLanguage\":\"es\",\"potentialAction\":[{\"@type\":\"ReadAction\",\"target\":[\"https:\/\/castellbaroniapinturas.com.ar\/index.php\/producto\/barniz-marino-sintetico-con-filtro-uv\/\"]}]},{\"@type\":\"ImageObject\",\"inLanguage\":\"es\",\"@id\":\"https:\/\/castellbaroniapinturas.com.ar\/index.php\/producto\/barniz-marino-sintetico-con-filtro-uv\/#primaryimage\",\"url\":\"https:\/\/castellbaroniapinturas.com.ar\/wp-content\/uploads\/2026\/01\/020.jpg\",\"contentUrl\":\"https:\/\/castellbaroniapinturas.com.ar\/wp-content\/uploads\/2026\/01\/020.jpg\",\"width\":700,\"height\":700},{\"@type\":\"BreadcrumbList\",\"@id\":\"https:\/\/castellbaroniapinturas.com.ar\/index.php\/producto\/barniz-marino-sintetico-con-filtro-uv\/#breadcrumb\",\"itemListElement\":[{\"@type\":\"ListItem\",\"position\":1,\"name\":\"Portada\",\"item\":\"https:\/\/castellbaroniapinturas.com.ar\/\"},{\"@type\":\"ListItem\",\"position\":2,\"name\":\"Tienda\",\"item\":\"https:\/\/castellbaroniapinturas.com.ar\/index.php\/tienda\/\"},{\"@type\":\"ListItem\",\"position\":3,\"name\":\"Barniz Marino Sint\u00e9tico \u2013 Con filtro UV\"}]},{\"@type\":\"WebSite\",\"@id\":\"https:\/\/castellbaroniapinturas.com.ar\/#website\",\"url\":\"https:\/\/castellbaroniapinturas.com.ar\/\",\"name\":\"Castell Baronia\",\"description\":\"Castell Baronia Pinturas. Marca argentina con 60 a\u00f1os de experiencia en pinturas y revestimientos de calidad profesional para obras, pinturer\u00edas y proyectos.\",\"publisher\":{\"@id\":\"https:\/\/castellbaroniapinturas.com.ar\/#organization\"},\"potentialAction\":[{\"@type\":\"SearchAction\",\"target\":{\"@type\":\"EntryPoint\",\"urlTemplate\":\"https:\/\/castellbaroniapinturas.com.ar\/?s={search_term_string}\"},\"query-input\":{\"@type\":\"PropertyValueSpecification\",\"valueRequired\":true,\"valueName\":\"search_term_string\"}}],\"inLanguage\":\"es\"},{\"@type\":\"Organization\",\"@id\":\"https:\/\/castellbaroniapinturas.com.ar\/#organization\",\"name\":\"Castell Baronia\",\"url\":\"https:\/\/castellbaroniapinturas.com.ar\/\",\"logo\":{\"@type\":\"ImageObject\",\"inLanguage\":\"es\",\"@id\":\"https:\/\/castellbaroniapinturas.com.ar\/#\/schema\/logo\/image\/\",\"url\":\"https:\/\/castellbaroniapinturas.com.ar\/wp-content\/uploads\/2026\/01\/CASTELL-BARONIA-LOGO-WEB.png\",\"contentUrl\":\"https:\/\/castellbaroniapinturas.com.ar\/wp-content\/uploads\/2026\/01\/CASTELL-BARONIA-LOGO-WEB.png\",\"width\":768,\"height\":257,\"caption\":\"Castell Baronia\"},\"image\":{\"@id\":\"https:\/\/castellbaroniapinturas.com.ar\/#\/schema\/logo\/image\/\"}}]}<\/script>\n<!-- \/ Yoast SEO plugin. -->","yoast_head_json":{"title":"Barniz Marino Sint\u00e9tico \u2013 Con filtro UV - Castell Baronia","description":"Barniz sint\u00e9tico de alta resistencia, formulado para proteger y embellecer maderas expuestas a interiores y exteriores. Ofrece gran dureza, excelente resistencia a la intemperie y protecci\u00f3n UV para una mayor durabilidad del acabado.","robots":{"index":"index","follow":"follow","max-snippet":"max-snippet:-1","max-image-preview":"max-image-preview:large","max-video-preview":"max-video-preview:-1"},"canonical":"https:\/\/castellbaroniapinturas.com.ar\/index.php\/producto\/barniz-marino-sintetico-con-filtro-uv\/","og_locale":"es_ES","og_type":"article","og_title":"Barniz Marino Sint\u00e9tico \u2013 Con filtro UV - Castell Baronia","og_description":"Barniz sint\u00e9tico de alta resistencia, formulado para proteger y embellecer maderas expuestas a interiores y exteriores. Ofrece gran dureza, excelente resistencia a la intemperie y protecci\u00f3n UV para una mayor durabilidad del acabado.","og_url":"https:\/\/castellbaroniapinturas.com.ar\/index.php\/producto\/barniz-marino-sintetico-con-filtro-uv\/","og_site_name":"Castell Baronia","og_image":[{"width":700,"height":700,"url":"http:\/\/castellbaroniapinturas.com.ar\/wp-content\/uploads\/2026\/01\/020.jpg","type":"image\/jpeg"}],"twitter_card":"summary_large_image","twitter_misc":{"Tiempo de lectura":"1 minuto"},"schema":{"@context":"https:\/\/schema.org","@graph":[{"@type":"WebPage","@id":"https:\/\/castellbaroniapinturas.com.ar\/index.php\/producto\/barniz-marino-sintetico-con-filtro-uv\/","url":"https:\/\/castellbaroniapinturas.com.ar\/index.php\/producto\/barniz-marino-sintetico-con-filtro-uv\/","name":"Barniz Marino Sint\u00e9tico \u2013 Con filtro UV - Castell Baronia","isPartOf":{"@id":"https:\/\/castellbaroniapinturas.com.ar\/#website"},"primaryImageOfPage":{"@id":"https:\/\/castellbaroniapinturas.com.ar\/index.php\/producto\/barniz-marino-sintetico-con-filtro-uv\/#primaryimage"},"image":{"@id":"https:\/\/castellbaroniapinturas.com.ar\/index.php\/producto\/barniz-marino-sintetico-con-filtro-uv\/#primaryimage"},"thumbnailUrl":"https:\/\/castellbaroniapinturas.com.ar\/wp-content\/uploads\/2026\/01\/020.jpg","datePublished":"2026-01-26T13:21:41+00:00","description":"Barniz sint\u00e9tico de alta resistencia, formulado para proteger y embellecer maderas expuestas a interiores y exteriores. Ofrece gran dureza, excelente resistencia a la intemperie y protecci\u00f3n UV para una mayor durabilidad del acabado.","breadcrumb":{"@id":"https:\/\/castellbaroniapinturas.com.ar\/index.php\/producto\/barniz-marino-sintetico-con-filtro-uv\/#breadcrumb"},"inLanguage":"es","potentialAction":[{"@type":"ReadAction","target":["https:\/\/castellbaroniapinturas.com.ar\/index.php\/producto\/barniz-marino-sintetico-con-filtro-uv\/"]}]},{"@type":"ImageObject","inLanguage":"es","@id":"https:\/\/castellbaroniapinturas.com.ar\/index.php\/producto\/barniz-marino-sintetico-con-filtro-uv\/#primaryimage","url":"https:\/\/castellbaroniapinturas.com.ar\/wp-content\/uploads\/2026\/01\/020.jpg","contentUrl":"https:\/\/castellbaroniapinturas.com.ar\/wp-content\/uploads\/2026\/01\/020.jpg","width":700,"height":700},{"@type":"BreadcrumbList","@id":"https:\/\/castellbaroniapinturas.com.ar\/index.php\/producto\/barniz-marino-sintetico-con-filtro-uv\/#breadcrumb","itemListElement":[{"@type":"ListItem","position":1,"name":"Portada","item":"https:\/\/castellbaroniapinturas.com.ar\/"},{"@type":"ListItem","position":2,"name":"Tienda","item":"https:\/\/castellbaroniapinturas.com.ar\/index.php\/tienda\/"},{"@type":"ListItem","position":3,"name":"Barniz Marino Sint\u00e9tico \u2013 Con filtro UV"}]},{"@type":"WebSite","@id":"https:\/\/castellbaroniapinturas.com.ar\/#website","url":"https:\/\/castellbaroniapinturas.com.ar\/","name":"Castell Baronia","description":"Castell Baronia Pinturas. Marca argentina con 60 a\u00f1os de experiencia en pinturas y revestimientos de calidad profesional para obras, pinturer\u00edas y proyectos.","publisher":{"@id":"https:\/\/castellbaroniapinturas.com.ar\/#organization"},"potentialAction":[{"@type":"SearchAction","target":{"@type":"EntryPoint","urlTemplate":"https:\/\/castellbaroniapinturas.com.ar\/?s={search_term_string}"},"query-input":{"@type":"PropertyValueSpecification","valueRequired":true,"valueName":"search_term_string"}}],"inLanguage":"es"},{"@type":"Organization","@id":"https:\/\/castellbaroniapinturas.com.ar\/#organization","name":"Castell Baronia","url":"https:\/\/castellbaroniapinturas.com.ar\/","logo":{"@type":"ImageObject","inLanguage":"es","@id":"https:\/\/castellbaroniapinturas.com.ar\/#\/schema\/logo\/image\/","url":"https:\/\/castellbaroniapinturas.com.ar\/wp-content\/uploads\/2026\/01\/CASTELL-BARONIA-LOGO-WEB.png","contentUrl":"https:\/\/castellbaroniapinturas.com.ar\/wp-content\/uploads\/2026\/01\/CASTELL-BARONIA-LOGO-WEB.png","width":768,"height":257,"caption":"Castell Baronia"},"image":{"@id":"https:\/\/castellbaroniapinturas.com.ar\/#\/schema\/logo\/image\/"}}]}},"_links":{"self":[{"href":"https:\/\/castellbaroniapinturas.com.ar\/index.php\/wp-json\/wp\/v2\/product\/1244","targetHints":{"allow":["GET"]}}],"collection":[{"href":"https:\/\/castellbaroniapinturas.com.ar\/index.php\/wp-json\/wp\/v2\/product"}],"about":[{"href":"https:\/\/castellbaroniapinturas.com.ar\/index.php\/wp-json\/wp\/v2\/types\/product"}],"replies":[{"embeddable":true,"href":"https:\/\/castellbaroniapinturas.com.ar\/index.php\/wp-json\/wp\/v2\/comments?post=1244"}],"wp:featuredmedia":[{"embeddable":true,"href":"https:\/\/castellbaroniapinturas.com.ar\/index.php\/wp-json\/wp\/v2\/media\/1245"}],"wp:attachment":[{"href":"https:\/\/castellbaroniapinturas.com.ar\/index.php\/wp-json\/wp\/v2\/media?parent=1244"}],"wp:term":[{"taxonomy":"product_brand","embeddable":true,"href":"https:\/\/castellbaroniapinturas.com.ar\/index.php\/wp-json\/wp\/v2\/product_brand?post=1244"},{"taxonomy":"product_cat","embeddable":true,"href":"https:\/\/castellbaroniapinturas.com.ar\/index.php\/wp-json\/wp\/v2\/product_cat?post=1244"},{"taxonomy":"product_tag","embeddable":true,"href":"https:\/\/castellbaroniapinturas.com.ar\/index.php\/wp-json\/wp\/v2\/product_tag?post=1244"}],"curies":[{"name":"wp","href":"https:\/\/api.w.org\/{rel}","templated":true}]}}