{"id":1246,"date":"2026-01-26T13:25:43","date_gmt":"2026-01-26T13:25:43","guid":{"rendered":"https:\/\/castellbaroniapinturas.com.ar\/?post_type=product&#038;p=1246"},"modified":"2026-01-26T14:34:48","modified_gmt":"2026-01-26T14:34:48","slug":"latex-impermeabilizante-frente-y-muros","status":"publish","type":"product","link":"https:\/\/castellbaroniapinturas.com.ar\/index.php\/producto\/latex-impermeabilizante-frente-y-muros\/","title":{"rendered":"L\u00e1tex Impermeabilizante \u2013 Frente y Muros"},"content":{"rendered":"<h3 data-start=\"501\" data-end=\"524\"><span style=\"color: #ff0000;\"><strong data-start=\"505\" data-end=\"524\">Caracter\u00edsticas<\/strong><\/span><\/h3>\n<p data-start=\"525\" data-end=\"904\">Producto fabricado a base de emulsiones acr\u00edlicas el\u00e1sticas con alta resistencia a la intemperie y a los cambios clim\u00e1ticos. Resistente a la formaci\u00f3n de hongos gracias a su alto poder fungicida. Su formulaci\u00f3n con metacrilato y poliuretano evita filtraciones mayores y proporciona un excelente acabado blanco mate. Todos los productos cumplen con estrictos controles de calidad.<\/p>\n<h3 data-start=\"906\" data-end=\"918\"><span style=\"color: #ff0000;\"><strong data-start=\"910\" data-end=\"918\">Usos<\/strong><\/span><\/h3>\n<ul data-start=\"919\" data-end=\"991\">\n<li data-start=\"919\" data-end=\"930\">\n<p data-start=\"921\" data-end=\"930\">Frentes<\/p>\n<\/li>\n<li data-start=\"931\" data-end=\"951\">\n<p data-start=\"933\" data-end=\"951\">Muros exteriores<\/p>\n<\/li>\n<li data-start=\"952\" data-end=\"991\">\n<p data-start=\"954\" data-end=\"991\">Superficies expuestas a la intemperie<\/p>\n<\/li>\n<\/ul>\n<h3 data-start=\"993\" data-end=\"1012\"><span style=\"color: #ff0000;\"><strong data-start=\"997\" data-end=\"1012\">Rendimiento<\/strong><\/span><\/h3>\n<p data-start=\"1013\" data-end=\"1097\">Rinde entre <strong data-start=\"1025\" data-end=\"1060\">10 a 12 m\u00b2 por litro y por mano<\/strong>.<br data-start=\"1061\" data-end=\"1064\" \/>Diluci\u00f3n m\u00e1xima: <strong data-start=\"1081\" data-end=\"1096\">10% de agua<\/strong>.<\/p>\n<h3 data-start=\"1099\" data-end=\"1114\"><span style=\"color: #ff0000;\"><strong data-start=\"1103\" data-end=\"1114\">Acabado<\/strong><\/span><\/h3>\n<p data-start=\"1115\" data-end=\"1120\">Mate.<\/p>\n<h3 data-start=\"1122\" data-end=\"1142\"><span style=\"color: #ff0000;\"><strong data-start=\"1126\" data-end=\"1142\">Presentaci\u00f3n<\/strong><\/span><\/h3>\n<p data-start=\"1143\" data-end=\"1154\">Envases de:<\/p>\n<ul data-start=\"1155\" data-end=\"1207\">\n<li data-start=\"1155\" data-end=\"1166\">\n<p data-start=\"1157\" data-end=\"1166\">1 litro<\/p>\n<\/li>\n<li data-start=\"1167\" data-end=\"1179\">\n<p data-start=\"1169\" data-end=\"1179\">4 litros<\/p>\n<\/li>\n<li data-start=\"1180\" data-end=\"1193\">\n<p data-start=\"1182\" data-end=\"1193\">10 litros<\/p>\n<\/li>\n<li data-start=\"1194\" data-end=\"1207\">\n<p data-start=\"1196\" data-end=\"1207\">20 litros<\/p>\n<\/li>\n<\/ul>\n","protected":false},"excerpt":{"rendered":"<p>L\u00e1tex impermeabilizante formulado con emulsiones acr\u00edlicas el\u00e1sticas, ideal para frentes y muros expuestos a la intemperie. Brinda alta resistencia clim\u00e1tica, excelente poder cubritivo y una terminaci\u00f3n duradera que ayuda a prevenir filtraciones.<\/p>\n","protected":false},"featured_media":1266,"comment_status":"open","ping_status":"closed","template":"","meta":{"site-sidebar-layout":"default","site-content-layout":"","ast-site-content-layout":"default","site-content-style":"default","site-sidebar-style":"default","ast-global-header-display":"","ast-banner-title-visibility":"","ast-main-header-display":"","ast-hfb-above-header-display":"","ast-hfb-below-header-display":"","ast-hfb-mobile-header-display":"","site-post-title":"","ast-breadcrumbs-content":"","ast-featured-img":"","footer-sml-layout":"","ast-disable-related-posts":"","theme-transparent-header-meta":"default","adv-header-id-meta":"","stick-header-meta":"","header-above-stick-meta":"","header-main-stick-meta":"","header-below-stick-meta":"","astra-migrate-meta-layouts":"set","ast-page-background-enabled":"default","ast-page-background-meta":{"desktop":{"background-color":"var(--ast-global-color-4)","background-image":"","background-repeat":"repeat","background-position":"center center","background-size":"auto","background-attachment":"scroll","background-type":"","background-media":"","overlay-type":"","overlay-color":"","overlay-opacity":"","overlay-gradient":""},"tablet":{"background-color":"","background-image":"","background-repeat":"repeat","background-position":"center center","background-size":"auto","background-attachment":"scroll","background-type":"","background-media":"","overlay-type":"","overlay-color":"","overlay-opacity":"","overlay-gradient":""},"mobile":{"background-color":"","background-image":"","background-repeat":"repeat","background-position":"center center","background-size":"auto","background-attachment":"scroll","background-type":"","background-media":"","overlay-type":"","overlay-color":"","overlay-opacity":"","overlay-gradient":""}},"ast-content-background-meta":{"desktop":{"background-color":"var(--ast-global-color-5)","background-image":"","background-repeat":"repeat","background-position":"center center","background-size":"auto","background-attachment":"scroll","background-type":"","background-media":"","overlay-type":"","overlay-color":"","overlay-opacity":"","overlay-gradient":""},"tablet":{"background-color":"var(--ast-global-color-5)","background-image":"","background-repeat":"repeat","background-position":"center center","background-size":"auto","background-attachment":"scroll","background-type":"","background-media":"","overlay-type":"","overlay-color":"","overlay-opacity":"","overlay-gradient":""},"mobile":{"background-color":"var(--ast-global-color-5)","background-image":"","background-repeat":"repeat","background-position":"center center","background-size":"auto","background-attachment":"scroll","background-type":"","background-media":"","overlay-type":"","overlay-color":"","overlay-opacity":"","overlay-gradient":""}},"_joinchat":[]},"product_brand":[36],"product_cat":[23,22],"product_tag":[],"class_list":{"0":"post-1246","1":"product","2":"type-product","3":"status-publish","4":"has-post-thumbnail","6":"product_brand-dolce","7":"product_cat-impermeabilizantes","8":"product_cat-pinturas-latex","9":"desktop-align-left","10":"tablet-align-left","11":"mobile-align-left","13":"first","14":"instock","15":"shipping-taxable","16":"product-type-simple"},"yoast_head":"<!-- This site is optimized with the Yoast SEO plugin v26.8 - https:\/\/yoast.com\/product\/yoast-seo-wordpress\/ -->\n<title>L\u00e1tex Impermeabilizante \u2013 Frente y Muros - Castell Baronia<\/title>\n<meta name=\"description\" content=\"L\u00e1tex impermeabilizante formulado con emulsiones acr\u00edlicas el\u00e1sticas, ideal para frentes y muros expuestos a la intemperie. Brinda alta resistencia clim\u00e1tica, excelente poder cubritivo y una terminaci\u00f3n duradera que ayuda a prevenir filtraciones.\" \/>\n<meta name=\"robots\" content=\"index, follow, max-snippet:-1, max-image-preview:large, max-video-preview:-1\" \/>\n<link rel=\"canonical\" href=\"https:\/\/castellbaroniapinturas.com.ar\/index.php\/producto\/latex-impermeabilizante-frente-y-muros\/\" \/>\n<meta property=\"og:locale\" content=\"es_ES\" \/>\n<meta property=\"og:type\" content=\"article\" \/>\n<meta property=\"og:title\" content=\"L\u00e1tex Impermeabilizante \u2013 Frente y Muros - Castell Baronia\" \/>\n<meta property=\"og:description\" content=\"L\u00e1tex impermeabilizante formulado con emulsiones acr\u00edlicas el\u00e1sticas, ideal para frentes y muros expuestos a la intemperie. Brinda alta resistencia clim\u00e1tica, excelente poder cubritivo y una terminaci\u00f3n duradera que ayuda a prevenir filtraciones.\" \/>\n<meta property=\"og:url\" content=\"https:\/\/castellbaroniapinturas.com.ar\/index.php\/producto\/latex-impermeabilizante-frente-y-muros\/\" \/>\n<meta property=\"og:site_name\" content=\"Castell Baronia\" \/>\n<meta property=\"article:modified_time\" content=\"2026-01-26T14:34:48+00:00\" \/>\n<meta property=\"og:image\" content=\"http:\/\/castellbaroniapinturas.com.ar\/wp-content\/uploads\/2026\/01\/024.jpg\" \/>\n\t<meta property=\"og:image:width\" content=\"700\" \/>\n\t<meta property=\"og:image:height\" content=\"700\" \/>\n\t<meta property=\"og:image:type\" content=\"image\/jpeg\" \/>\n<meta name=\"twitter:card\" content=\"summary_large_image\" \/>\n<meta name=\"twitter:label1\" content=\"Tiempo de lectura\" \/>\n\t<meta name=\"twitter:data1\" content=\"1 minuto\" \/>\n<script type=\"application\/ld+json\" class=\"yoast-schema-graph\">{\"@context\":\"https:\/\/schema.org\",\"@graph\":[{\"@type\":\"WebPage\",\"@id\":\"https:\/\/castellbaroniapinturas.com.ar\/index.php\/producto\/latex-impermeabilizante-frente-y-muros\/\",\"url\":\"https:\/\/castellbaroniapinturas.com.ar\/index.php\/producto\/latex-impermeabilizante-frente-y-muros\/\",\"name\":\"L\u00e1tex Impermeabilizante \u2013 Frente y Muros - Castell Baronia\",\"isPartOf\":{\"@id\":\"https:\/\/castellbaroniapinturas.com.ar\/#website\"},\"primaryImageOfPage\":{\"@id\":\"https:\/\/castellbaroniapinturas.com.ar\/index.php\/producto\/latex-impermeabilizante-frente-y-muros\/#primaryimage\"},\"image\":{\"@id\":\"https:\/\/castellbaroniapinturas.com.ar\/index.php\/producto\/latex-impermeabilizante-frente-y-muros\/#primaryimage\"},\"thumbnailUrl\":\"https:\/\/castellbaroniapinturas.com.ar\/wp-content\/uploads\/2026\/01\/024.jpg\",\"datePublished\":\"2026-01-26T13:25:43+00:00\",\"dateModified\":\"2026-01-26T14:34:48+00:00\",\"description\":\"L\u00e1tex impermeabilizante formulado con emulsiones acr\u00edlicas el\u00e1sticas, ideal para frentes y muros expuestos a la intemperie. Brinda alta resistencia clim\u00e1tica, excelente poder cubritivo y una terminaci\u00f3n duradera que ayuda a prevenir filtraciones.\",\"breadcrumb\":{\"@id\":\"https:\/\/castellbaroniapinturas.com.ar\/index.php\/producto\/latex-impermeabilizante-frente-y-muros\/#breadcrumb\"},\"inLanguage\":\"es\",\"potentialAction\":[{\"@type\":\"ReadAction\",\"target\":[\"https:\/\/castellbaroniapinturas.com.ar\/index.php\/producto\/latex-impermeabilizante-frente-y-muros\/\"]}]},{\"@type\":\"ImageObject\",\"inLanguage\":\"es\",\"@id\":\"https:\/\/castellbaroniapinturas.com.ar\/index.php\/producto\/latex-impermeabilizante-frente-y-muros\/#primaryimage\",\"url\":\"https:\/\/castellbaroniapinturas.com.ar\/wp-content\/uploads\/2026\/01\/024.jpg\",\"contentUrl\":\"https:\/\/castellbaroniapinturas.com.ar\/wp-content\/uploads\/2026\/01\/024.jpg\",\"width\":700,\"height\":700},{\"@type\":\"BreadcrumbList\",\"@id\":\"https:\/\/castellbaroniapinturas.com.ar\/index.php\/producto\/latex-impermeabilizante-frente-y-muros\/#breadcrumb\",\"itemListElement\":[{\"@type\":\"ListItem\",\"position\":1,\"name\":\"Portada\",\"item\":\"https:\/\/castellbaroniapinturas.com.ar\/\"},{\"@type\":\"ListItem\",\"position\":2,\"name\":\"Tienda\",\"item\":\"https:\/\/castellbaroniapinturas.com.ar\/index.php\/tienda\/\"},{\"@type\":\"ListItem\",\"position\":3,\"name\":\"L\u00e1tex Impermeabilizante \u2013 Frente y Muros\"}]},{\"@type\":\"WebSite\",\"@id\":\"https:\/\/castellbaroniapinturas.com.ar\/#website\",\"url\":\"https:\/\/castellbaroniapinturas.com.ar\/\",\"name\":\"Castell Baronia\",\"description\":\"Castell Baronia Pinturas. Marca argentina con 60 a\u00f1os de experiencia en pinturas y revestimientos de calidad profesional para obras, pinturer\u00edas y proyectos.\",\"publisher\":{\"@id\":\"https:\/\/castellbaroniapinturas.com.ar\/#organization\"},\"potentialAction\":[{\"@type\":\"SearchAction\",\"target\":{\"@type\":\"EntryPoint\",\"urlTemplate\":\"https:\/\/castellbaroniapinturas.com.ar\/?s={search_term_string}\"},\"query-input\":{\"@type\":\"PropertyValueSpecification\",\"valueRequired\":true,\"valueName\":\"search_term_string\"}}],\"inLanguage\":\"es\"},{\"@type\":\"Organization\",\"@id\":\"https:\/\/castellbaroniapinturas.com.ar\/#organization\",\"name\":\"Castell Baronia\",\"url\":\"https:\/\/castellbaroniapinturas.com.ar\/\",\"logo\":{\"@type\":\"ImageObject\",\"inLanguage\":\"es\",\"@id\":\"https:\/\/castellbaroniapinturas.com.ar\/#\/schema\/logo\/image\/\",\"url\":\"https:\/\/castellbaroniapinturas.com.ar\/wp-content\/uploads\/2026\/01\/CASTELL-BARONIA-LOGO-WEB.png\",\"contentUrl\":\"https:\/\/castellbaroniapinturas.com.ar\/wp-content\/uploads\/2026\/01\/CASTELL-BARONIA-LOGO-WEB.png\",\"width\":768,\"height\":257,\"caption\":\"Castell Baronia\"},\"image\":{\"@id\":\"https:\/\/castellbaroniapinturas.com.ar\/#\/schema\/logo\/image\/\"}}]}<\/script>\n<!-- \/ Yoast SEO plugin. -->","yoast_head_json":{"title":"L\u00e1tex Impermeabilizante \u2013 Frente y Muros - Castell Baronia","description":"L\u00e1tex impermeabilizante formulado con emulsiones acr\u00edlicas el\u00e1sticas, ideal para frentes y muros expuestos a la intemperie. Brinda alta resistencia clim\u00e1tica, excelente poder cubritivo y una terminaci\u00f3n duradera que ayuda a prevenir filtraciones.","robots":{"index":"index","follow":"follow","max-snippet":"max-snippet:-1","max-image-preview":"max-image-preview:large","max-video-preview":"max-video-preview:-1"},"canonical":"https:\/\/castellbaroniapinturas.com.ar\/index.php\/producto\/latex-impermeabilizante-frente-y-muros\/","og_locale":"es_ES","og_type":"article","og_title":"L\u00e1tex Impermeabilizante \u2013 Frente y Muros - Castell Baronia","og_description":"L\u00e1tex impermeabilizante formulado con emulsiones acr\u00edlicas el\u00e1sticas, ideal para frentes y muros expuestos a la intemperie. Brinda alta resistencia clim\u00e1tica, excelente poder cubritivo y una terminaci\u00f3n duradera que ayuda a prevenir filtraciones.","og_url":"https:\/\/castellbaroniapinturas.com.ar\/index.php\/producto\/latex-impermeabilizante-frente-y-muros\/","og_site_name":"Castell Baronia","article_modified_time":"2026-01-26T14:34:48+00:00","og_image":[{"width":700,"height":700,"url":"http:\/\/castellbaroniapinturas.com.ar\/wp-content\/uploads\/2026\/01\/024.jpg","type":"image\/jpeg"}],"twitter_card":"summary_large_image","twitter_misc":{"Tiempo de lectura":"1 minuto"},"schema":{"@context":"https:\/\/schema.org","@graph":[{"@type":"WebPage","@id":"https:\/\/castellbaroniapinturas.com.ar\/index.php\/producto\/latex-impermeabilizante-frente-y-muros\/","url":"https:\/\/castellbaroniapinturas.com.ar\/index.php\/producto\/latex-impermeabilizante-frente-y-muros\/","name":"L\u00e1tex Impermeabilizante \u2013 Frente y Muros - Castell Baronia","isPartOf":{"@id":"https:\/\/castellbaroniapinturas.com.ar\/#website"},"primaryImageOfPage":{"@id":"https:\/\/castellbaroniapinturas.com.ar\/index.php\/producto\/latex-impermeabilizante-frente-y-muros\/#primaryimage"},"image":{"@id":"https:\/\/castellbaroniapinturas.com.ar\/index.php\/producto\/latex-impermeabilizante-frente-y-muros\/#primaryimage"},"thumbnailUrl":"https:\/\/castellbaroniapinturas.com.ar\/wp-content\/uploads\/2026\/01\/024.jpg","datePublished":"2026-01-26T13:25:43+00:00","dateModified":"2026-01-26T14:34:48+00:00","description":"L\u00e1tex impermeabilizante formulado con emulsiones acr\u00edlicas el\u00e1sticas, ideal para frentes y muros expuestos a la intemperie. Brinda alta resistencia clim\u00e1tica, excelente poder cubritivo y una terminaci\u00f3n duradera que ayuda a prevenir filtraciones.","breadcrumb":{"@id":"https:\/\/castellbaroniapinturas.com.ar\/index.php\/producto\/latex-impermeabilizante-frente-y-muros\/#breadcrumb"},"inLanguage":"es","potentialAction":[{"@type":"ReadAction","target":["https:\/\/castellbaroniapinturas.com.ar\/index.php\/producto\/latex-impermeabilizante-frente-y-muros\/"]}]},{"@type":"ImageObject","inLanguage":"es","@id":"https:\/\/castellbaroniapinturas.com.ar\/index.php\/producto\/latex-impermeabilizante-frente-y-muros\/#primaryimage","url":"https:\/\/castellbaroniapinturas.com.ar\/wp-content\/uploads\/2026\/01\/024.jpg","contentUrl":"https:\/\/castellbaroniapinturas.com.ar\/wp-content\/uploads\/2026\/01\/024.jpg","width":700,"height":700},{"@type":"BreadcrumbList","@id":"https:\/\/castellbaroniapinturas.com.ar\/index.php\/producto\/latex-impermeabilizante-frente-y-muros\/#breadcrumb","itemListElement":[{"@type":"ListItem","position":1,"name":"Portada","item":"https:\/\/castellbaroniapinturas.com.ar\/"},{"@type":"ListItem","position":2,"name":"Tienda","item":"https:\/\/castellbaroniapinturas.com.ar\/index.php\/tienda\/"},{"@type":"ListItem","position":3,"name":"L\u00e1tex Impermeabilizante \u2013 Frente y Muros"}]},{"@type":"WebSite","@id":"https:\/\/castellbaroniapinturas.com.ar\/#website","url":"https:\/\/castellbaroniapinturas.com.ar\/","name":"Castell Baronia","description":"Castell Baronia Pinturas. Marca argentina con 60 a\u00f1os de experiencia en pinturas y revestimientos de calidad profesional para obras, pinturer\u00edas y proyectos.","publisher":{"@id":"https:\/\/castellbaroniapinturas.com.ar\/#organization"},"potentialAction":[{"@type":"SearchAction","target":{"@type":"EntryPoint","urlTemplate":"https:\/\/castellbaroniapinturas.com.ar\/?s={search_term_string}"},"query-input":{"@type":"PropertyValueSpecification","valueRequired":true,"valueName":"search_term_string"}}],"inLanguage":"es"},{"@type":"Organization","@id":"https:\/\/castellbaroniapinturas.com.ar\/#organization","name":"Castell Baronia","url":"https:\/\/castellbaroniapinturas.com.ar\/","logo":{"@type":"ImageObject","inLanguage":"es","@id":"https:\/\/castellbaroniapinturas.com.ar\/#\/schema\/logo\/image\/","url":"https:\/\/castellbaroniapinturas.com.ar\/wp-content\/uploads\/2026\/01\/CASTELL-BARONIA-LOGO-WEB.png","contentUrl":"https:\/\/castellbaroniapinturas.com.ar\/wp-content\/uploads\/2026\/01\/CASTELL-BARONIA-LOGO-WEB.png","width":768,"height":257,"caption":"Castell Baronia"},"image":{"@id":"https:\/\/castellbaroniapinturas.com.ar\/#\/schema\/logo\/image\/"}}]}},"_links":{"self":[{"href":"https:\/\/castellbaroniapinturas.com.ar\/index.php\/wp-json\/wp\/v2\/product\/1246","targetHints":{"allow":["GET"]}}],"collection":[{"href":"https:\/\/castellbaroniapinturas.com.ar\/index.php\/wp-json\/wp\/v2\/product"}],"about":[{"href":"https:\/\/castellbaroniapinturas.com.ar\/index.php\/wp-json\/wp\/v2\/types\/product"}],"replies":[{"embeddable":true,"href":"https:\/\/castellbaroniapinturas.com.ar\/index.php\/wp-json\/wp\/v2\/comments?post=1246"}],"wp:featuredmedia":[{"embeddable":true,"href":"https:\/\/castellbaroniapinturas.com.ar\/index.php\/wp-json\/wp\/v2\/media\/1266"}],"wp:attachment":[{"href":"https:\/\/castellbaroniapinturas.com.ar\/index.php\/wp-json\/wp\/v2\/media?parent=1246"}],"wp:term":[{"taxonomy":"product_brand","embeddable":true,"href":"https:\/\/castellbaroniapinturas.com.ar\/index.php\/wp-json\/wp\/v2\/product_brand?post=1246"},{"taxonomy":"product_cat","embeddable":true,"href":"https:\/\/castellbaroniapinturas.com.ar\/index.php\/wp-json\/wp\/v2\/product_cat?post=1246"},{"taxonomy":"product_tag","embeddable":true,"href":"https:\/\/castellbaroniapinturas.com.ar\/index.php\/wp-json\/wp\/v2\/product_tag?post=1246"}],"curies":[{"name":"wp","href":"https:\/\/api.w.org\/{rel}","templated":true}]}}