{"id":922,"date":"2026-01-25T01:00:23","date_gmt":"2026-01-25T01:00:23","guid":{"rendered":"https:\/\/castellbaroniapinturas.com.ar\/?post_type=product&#038;p=922"},"modified":"2026-01-25T01:00:51","modified_gmt":"2026-01-25T01:00:51","slug":"pintura-para-piletas-caucho-clorado","status":"publish","type":"product","link":"https:\/\/castellbaroniapinturas.com.ar\/index.php\/producto\/pintura-para-piletas-caucho-clorado\/","title":{"rendered":"Pintura para Piletas \u2013 Caucho Clorado"},"content":{"rendered":"<h2 data-start=\"572\" data-end=\"594\"><span style=\"color: #ff0000;\">DESCRIPCI\u00d3N GENERAL<\/span><\/h2>\n<p data-start=\"596\" data-end=\"1021\">Pintura formulada a base de resinas sint\u00e9ticas y caucho clorado que otorgan a la pel\u00edcula una excelente durabilidad, resistencia a la intemperie y al uso continuo. Su acabado liso y mate evita la adherencia de algas, hongos, moho y suciedad, facilitando la limpieza y el mantenimiento de la pileta.<br data-start=\"894\" data-end=\"897\" \/>Es resistente a los productos recomendados para el tratamiento del agua y apta para aplicaciones en interiores y exteriores.<\/p>\n<hr data-start=\"1023\" data-end=\"1026\" \/>\n<h2 data-start=\"1028\" data-end=\"1056\"><span style=\"color: #ff0000;\">CARACTER\u00cdSTICAS GENERALES<\/span><\/h2>\n<p data-start=\"1058\" data-end=\"1355\">Alta resistencia a la intemperie y al desgaste.<br data-start=\"1105\" data-end=\"1108\" \/>Pel\u00edcula lisa, mate y de f\u00e1cil limpieza.<br data-start=\"1148\" data-end=\"1151\" \/>Evita la adherencia de algas, hongos, moho y suciedad.<br data-start=\"1205\" data-end=\"1208\" \/>R\u00e1pido secado.<br data-start=\"1222\" data-end=\"1225\" \/>Resistente a los productos qu\u00edmicos utilizados en el mantenimiento de piletas.<br data-start=\"1303\" data-end=\"1306\" \/>Sistema tradicional con colores listos para usar.<\/p>\n<hr data-start=\"1357\" data-end=\"1360\" \/>\n<h2 data-start=\"1362\" data-end=\"1382\"><span style=\"color: #ff0000;\">USOS RECOMENDADOS<\/span><\/h2>\n<p data-start=\"1384\" data-end=\"1477\">Protecci\u00f3n y embellecimiento interior y exterior de piletas de nataci\u00f3n.<br data-start=\"1456\" data-end=\"1459\" \/>Superficies aptas:<\/p>\n<ul data-start=\"1478\" data-end=\"1510\">\n<li data-start=\"1478\" data-end=\"1490\">\n<p data-start=\"1480\" data-end=\"1490\">Hormig\u00f3n<\/p>\n<\/li>\n<li data-start=\"1491\" data-end=\"1510\">\n<p data-start=\"1493\" data-end=\"1510\">Cemento alisado<\/p>\n<\/li>\n<\/ul>\n<hr data-start=\"1512\" data-end=\"1515\" \/>\n<h2 data-start=\"1517\" data-end=\"1531\"><span style=\"color: #ff0000;\">COMPOSICI\u00d3N<\/span><\/h2>\n<p data-start=\"1533\" data-end=\"1593\">Soluci\u00f3n de caucho clorado, pigmentos, aditivos y solventes.<\/p>\n<hr data-start=\"1595\" data-end=\"1598\" \/>\n<h2 data-start=\"1600\" data-end=\"1622\"><span style=\"color: #ff0000;\">COLORES DISPONIBLES<\/span><\/h2>\n<p data-start=\"1624\" data-end=\"1791\">Celeste.<br data-start=\"1632\" data-end=\"1635\" \/>Los colores pueden mezclarse entre s\u00ed en cualquier proporci\u00f3n y\/o con entonador universal hasta un m\u00e1ximo de 37,5 cm\u00b3 por litro. Consultar carta de colores.<\/p>\n<hr data-start=\"1793\" data-end=\"1796\" \/>\n<h2 data-start=\"1798\" data-end=\"1808\"><span style=\"color: #ff0000;\">ACABADO<\/span><\/h2>\n<p data-start=\"1810\" data-end=\"1815\">Mate.<\/p>\n<hr data-start=\"1817\" data-end=\"1820\" \/>\n<h2 data-start=\"1822\" data-end=\"1852\"><span style=\"color: #ff0000;\">TIEMPOS DE SECADO (a 25 \u00b0C)<\/span><\/h2>\n<p data-start=\"1854\" data-end=\"1911\">Secado al tacto: 1 hora.<br data-start=\"1878\" data-end=\"1881\" \/>Secado entre manos: 4 horas.<\/p>\n<p data-start=\"1913\" data-end=\"2017\">Luego de finalizada la aplicaci\u00f3n, no llenar la pileta durante 7 d\u00edas para lograr la m\u00e1xima resistencia.<\/p>\n<hr data-start=\"2019\" data-end=\"2022\" \/>\n<h2 data-start=\"2024\" data-end=\"2045\"><span style=\"color: #ff0000;\">MODO DE APLICACI\u00d3N<\/span><\/h2>\n<p data-start=\"2047\" data-end=\"2121\">Aplicar a pincel o rodillo.<br data-start=\"2074\" data-end=\"2077\" \/>Homogeneizar bien el producto antes de usar.<\/p>\n<p data-start=\"2123\" data-end=\"2145\">Se recomienda aplicar:<\/p>\n<ul data-start=\"2146\" data-end=\"2283\">\n<li data-start=\"2146\" data-end=\"2206\">\n<p data-start=\"2148\" data-end=\"2206\">2 a 3 manos del producto, seg\u00fan estado de la superficie.<\/p>\n<\/li>\n<li data-start=\"2207\" data-end=\"2283\">\n<p data-start=\"2209\" data-end=\"2283\">La protecci\u00f3n final estar\u00e1 determinada por el espesor de la pel\u00edcula seca.<\/p>\n<\/li>\n<\/ul>\n<hr data-start=\"2285\" data-end=\"2288\" \/>\n<h2 data-start=\"2290\" data-end=\"2301\"><span style=\"color: #ff0000;\">DILUCI\u00d3N<\/span><\/h2>\n<p data-start=\"2303\" data-end=\"2408\">Diluir \u00fanicamente si es necesario, seg\u00fan el m\u00e9todo de aplicaci\u00f3n.<br data-start=\"2368\" data-end=\"2371\" \/>Tasa de diluci\u00f3n m\u00e1xima: hasta 5 %.<\/p>\n<p data-start=\"2410\" data-end=\"2487\">Diluyente recomendado: Diluyente Especial para productos base Caucho Clorado.<\/p>\n<hr data-start=\"2489\" data-end=\"2492\" \/>\n<h2 data-start=\"2494\" data-end=\"2514\"><span style=\"color: #ff0000;\">CANTIDAD DE MANOS<\/span><\/h2>\n<p data-start=\"2516\" data-end=\"2561\">Aplicar 2 o 3 manos para un resultado \u00f3ptimo.<\/p>\n<hr data-start=\"2563\" data-end=\"2566\" \/>\n<h2 data-start=\"2568\" data-end=\"2582\"><span style=\"color: #ff0000;\">RENDIMIENTO<\/span><\/h2>\n<p data-start=\"2584\" data-end=\"2675\">Rendimiento te\u00f3rico:<br data-start=\"2604\" data-end=\"2607\" \/>10 m\u00b2 por litro y por mano, seg\u00fan superficie y m\u00e9todo de aplicaci\u00f3n.<\/p>\n<hr data-start=\"2677\" data-end=\"2680\" \/>\n<h2 data-start=\"2682\" data-end=\"2707\"><span style=\"color: #ff0000;\">LIMPIEZA DE UTENSILIOS<\/span><\/h2>\n<p data-start=\"2709\" data-end=\"2806\">Los elementos de aplicaci\u00f3n se limpian con Diluyente Especial para productos base Caucho Clorado.<\/p>\n<hr data-start=\"2808\" data-end=\"2811\" \/>\n<h2 data-start=\"2813\" data-end=\"2830\"><span style=\"color: #ff0000;\">PRESENTACIONES<\/span><\/h2>\n<p data-start=\"2832\" data-end=\"2840\">Celeste:<\/p>\n<ul data-start=\"2841\" data-end=\"2865\">\n<li data-start=\"2841\" data-end=\"2852\">\n<p data-start=\"2843\" data-end=\"2852\">1 litro<\/p>\n<\/li>\n<li data-start=\"2853\" data-end=\"2865\">\n<p data-start=\"2855\" data-end=\"2865\">4 litros<\/p>\n<\/li>\n<\/ul>\n<hr data-start=\"2867\" data-end=\"2870\" \/>\n<h2 data-start=\"2872\" data-end=\"2903\"><span style=\"color: #ff0000;\">PREPARACI\u00d3N DE LA SUPERFICIE<\/span><\/h2>\n<p data-start=\"2905\" data-end=\"2988\">La superficie debe estar limpia, seca y libre de grasitud, \u00f3xido, polvo y suciedad.<\/p>\n<h3 data-start=\"2990\" data-end=\"3012\">Superficies nuevas<\/h3>\n<p data-start=\"3013\" data-end=\"3342\">Mantener la pileta llena de agua durante los dos primeros meses de construida.<br data-start=\"3091\" data-end=\"3094\" \/>Eliminar desencofrantes.<br data-start=\"3118\" data-end=\"3121\" \/>En superficies muy lisas, tratar con una soluci\u00f3n de una parte de \u00e1cido clorh\u00eddrico (muri\u00e1tico) diluida en tres partes de agua. Enjuagar cuidadosamente y dejar secar.<br data-start=\"3287\" data-end=\"3290\" \/>Utilizar guantes impermeables y gafas de protecci\u00f3n.<\/p>\n<h3 data-start=\"3344\" data-end=\"3386\">Superficies con pintura en buen estado<\/h3>\n<p data-start=\"3387\" data-end=\"3448\">Lijar suavemente, eliminar el polvillo y aplicar el producto.<\/p>\n<h3 data-start=\"3450\" data-end=\"3489\">Superficies con pintura deteriorada<\/h3>\n<p data-start=\"3490\" data-end=\"3756\">Remover totalmente la pintura a la cal y partes flojas mediante hidroarenado u otro m\u00e9todo adecuado.<br data-start=\"3590\" data-end=\"3593\" \/>Lijar hasta obtener una superficie pareja.<br data-start=\"3635\" data-end=\"3638\" \/>Aplicar como fondo una mano del producto diluido con un 30 % de Diluyente Especial para productos base Caucho Clorado.<\/p>\n<hr data-start=\"3758\" data-end=\"3761\" \/>\n<h2 data-start=\"3763\" data-end=\"3791\"><span style=\"color: #ff0000;\">INSTRUCCIONES IMPORTANTES<\/span><\/h2>\n<p data-start=\"3793\" data-end=\"4279\">No utilizar fondos, fijadores ni enduidos.<br data-start=\"3835\" data-end=\"3838\" \/>Si es necesario, aplicar una primera mano como fondo diluida en proporci\u00f3n 2:1 con el Diluyente Especial para productos base Caucho Clorado.<br data-start=\"3978\" data-end=\"3981\" \/>Aplicar las manos finales sin diluir o con m\u00ednima diluci\u00f3n.<br data-start=\"4040\" data-end=\"4043\" \/>No aplicar sobre superficies h\u00famedas ni con temperaturas inferiores a 10 \u00b0C o superiores a 32 \u00b0C.<br data-start=\"4140\" data-end=\"4143\" \/>No pintar con roc\u00edo, a pleno sol o con pron\u00f3stico de lluvia dentro de las 12 horas posteriores.<br data-start=\"4238\" data-end=\"4241\" \/>Trabajar en ambientes bien ventilados.<\/p>\n<hr data-start=\"4281\" data-end=\"4284\" \/>\n<h2 data-start=\"4286\" data-end=\"4302\"><span style=\"color: #ff0000;\">MANTENIMIENTO<\/span><\/h2>\n<p data-start=\"4304\" data-end=\"4381\">Se recomienda reaplicar el producto cuando se observen s\u00edntomas de deterioro.<\/p>\n<hr data-start=\"4383\" data-end=\"4386\" \/>\n<h2 data-start=\"4388\" data-end=\"4417\"><span style=\"color: #ff0000;\">SEGURIDAD Y MEDIO AMBIENTE<\/span><\/h2>\n<p data-start=\"4419\" data-end=\"4780\">Mantener fuera del alcance de los ni\u00f1os y animales.<br data-start=\"4470\" data-end=\"4473\" \/>No ingerir ni inhalar vapores.<br data-start=\"4503\" data-end=\"4506\" \/>Evitar el contacto con piel y ojos.<br data-start=\"4541\" data-end=\"4544\" \/>Mantener alejado de llamas, calor y fuentes de ignici\u00f3n.<br data-start=\"4600\" data-end=\"4603\" \/>No arrojar el envase al fuego ni a cursos de agua.<br data-start=\"4653\" data-end=\"4656\" \/>Trabajar en ambientes ventilados.<br data-start=\"4689\" data-end=\"4692\" \/>Utilizar protecci\u00f3n ocular, guantes y m\u00e1scara para vapores org\u00e1nicos cuando corresponda.<\/p>\n","protected":false},"excerpt":{"rendered":"<p>Pintura especial a base de caucho clorado, de gran durabilidad y resistencia, ideal para la protecci\u00f3n y embellecimiento interior y exterior de piletas de nataci\u00f3n. Forma una pel\u00edcula lisa, mate y de f\u00e1cil limpieza, resistente al uso y a los productos qu\u00edmicos del agua.<\/p>\n","protected":false},"featured_media":923,"comment_status":"open","ping_status":"closed","template":"","meta":{"site-sidebar-layout":"default","site-content-layout":"","ast-site-content-layout":"default","site-content-style":"default","site-sidebar-style":"default","ast-global-header-display":"","ast-banner-title-visibility":"","ast-main-header-display":"","ast-hfb-above-header-display":"","ast-hfb-below-header-display":"","ast-hfb-mobile-header-display":"","site-post-title":"","ast-breadcrumbs-content":"","ast-featured-img":"","footer-sml-layout":"","ast-disable-related-posts":"","theme-transparent-header-meta":"default","adv-header-id-meta":"","stick-header-meta":"","header-above-stick-meta":"","header-main-stick-meta":"","header-below-stick-meta":"","astra-migrate-meta-layouts":"set","ast-page-background-enabled":"default","ast-page-background-meta":{"desktop":{"background-color":"var(--ast-global-color-4)","background-image":"","background-repeat":"repeat","background-position":"center center","background-size":"auto","background-attachment":"scroll","background-type":"","background-media":"","overlay-type":"","overlay-color":"","overlay-opacity":"","overlay-gradient":""},"tablet":{"background-color":"","background-image":"","background-repeat":"repeat","background-position":"center center","background-size":"auto","background-attachment":"scroll","background-type":"","background-media":"","overlay-type":"","overlay-color":"","overlay-opacity":"","overlay-gradient":""},"mobile":{"background-color":"","background-image":"","background-repeat":"repeat","background-position":"center center","background-size":"auto","background-attachment":"scroll","background-type":"","background-media":"","overlay-type":"","overlay-color":"","overlay-opacity":"","overlay-gradient":""}},"ast-content-background-meta":{"desktop":{"background-color":"var(--ast-global-color-5)","background-image":"","background-repeat":"repeat","background-position":"center center","background-size":"auto","background-attachment":"scroll","background-type":"","background-media":"","overlay-type":"","overlay-color":"","overlay-opacity":"","overlay-gradient":""},"tablet":{"background-color":"var(--ast-global-color-5)","background-image":"","background-repeat":"repeat","background-position":"center center","background-size":"auto","background-attachment":"scroll","background-type":"","background-media":"","overlay-type":"","overlay-color":"","overlay-opacity":"","overlay-gradient":""},"mobile":{"background-color":"var(--ast-global-color-5)","background-image":"","background-repeat":"repeat","background-position":"center center","background-size":"auto","background-attachment":"scroll","background-type":"","background-media":"","overlay-type":"","overlay-color":"","overlay-opacity":"","overlay-gradient":""}},"_joinchat":[]},"product_brand":[],"product_cat":[26],"product_tag":[],"class_list":{"0":"post-922","1":"product","2":"type-product","3":"status-publish","4":"has-post-thumbnail","6":"product_cat-pinturas-especiales","7":"desktop-align-left","8":"tablet-align-left","9":"mobile-align-left","11":"first","12":"instock","13":"shipping-taxable","14":"product-type-simple"},"yoast_head":"<!-- This site is optimized with the Yoast SEO plugin v26.8 - https:\/\/yoast.com\/product\/yoast-seo-wordpress\/ -->\n<title>Pintura para Piletas \u2013 Caucho Clorado - Castell Baronia<\/title>\n<meta name=\"description\" content=\"Pintura especial a base de caucho clorado, de gran durabilidad y resistencia, ideal para la protecci\u00f3n y embellecimiento interior y exterior de piletas de nataci\u00f3n. Forma una pel\u00edcula lisa, mate y de f\u00e1cil limpieza, resistente al uso y a los productos qu\u00edmicos del agua.\" \/>\n<meta name=\"robots\" content=\"index, follow, max-snippet:-1, max-image-preview:large, max-video-preview:-1\" \/>\n<link rel=\"canonical\" href=\"https:\/\/castellbaroniapinturas.com.ar\/index.php\/producto\/pintura-para-piletas-caucho-clorado\/\" \/>\n<meta property=\"og:locale\" content=\"es_ES\" \/>\n<meta property=\"og:type\" content=\"article\" \/>\n<meta property=\"og:title\" content=\"Pintura para Piletas \u2013 Caucho Clorado - Castell Baronia\" \/>\n<meta property=\"og:description\" content=\"Pintura especial a base de caucho clorado, de gran durabilidad y resistencia, ideal para la protecci\u00f3n y embellecimiento interior y exterior de piletas de nataci\u00f3n. Forma una pel\u00edcula lisa, mate y de f\u00e1cil limpieza, resistente al uso y a los productos qu\u00edmicos del agua.\" \/>\n<meta property=\"og:url\" content=\"https:\/\/castellbaroniapinturas.com.ar\/index.php\/producto\/pintura-para-piletas-caucho-clorado\/\" \/>\n<meta property=\"og:site_name\" content=\"Castell Baronia\" \/>\n<meta property=\"article:modified_time\" content=\"2026-01-25T01:00:51+00:00\" \/>\n<meta property=\"og:image\" content=\"http:\/\/castellbaroniapinturas.com.ar\/wp-content\/uploads\/2026\/01\/03.jpg\" \/>\n\t<meta property=\"og:image:width\" content=\"700\" \/>\n\t<meta property=\"og:image:height\" content=\"700\" \/>\n\t<meta property=\"og:image:type\" content=\"image\/jpeg\" \/>\n<meta name=\"twitter:card\" content=\"summary_large_image\" \/>\n<meta name=\"twitter:label1\" content=\"Tiempo de lectura\" \/>\n\t<meta name=\"twitter:data1\" content=\"3 minutos\" \/>\n<script type=\"application\/ld+json\" class=\"yoast-schema-graph\">{\"@context\":\"https:\/\/schema.org\",\"@graph\":[{\"@type\":\"WebPage\",\"@id\":\"https:\/\/castellbaroniapinturas.com.ar\/index.php\/producto\/pintura-para-piletas-caucho-clorado\/\",\"url\":\"https:\/\/castellbaroniapinturas.com.ar\/index.php\/producto\/pintura-para-piletas-caucho-clorado\/\",\"name\":\"Pintura para Piletas \u2013 Caucho Clorado - Castell Baronia\",\"isPartOf\":{\"@id\":\"https:\/\/castellbaroniapinturas.com.ar\/#website\"},\"primaryImageOfPage\":{\"@id\":\"https:\/\/castellbaroniapinturas.com.ar\/index.php\/producto\/pintura-para-piletas-caucho-clorado\/#primaryimage\"},\"image\":{\"@id\":\"https:\/\/castellbaroniapinturas.com.ar\/index.php\/producto\/pintura-para-piletas-caucho-clorado\/#primaryimage\"},\"thumbnailUrl\":\"https:\/\/castellbaroniapinturas.com.ar\/wp-content\/uploads\/2026\/01\/03.jpg\",\"datePublished\":\"2026-01-25T01:00:23+00:00\",\"dateModified\":\"2026-01-25T01:00:51+00:00\",\"description\":\"Pintura especial a base de caucho clorado, de gran durabilidad y resistencia, ideal para la protecci\u00f3n y embellecimiento interior y exterior de piletas de nataci\u00f3n. Forma una pel\u00edcula lisa, mate y de f\u00e1cil limpieza, resistente al uso y a los productos qu\u00edmicos del agua.\",\"breadcrumb\":{\"@id\":\"https:\/\/castellbaroniapinturas.com.ar\/index.php\/producto\/pintura-para-piletas-caucho-clorado\/#breadcrumb\"},\"inLanguage\":\"es\",\"potentialAction\":[{\"@type\":\"ReadAction\",\"target\":[\"https:\/\/castellbaroniapinturas.com.ar\/index.php\/producto\/pintura-para-piletas-caucho-clorado\/\"]}]},{\"@type\":\"ImageObject\",\"inLanguage\":\"es\",\"@id\":\"https:\/\/castellbaroniapinturas.com.ar\/index.php\/producto\/pintura-para-piletas-caucho-clorado\/#primaryimage\",\"url\":\"https:\/\/castellbaroniapinturas.com.ar\/wp-content\/uploads\/2026\/01\/03.jpg\",\"contentUrl\":\"https:\/\/castellbaroniapinturas.com.ar\/wp-content\/uploads\/2026\/01\/03.jpg\",\"width\":700,\"height\":700},{\"@type\":\"BreadcrumbList\",\"@id\":\"https:\/\/castellbaroniapinturas.com.ar\/index.php\/producto\/pintura-para-piletas-caucho-clorado\/#breadcrumb\",\"itemListElement\":[{\"@type\":\"ListItem\",\"position\":1,\"name\":\"Portada\",\"item\":\"https:\/\/castellbaroniapinturas.com.ar\/\"},{\"@type\":\"ListItem\",\"position\":2,\"name\":\"Tienda\",\"item\":\"https:\/\/castellbaroniapinturas.com.ar\/index.php\/tienda\/\"},{\"@type\":\"ListItem\",\"position\":3,\"name\":\"Pintura para Piletas \u2013 Caucho Clorado\"}]},{\"@type\":\"WebSite\",\"@id\":\"https:\/\/castellbaroniapinturas.com.ar\/#website\",\"url\":\"https:\/\/castellbaroniapinturas.com.ar\/\",\"name\":\"Castell Baronia\",\"description\":\"Castell Baronia Pinturas. Marca argentina con 60 a\u00f1os de experiencia en pinturas y revestimientos de calidad profesional para obras, pinturer\u00edas y proyectos.\",\"publisher\":{\"@id\":\"https:\/\/castellbaroniapinturas.com.ar\/#organization\"},\"potentialAction\":[{\"@type\":\"SearchAction\",\"target\":{\"@type\":\"EntryPoint\",\"urlTemplate\":\"https:\/\/castellbaroniapinturas.com.ar\/?s={search_term_string}\"},\"query-input\":{\"@type\":\"PropertyValueSpecification\",\"valueRequired\":true,\"valueName\":\"search_term_string\"}}],\"inLanguage\":\"es\"},{\"@type\":\"Organization\",\"@id\":\"https:\/\/castellbaroniapinturas.com.ar\/#organization\",\"name\":\"Castell Baronia\",\"url\":\"https:\/\/castellbaroniapinturas.com.ar\/\",\"logo\":{\"@type\":\"ImageObject\",\"inLanguage\":\"es\",\"@id\":\"https:\/\/castellbaroniapinturas.com.ar\/#\/schema\/logo\/image\/\",\"url\":\"https:\/\/castellbaroniapinturas.com.ar\/wp-content\/uploads\/2026\/01\/CASTELL-BARONIA-LOGO-WEB.png\",\"contentUrl\":\"https:\/\/castellbaroniapinturas.com.ar\/wp-content\/uploads\/2026\/01\/CASTELL-BARONIA-LOGO-WEB.png\",\"width\":768,\"height\":257,\"caption\":\"Castell Baronia\"},\"image\":{\"@id\":\"https:\/\/castellbaroniapinturas.com.ar\/#\/schema\/logo\/image\/\"}}]}<\/script>\n<!-- \/ Yoast SEO plugin. -->","yoast_head_json":{"title":"Pintura para Piletas \u2013 Caucho Clorado - Castell Baronia","description":"Pintura especial a base de caucho clorado, de gran durabilidad y resistencia, ideal para la protecci\u00f3n y embellecimiento interior y exterior de piletas de nataci\u00f3n. Forma una pel\u00edcula lisa, mate y de f\u00e1cil limpieza, resistente al uso y a los productos qu\u00edmicos del agua.","robots":{"index":"index","follow":"follow","max-snippet":"max-snippet:-1","max-image-preview":"max-image-preview:large","max-video-preview":"max-video-preview:-1"},"canonical":"https:\/\/castellbaroniapinturas.com.ar\/index.php\/producto\/pintura-para-piletas-caucho-clorado\/","og_locale":"es_ES","og_type":"article","og_title":"Pintura para Piletas \u2013 Caucho Clorado - Castell Baronia","og_description":"Pintura especial a base de caucho clorado, de gran durabilidad y resistencia, ideal para la protecci\u00f3n y embellecimiento interior y exterior de piletas de nataci\u00f3n. Forma una pel\u00edcula lisa, mate y de f\u00e1cil limpieza, resistente al uso y a los productos qu\u00edmicos del agua.","og_url":"https:\/\/castellbaroniapinturas.com.ar\/index.php\/producto\/pintura-para-piletas-caucho-clorado\/","og_site_name":"Castell Baronia","article_modified_time":"2026-01-25T01:00:51+00:00","og_image":[{"width":700,"height":700,"url":"http:\/\/castellbaroniapinturas.com.ar\/wp-content\/uploads\/2026\/01\/03.jpg","type":"image\/jpeg"}],"twitter_card":"summary_large_image","twitter_misc":{"Tiempo de lectura":"3 minutos"},"schema":{"@context":"https:\/\/schema.org","@graph":[{"@type":"WebPage","@id":"https:\/\/castellbaroniapinturas.com.ar\/index.php\/producto\/pintura-para-piletas-caucho-clorado\/","url":"https:\/\/castellbaroniapinturas.com.ar\/index.php\/producto\/pintura-para-piletas-caucho-clorado\/","name":"Pintura para Piletas \u2013 Caucho Clorado - Castell Baronia","isPartOf":{"@id":"https:\/\/castellbaroniapinturas.com.ar\/#website"},"primaryImageOfPage":{"@id":"https:\/\/castellbaroniapinturas.com.ar\/index.php\/producto\/pintura-para-piletas-caucho-clorado\/#primaryimage"},"image":{"@id":"https:\/\/castellbaroniapinturas.com.ar\/index.php\/producto\/pintura-para-piletas-caucho-clorado\/#primaryimage"},"thumbnailUrl":"https:\/\/castellbaroniapinturas.com.ar\/wp-content\/uploads\/2026\/01\/03.jpg","datePublished":"2026-01-25T01:00:23+00:00","dateModified":"2026-01-25T01:00:51+00:00","description":"Pintura especial a base de caucho clorado, de gran durabilidad y resistencia, ideal para la protecci\u00f3n y embellecimiento interior y exterior de piletas de nataci\u00f3n. Forma una pel\u00edcula lisa, mate y de f\u00e1cil limpieza, resistente al uso y a los productos qu\u00edmicos del agua.","breadcrumb":{"@id":"https:\/\/castellbaroniapinturas.com.ar\/index.php\/producto\/pintura-para-piletas-caucho-clorado\/#breadcrumb"},"inLanguage":"es","potentialAction":[{"@type":"ReadAction","target":["https:\/\/castellbaroniapinturas.com.ar\/index.php\/producto\/pintura-para-piletas-caucho-clorado\/"]}]},{"@type":"ImageObject","inLanguage":"es","@id":"https:\/\/castellbaroniapinturas.com.ar\/index.php\/producto\/pintura-para-piletas-caucho-clorado\/#primaryimage","url":"https:\/\/castellbaroniapinturas.com.ar\/wp-content\/uploads\/2026\/01\/03.jpg","contentUrl":"https:\/\/castellbaroniapinturas.com.ar\/wp-content\/uploads\/2026\/01\/03.jpg","width":700,"height":700},{"@type":"BreadcrumbList","@id":"https:\/\/castellbaroniapinturas.com.ar\/index.php\/producto\/pintura-para-piletas-caucho-clorado\/#breadcrumb","itemListElement":[{"@type":"ListItem","position":1,"name":"Portada","item":"https:\/\/castellbaroniapinturas.com.ar\/"},{"@type":"ListItem","position":2,"name":"Tienda","item":"https:\/\/castellbaroniapinturas.com.ar\/index.php\/tienda\/"},{"@type":"ListItem","position":3,"name":"Pintura para Piletas \u2013 Caucho Clorado"}]},{"@type":"WebSite","@id":"https:\/\/castellbaroniapinturas.com.ar\/#website","url":"https:\/\/castellbaroniapinturas.com.ar\/","name":"Castell Baronia","description":"Castell Baronia Pinturas. Marca argentina con 60 a\u00f1os de experiencia en pinturas y revestimientos de calidad profesional para obras, pinturer\u00edas y proyectos.","publisher":{"@id":"https:\/\/castellbaroniapinturas.com.ar\/#organization"},"potentialAction":[{"@type":"SearchAction","target":{"@type":"EntryPoint","urlTemplate":"https:\/\/castellbaroniapinturas.com.ar\/?s={search_term_string}"},"query-input":{"@type":"PropertyValueSpecification","valueRequired":true,"valueName":"search_term_string"}}],"inLanguage":"es"},{"@type":"Organization","@id":"https:\/\/castellbaroniapinturas.com.ar\/#organization","name":"Castell Baronia","url":"https:\/\/castellbaroniapinturas.com.ar\/","logo":{"@type":"ImageObject","inLanguage":"es","@id":"https:\/\/castellbaroniapinturas.com.ar\/#\/schema\/logo\/image\/","url":"https:\/\/castellbaroniapinturas.com.ar\/wp-content\/uploads\/2026\/01\/CASTELL-BARONIA-LOGO-WEB.png","contentUrl":"https:\/\/castellbaroniapinturas.com.ar\/wp-content\/uploads\/2026\/01\/CASTELL-BARONIA-LOGO-WEB.png","width":768,"height":257,"caption":"Castell Baronia"},"image":{"@id":"https:\/\/castellbaroniapinturas.com.ar\/#\/schema\/logo\/image\/"}}]}},"_links":{"self":[{"href":"https:\/\/castellbaroniapinturas.com.ar\/index.php\/wp-json\/wp\/v2\/product\/922","targetHints":{"allow":["GET"]}}],"collection":[{"href":"https:\/\/castellbaroniapinturas.com.ar\/index.php\/wp-json\/wp\/v2\/product"}],"about":[{"href":"https:\/\/castellbaroniapinturas.com.ar\/index.php\/wp-json\/wp\/v2\/types\/product"}],"replies":[{"embeddable":true,"href":"https:\/\/castellbaroniapinturas.com.ar\/index.php\/wp-json\/wp\/v2\/comments?post=922"}],"wp:featuredmedia":[{"embeddable":true,"href":"https:\/\/castellbaroniapinturas.com.ar\/index.php\/wp-json\/wp\/v2\/media\/923"}],"wp:attachment":[{"href":"https:\/\/castellbaroniapinturas.com.ar\/index.php\/wp-json\/wp\/v2\/media?parent=922"}],"wp:term":[{"taxonomy":"product_brand","embeddable":true,"href":"https:\/\/castellbaroniapinturas.com.ar\/index.php\/wp-json\/wp\/v2\/product_brand?post=922"},{"taxonomy":"product_cat","embeddable":true,"href":"https:\/\/castellbaroniapinturas.com.ar\/index.php\/wp-json\/wp\/v2\/product_cat?post=922"},{"taxonomy":"product_tag","embeddable":true,"href":"https:\/\/castellbaroniapinturas.com.ar\/index.php\/wp-json\/wp\/v2\/product_tag?post=922"}],"curies":[{"name":"wp","href":"https:\/\/api.w.org\/{rel}","templated":true}]}}