{"id":931,"date":"2026-01-25T03:24:57","date_gmt":"2026-01-25T03:24:57","guid":{"rendered":"https:\/\/castellbaroniapinturas.com.ar\/?post_type=product&#038;p=931"},"modified":"2026-01-25T03:24:57","modified_gmt":"2026-01-25T03:24:57","slug":"membrana-liquida-poliuretanica","status":"publish","type":"product","link":"https:\/\/castellbaroniapinturas.com.ar\/index.php\/producto\/membrana-liquida-poliuretanica\/","title":{"rendered":"Membrana l\u00edquida Poliuret\u00e1nica"},"content":{"rendered":"<h3 data-start=\"423\" data-end=\"455\"><span style=\"color: #ff0000;\"><strong data-start=\"427\" data-end=\"455\">Descripci\u00f3n del producto<\/strong><\/span><\/h3>\n<p data-start=\"456\" data-end=\"768\">Recubrimiento elaborado a base de poliuretano en dispersi\u00f3n acuosa que proporciona un sistema impermeable y transitable. Brinda protecci\u00f3n de larga vida \u00fatil gracias a su tecnolog\u00eda poliuret\u00e1nica. Producto at\u00e9rmico, de excelente adherencia y f\u00e1cil aplicaci\u00f3n sobre losas, revoques, ladrillos y otras superficies.<\/p>\n<hr data-start=\"770\" data-end=\"773\" \/>\n<h3 data-start=\"775\" data-end=\"795\"><span style=\"color: #ff0000;\"><strong data-start=\"779\" data-end=\"795\">Aplicaciones<\/strong><\/span><\/h3>\n<ul data-start=\"796\" data-end=\"960\">\n<li data-start=\"796\" data-end=\"851\">\n<p data-start=\"798\" data-end=\"851\">Impermeabilizaci\u00f3n de techos con pendiente adecuada<\/p>\n<\/li>\n<li data-start=\"852\" data-end=\"885\">\n<p data-start=\"854\" data-end=\"885\">Terrazas y losas transitables<\/p>\n<\/li>\n<li data-start=\"886\" data-end=\"922\">\n<p data-start=\"888\" data-end=\"922\">Revoques y superficies expuestas<\/p>\n<\/li>\n<li data-start=\"923\" data-end=\"960\">\n<p data-start=\"925\" data-end=\"960\">Mantenimiento y protecci\u00f3n exterior<\/p>\n<\/li>\n<\/ul>\n<hr data-start=\"962\" data-end=\"965\" \/>\n<h3 data-start=\"967\" data-end=\"1002\"><span style=\"color: #ff0000;\"><strong data-start=\"971\" data-end=\"1002\">Caracter\u00edsticas principales<\/strong><\/span><\/h3>\n<ul data-start=\"1003\" data-end=\"1168\">\n<li data-start=\"1003\" data-end=\"1032\">\n<p data-start=\"1005\" data-end=\"1032\">Impermeable y transitable<\/p>\n<\/li>\n<li data-start=\"1033\" data-end=\"1081\">\n<p data-start=\"1035\" data-end=\"1081\">Tecnolog\u00eda poliuret\u00e1nica de alta resistencia<\/p>\n<\/li>\n<li data-start=\"1082\" data-end=\"1103\">\n<p data-start=\"1084\" data-end=\"1103\">Producto at\u00e9rmico<\/p>\n<\/li>\n<li data-start=\"1104\" data-end=\"1124\">\n<p data-start=\"1106\" data-end=\"1124\">F\u00e1cil aplicaci\u00f3n<\/p>\n<\/li>\n<li data-start=\"1125\" data-end=\"1145\">\n<p data-start=\"1127\" data-end=\"1145\">Alta durabilidad<\/p>\n<\/li>\n<li data-start=\"1146\" data-end=\"1168\">\n<p data-start=\"1148\" data-end=\"1168\">Excelente adherencia<\/p>\n<\/li>\n<\/ul>\n<hr data-start=\"1170\" data-end=\"1173\" \/>\n<h3 data-start=\"1175\" data-end=\"1194\"><span style=\"color: #ff0000;\"><strong data-start=\"1179\" data-end=\"1194\">Rendimiento<\/strong><\/span><\/h3>\n<ul data-start=\"1195\" data-end=\"1404\">\n<li data-start=\"1195\" data-end=\"1262\">\n<p data-start=\"1197\" data-end=\"1262\">Consumo aproximado: <strong data-start=\"1217\" data-end=\"1239\">1 a 1,25 kg por m\u00b2<\/strong> en trabajo terminado<\/p>\n<\/li>\n<li data-start=\"1263\" data-end=\"1302\">\n<p data-start=\"1265\" data-end=\"1302\">Aplicaci\u00f3n recomendada: <strong data-start=\"1289\" data-end=\"1300\">4 manos<\/strong><\/p>\n<\/li>\n<li data-start=\"1303\" data-end=\"1404\">\n<p data-start=\"1305\" data-end=\"1404\">Rendimiento estimado: <strong data-start=\"1327\" data-end=\"1358\">4 a 6 m\u00b2 por litro por mano<\/strong>, seg\u00fan rugosidad y absorci\u00f3n de la superficie<\/p>\n<\/li>\n<\/ul>\n<hr data-start=\"1406\" data-end=\"1409\" \/>\n<h3 data-start=\"1411\" data-end=\"1438\"><span style=\"color: #ff0000;\"><strong data-start=\"1415\" data-end=\"1438\">Colores disponibles<\/strong><\/span><\/h3>\n<p data-start=\"1439\" data-end=\"1495\">verde cemento \u00b7 gris oscuro \u00b7 rojo teja \u00b7 blanco \u00b7 negro<\/p>\n<hr data-start=\"1497\" data-end=\"1500\" \/>\n<h3 data-start=\"1502\" data-end=\"1528\"><span style=\"color: #ff0000;\"><strong data-start=\"1506\" data-end=\"1528\">Modo de aplicaci\u00f3n<\/strong><\/span><\/h3>\n<p data-start=\"1529\" data-end=\"1683\">Aplicar con rodillo, pincel o llana, respetando los tiempos de secado entre manos. La superficie debe estar limpia, seca y libre de polvo o contaminantes.<\/p>\n","protected":false},"excerpt":{"rendered":"<p>Membrana l\u00edquida poliuret\u00e1nica en base acuosa, de alta impermeabilidad y transitable. Ideal para techos con pendiente, ofrece gran durabilidad, f\u00e1cil aplicaci\u00f3n y excelente resistencia a la intemperie.<\/p>\n","protected":false},"featured_media":932,"comment_status":"open","ping_status":"closed","template":"","meta":{"site-sidebar-layout":"default","site-content-layout":"","ast-site-content-layout":"default","site-content-style":"default","site-sidebar-style":"default","ast-global-header-display":"","ast-banner-title-visibility":"","ast-main-header-display":"","ast-hfb-above-header-display":"","ast-hfb-below-header-display":"","ast-hfb-mobile-header-display":"","site-post-title":"","ast-breadcrumbs-content":"","ast-featured-img":"","footer-sml-layout":"","ast-disable-related-posts":"","theme-transparent-header-meta":"default","adv-header-id-meta":"","stick-header-meta":"","header-above-stick-meta":"","header-main-stick-meta":"","header-below-stick-meta":"","astra-migrate-meta-layouts":"set","ast-page-background-enabled":"default","ast-page-background-meta":{"desktop":{"background-color":"var(--ast-global-color-4)","background-image":"","background-repeat":"repeat","background-position":"center center","background-size":"auto","background-attachment":"scroll","background-type":"","background-media":"","overlay-type":"","overlay-color":"","overlay-opacity":"","overlay-gradient":""},"tablet":{"background-color":"","background-image":"","background-repeat":"repeat","background-position":"center center","background-size":"auto","background-attachment":"scroll","background-type":"","background-media":"","overlay-type":"","overlay-color":"","overlay-opacity":"","overlay-gradient":""},"mobile":{"background-color":"","background-image":"","background-repeat":"repeat","background-position":"center center","background-size":"auto","background-attachment":"scroll","background-type":"","background-media":"","overlay-type":"","overlay-color":"","overlay-opacity":"","overlay-gradient":""}},"ast-content-background-meta":{"desktop":{"background-color":"var(--ast-global-color-5)","background-image":"","background-repeat":"repeat","background-position":"center center","background-size":"auto","background-attachment":"scroll","background-type":"","background-media":"","overlay-type":"","overlay-color":"","overlay-opacity":"","overlay-gradient":""},"tablet":{"background-color":"var(--ast-global-color-5)","background-image":"","background-repeat":"repeat","background-position":"center center","background-size":"auto","background-attachment":"scroll","background-type":"","background-media":"","overlay-type":"","overlay-color":"","overlay-opacity":"","overlay-gradient":""},"mobile":{"background-color":"var(--ast-global-color-5)","background-image":"","background-repeat":"repeat","background-position":"center center","background-size":"auto","background-attachment":"scroll","background-type":"","background-media":"","overlay-type":"","overlay-color":"","overlay-opacity":"","overlay-gradient":""}},"_joinchat":[]},"product_brand":[31],"product_cat":[23],"product_tag":[],"class_list":{"0":"post-931","1":"product","2":"type-product","3":"status-publish","4":"has-post-thumbnail","6":"product_brand-potenza","7":"product_cat-impermeabilizantes","8":"desktop-align-left","9":"tablet-align-left","10":"mobile-align-left","12":"first","13":"instock","14":"shipping-taxable","15":"product-type-simple"},"yoast_head":"<!-- This site is optimized with the Yoast SEO plugin v26.8 - https:\/\/yoast.com\/product\/yoast-seo-wordpress\/ -->\n<title>Membrana l\u00edquida Poliuret\u00e1nica - Castell Baronia<\/title>\n<meta name=\"description\" content=\"Membrana l\u00edquida poliuret\u00e1nica en base acuosa, de alta impermeabilidad y transitable. Ideal para techos con pendiente, ofrece gran durabilidad, f\u00e1cil aplicaci\u00f3n y excelente resistencia a la intemperie.\" \/>\n<meta name=\"robots\" content=\"index, follow, max-snippet:-1, max-image-preview:large, max-video-preview:-1\" \/>\n<link rel=\"canonical\" href=\"https:\/\/castellbaroniapinturas.com.ar\/index.php\/producto\/membrana-liquida-poliuretanica\/\" \/>\n<meta property=\"og:locale\" content=\"es_ES\" \/>\n<meta property=\"og:type\" content=\"article\" \/>\n<meta property=\"og:title\" content=\"Membrana l\u00edquida Poliuret\u00e1nica - Castell Baronia\" \/>\n<meta property=\"og:description\" content=\"Membrana l\u00edquida poliuret\u00e1nica en base acuosa, de alta impermeabilidad y transitable. Ideal para techos con pendiente, ofrece gran durabilidad, f\u00e1cil aplicaci\u00f3n y excelente resistencia a la intemperie.\" \/>\n<meta property=\"og:url\" content=\"https:\/\/castellbaroniapinturas.com.ar\/index.php\/producto\/membrana-liquida-poliuretanica\/\" \/>\n<meta property=\"og:site_name\" content=\"Castell Baronia\" \/>\n<meta property=\"og:image\" content=\"http:\/\/castellbaroniapinturas.com.ar\/wp-content\/uploads\/2026\/01\/7.jpg\" \/>\n\t<meta property=\"og:image:width\" content=\"700\" \/>\n\t<meta property=\"og:image:height\" content=\"700\" \/>\n\t<meta property=\"og:image:type\" content=\"image\/jpeg\" \/>\n<meta name=\"twitter:card\" content=\"summary_large_image\" \/>\n<meta name=\"twitter:label1\" content=\"Tiempo de lectura\" \/>\n\t<meta name=\"twitter:data1\" content=\"1 minuto\" \/>\n<script type=\"application\/ld+json\" class=\"yoast-schema-graph\">{\"@context\":\"https:\/\/schema.org\",\"@graph\":[{\"@type\":\"WebPage\",\"@id\":\"https:\/\/castellbaroniapinturas.com.ar\/index.php\/producto\/membrana-liquida-poliuretanica\/\",\"url\":\"https:\/\/castellbaroniapinturas.com.ar\/index.php\/producto\/membrana-liquida-poliuretanica\/\",\"name\":\"Membrana l\u00edquida Poliuret\u00e1nica - Castell Baronia\",\"isPartOf\":{\"@id\":\"https:\/\/castellbaroniapinturas.com.ar\/#website\"},\"primaryImageOfPage\":{\"@id\":\"https:\/\/castellbaroniapinturas.com.ar\/index.php\/producto\/membrana-liquida-poliuretanica\/#primaryimage\"},\"image\":{\"@id\":\"https:\/\/castellbaroniapinturas.com.ar\/index.php\/producto\/membrana-liquida-poliuretanica\/#primaryimage\"},\"thumbnailUrl\":\"https:\/\/castellbaroniapinturas.com.ar\/wp-content\/uploads\/2026\/01\/7.jpg\",\"datePublished\":\"2026-01-25T03:24:57+00:00\",\"description\":\"Membrana l\u00edquida poliuret\u00e1nica en base acuosa, de alta impermeabilidad y transitable. Ideal para techos con pendiente, ofrece gran durabilidad, f\u00e1cil aplicaci\u00f3n y excelente resistencia a la intemperie.\",\"breadcrumb\":{\"@id\":\"https:\/\/castellbaroniapinturas.com.ar\/index.php\/producto\/membrana-liquida-poliuretanica\/#breadcrumb\"},\"inLanguage\":\"es\",\"potentialAction\":[{\"@type\":\"ReadAction\",\"target\":[\"https:\/\/castellbaroniapinturas.com.ar\/index.php\/producto\/membrana-liquida-poliuretanica\/\"]}]},{\"@type\":\"ImageObject\",\"inLanguage\":\"es\",\"@id\":\"https:\/\/castellbaroniapinturas.com.ar\/index.php\/producto\/membrana-liquida-poliuretanica\/#primaryimage\",\"url\":\"https:\/\/castellbaroniapinturas.com.ar\/wp-content\/uploads\/2026\/01\/7.jpg\",\"contentUrl\":\"https:\/\/castellbaroniapinturas.com.ar\/wp-content\/uploads\/2026\/01\/7.jpg\",\"width\":700,\"height\":700},{\"@type\":\"BreadcrumbList\",\"@id\":\"https:\/\/castellbaroniapinturas.com.ar\/index.php\/producto\/membrana-liquida-poliuretanica\/#breadcrumb\",\"itemListElement\":[{\"@type\":\"ListItem\",\"position\":1,\"name\":\"Portada\",\"item\":\"https:\/\/castellbaroniapinturas.com.ar\/\"},{\"@type\":\"ListItem\",\"position\":2,\"name\":\"Tienda\",\"item\":\"https:\/\/castellbaroniapinturas.com.ar\/index.php\/tienda\/\"},{\"@type\":\"ListItem\",\"position\":3,\"name\":\"Membrana l\u00edquida Poliuret\u00e1nica\"}]},{\"@type\":\"WebSite\",\"@id\":\"https:\/\/castellbaroniapinturas.com.ar\/#website\",\"url\":\"https:\/\/castellbaroniapinturas.com.ar\/\",\"name\":\"Castell Baronia\",\"description\":\"Castell Baronia Pinturas. Marca argentina con 60 a\u00f1os de experiencia en pinturas y revestimientos de calidad profesional para obras, pinturer\u00edas y proyectos.\",\"publisher\":{\"@id\":\"https:\/\/castellbaroniapinturas.com.ar\/#organization\"},\"potentialAction\":[{\"@type\":\"SearchAction\",\"target\":{\"@type\":\"EntryPoint\",\"urlTemplate\":\"https:\/\/castellbaroniapinturas.com.ar\/?s={search_term_string}\"},\"query-input\":{\"@type\":\"PropertyValueSpecification\",\"valueRequired\":true,\"valueName\":\"search_term_string\"}}],\"inLanguage\":\"es\"},{\"@type\":\"Organization\",\"@id\":\"https:\/\/castellbaroniapinturas.com.ar\/#organization\",\"name\":\"Castell Baronia\",\"url\":\"https:\/\/castellbaroniapinturas.com.ar\/\",\"logo\":{\"@type\":\"ImageObject\",\"inLanguage\":\"es\",\"@id\":\"https:\/\/castellbaroniapinturas.com.ar\/#\/schema\/logo\/image\/\",\"url\":\"https:\/\/castellbaroniapinturas.com.ar\/wp-content\/uploads\/2026\/01\/CASTELL-BARONIA-LOGO-WEB.png\",\"contentUrl\":\"https:\/\/castellbaroniapinturas.com.ar\/wp-content\/uploads\/2026\/01\/CASTELL-BARONIA-LOGO-WEB.png\",\"width\":768,\"height\":257,\"caption\":\"Castell Baronia\"},\"image\":{\"@id\":\"https:\/\/castellbaroniapinturas.com.ar\/#\/schema\/logo\/image\/\"}}]}<\/script>\n<!-- \/ Yoast SEO plugin. -->","yoast_head_json":{"title":"Membrana l\u00edquida Poliuret\u00e1nica - Castell Baronia","description":"Membrana l\u00edquida poliuret\u00e1nica en base acuosa, de alta impermeabilidad y transitable. Ideal para techos con pendiente, ofrece gran durabilidad, f\u00e1cil aplicaci\u00f3n y excelente resistencia a la intemperie.","robots":{"index":"index","follow":"follow","max-snippet":"max-snippet:-1","max-image-preview":"max-image-preview:large","max-video-preview":"max-video-preview:-1"},"canonical":"https:\/\/castellbaroniapinturas.com.ar\/index.php\/producto\/membrana-liquida-poliuretanica\/","og_locale":"es_ES","og_type":"article","og_title":"Membrana l\u00edquida Poliuret\u00e1nica - Castell Baronia","og_description":"Membrana l\u00edquida poliuret\u00e1nica en base acuosa, de alta impermeabilidad y transitable. Ideal para techos con pendiente, ofrece gran durabilidad, f\u00e1cil aplicaci\u00f3n y excelente resistencia a la intemperie.","og_url":"https:\/\/castellbaroniapinturas.com.ar\/index.php\/producto\/membrana-liquida-poliuretanica\/","og_site_name":"Castell Baronia","og_image":[{"width":700,"height":700,"url":"http:\/\/castellbaroniapinturas.com.ar\/wp-content\/uploads\/2026\/01\/7.jpg","type":"image\/jpeg"}],"twitter_card":"summary_large_image","twitter_misc":{"Tiempo de lectura":"1 minuto"},"schema":{"@context":"https:\/\/schema.org","@graph":[{"@type":"WebPage","@id":"https:\/\/castellbaroniapinturas.com.ar\/index.php\/producto\/membrana-liquida-poliuretanica\/","url":"https:\/\/castellbaroniapinturas.com.ar\/index.php\/producto\/membrana-liquida-poliuretanica\/","name":"Membrana l\u00edquida Poliuret\u00e1nica - Castell Baronia","isPartOf":{"@id":"https:\/\/castellbaroniapinturas.com.ar\/#website"},"primaryImageOfPage":{"@id":"https:\/\/castellbaroniapinturas.com.ar\/index.php\/producto\/membrana-liquida-poliuretanica\/#primaryimage"},"image":{"@id":"https:\/\/castellbaroniapinturas.com.ar\/index.php\/producto\/membrana-liquida-poliuretanica\/#primaryimage"},"thumbnailUrl":"https:\/\/castellbaroniapinturas.com.ar\/wp-content\/uploads\/2026\/01\/7.jpg","datePublished":"2026-01-25T03:24:57+00:00","description":"Membrana l\u00edquida poliuret\u00e1nica en base acuosa, de alta impermeabilidad y transitable. Ideal para techos con pendiente, ofrece gran durabilidad, f\u00e1cil aplicaci\u00f3n y excelente resistencia a la intemperie.","breadcrumb":{"@id":"https:\/\/castellbaroniapinturas.com.ar\/index.php\/producto\/membrana-liquida-poliuretanica\/#breadcrumb"},"inLanguage":"es","potentialAction":[{"@type":"ReadAction","target":["https:\/\/castellbaroniapinturas.com.ar\/index.php\/producto\/membrana-liquida-poliuretanica\/"]}]},{"@type":"ImageObject","inLanguage":"es","@id":"https:\/\/castellbaroniapinturas.com.ar\/index.php\/producto\/membrana-liquida-poliuretanica\/#primaryimage","url":"https:\/\/castellbaroniapinturas.com.ar\/wp-content\/uploads\/2026\/01\/7.jpg","contentUrl":"https:\/\/castellbaroniapinturas.com.ar\/wp-content\/uploads\/2026\/01\/7.jpg","width":700,"height":700},{"@type":"BreadcrumbList","@id":"https:\/\/castellbaroniapinturas.com.ar\/index.php\/producto\/membrana-liquida-poliuretanica\/#breadcrumb","itemListElement":[{"@type":"ListItem","position":1,"name":"Portada","item":"https:\/\/castellbaroniapinturas.com.ar\/"},{"@type":"ListItem","position":2,"name":"Tienda","item":"https:\/\/castellbaroniapinturas.com.ar\/index.php\/tienda\/"},{"@type":"ListItem","position":3,"name":"Membrana l\u00edquida Poliuret\u00e1nica"}]},{"@type":"WebSite","@id":"https:\/\/castellbaroniapinturas.com.ar\/#website","url":"https:\/\/castellbaroniapinturas.com.ar\/","name":"Castell Baronia","description":"Castell Baronia Pinturas. Marca argentina con 60 a\u00f1os de experiencia en pinturas y revestimientos de calidad profesional para obras, pinturer\u00edas y proyectos.","publisher":{"@id":"https:\/\/castellbaroniapinturas.com.ar\/#organization"},"potentialAction":[{"@type":"SearchAction","target":{"@type":"EntryPoint","urlTemplate":"https:\/\/castellbaroniapinturas.com.ar\/?s={search_term_string}"},"query-input":{"@type":"PropertyValueSpecification","valueRequired":true,"valueName":"search_term_string"}}],"inLanguage":"es"},{"@type":"Organization","@id":"https:\/\/castellbaroniapinturas.com.ar\/#organization","name":"Castell Baronia","url":"https:\/\/castellbaroniapinturas.com.ar\/","logo":{"@type":"ImageObject","inLanguage":"es","@id":"https:\/\/castellbaroniapinturas.com.ar\/#\/schema\/logo\/image\/","url":"https:\/\/castellbaroniapinturas.com.ar\/wp-content\/uploads\/2026\/01\/CASTELL-BARONIA-LOGO-WEB.png","contentUrl":"https:\/\/castellbaroniapinturas.com.ar\/wp-content\/uploads\/2026\/01\/CASTELL-BARONIA-LOGO-WEB.png","width":768,"height":257,"caption":"Castell Baronia"},"image":{"@id":"https:\/\/castellbaroniapinturas.com.ar\/#\/schema\/logo\/image\/"}}]}},"_links":{"self":[{"href":"https:\/\/castellbaroniapinturas.com.ar\/index.php\/wp-json\/wp\/v2\/product\/931","targetHints":{"allow":["GET"]}}],"collection":[{"href":"https:\/\/castellbaroniapinturas.com.ar\/index.php\/wp-json\/wp\/v2\/product"}],"about":[{"href":"https:\/\/castellbaroniapinturas.com.ar\/index.php\/wp-json\/wp\/v2\/types\/product"}],"replies":[{"embeddable":true,"href":"https:\/\/castellbaroniapinturas.com.ar\/index.php\/wp-json\/wp\/v2\/comments?post=931"}],"wp:featuredmedia":[{"embeddable":true,"href":"https:\/\/castellbaroniapinturas.com.ar\/index.php\/wp-json\/wp\/v2\/media\/932"}],"wp:attachment":[{"href":"https:\/\/castellbaroniapinturas.com.ar\/index.php\/wp-json\/wp\/v2\/media?parent=931"}],"wp:term":[{"taxonomy":"product_brand","embeddable":true,"href":"https:\/\/castellbaroniapinturas.com.ar\/index.php\/wp-json\/wp\/v2\/product_brand?post=931"},{"taxonomy":"product_cat","embeddable":true,"href":"https:\/\/castellbaroniapinturas.com.ar\/index.php\/wp-json\/wp\/v2\/product_cat?post=931"},{"taxonomy":"product_tag","embeddable":true,"href":"https:\/\/castellbaroniapinturas.com.ar\/index.php\/wp-json\/wp\/v2\/product_tag?post=931"}],"curies":[{"name":"wp","href":"https:\/\/api.w.org\/{rel}","templated":true}]}}