{"id":945,"date":"2026-01-25T16:21:41","date_gmt":"2026-01-25T16:21:41","guid":{"rendered":"https:\/\/castellbaroniapinturas.com.ar\/?post_type=product&#038;p=945"},"modified":"2026-01-25T16:21:41","modified_gmt":"2026-01-25T16:21:41","slug":"latex-colores-interior","status":"publish","type":"product","link":"https:\/\/castellbaroniapinturas.com.ar\/index.php\/producto\/latex-colores-interior\/","title":{"rendered":"l\u00e1tex colores interior"},"content":{"rendered":"<h2 data-start=\"421\" data-end=\"452\"><span style=\"color: #ff0000;\"><strong data-start=\"424\" data-end=\"452\">Descripci\u00f3n del producto<\/strong><\/span><\/h2>\n<p data-start=\"453\" data-end=\"843\">Es un l\u00e1tex acr\u00edlico desarrollado con materias primas de alta tecnolog\u00eda, que otorgan <strong data-start=\"539\" data-end=\"607\">gran durabilidad y resistencia a los diversos efectos clim\u00e1ticos<\/strong>. Recomendado para <strong data-start=\"626\" data-end=\"648\">proteger y decorar<\/strong> paredes interiores con emulsiones y cargas especiales que hacen del mismo un producto de <strong data-start=\"738\" data-end=\"771\">acabado y nivelaci\u00f3n superior<\/strong> y para uso profesional. <strong data-start=\"796\" data-end=\"843\">De f\u00e1cil aplicaci\u00f3n y excelente nivelaci\u00f3n.<\/strong><\/p>\n<hr data-start=\"845\" data-end=\"848\" \/>\n<h2 data-start=\"850\" data-end=\"884\"><span style=\"color: #ff0000;\"><strong data-start=\"853\" data-end=\"884\">Caracter\u00edsticas principales<\/strong><\/span><\/h2>\n<ul data-start=\"885\" data-end=\"1052\">\n<li data-start=\"885\" data-end=\"914\">\n<p data-start=\"887\" data-end=\"914\">Excelente poder cubritivo<\/p>\n<\/li>\n<li data-start=\"915\" data-end=\"979\">\n<p data-start=\"917\" data-end=\"979\">Gran durabilidad y resistencia a diversos efectos clim\u00e1ticos<\/p>\n<\/li>\n<li data-start=\"980\" data-end=\"1013\">\n<p data-start=\"982\" data-end=\"1013\">Acabado y nivelaci\u00f3n superior<\/p>\n<\/li>\n<li data-start=\"1014\" data-end=\"1034\">\n<p data-start=\"1016\" data-end=\"1034\">F\u00e1cil aplicaci\u00f3n<\/p>\n<\/li>\n<li data-start=\"1035\" data-end=\"1052\">\n<p data-start=\"1037\" data-end=\"1052\">Secado r\u00e1pido<\/p>\n<\/li>\n<\/ul>\n<hr data-start=\"1054\" data-end=\"1057\" \/>\n<h2 data-start=\"1059\" data-end=\"1074\"><span style=\"color: #ff0000;\"><strong data-start=\"1062\" data-end=\"1074\">Diluci\u00f3n<\/strong><\/span><\/h2>\n<p data-start=\"1075\" data-end=\"1239\">Producto de base acuosa: se puede diluir con agua <strong data-start=\"1125\" data-end=\"1145\">no m\u00e1s de un 10%<\/strong> de su contenido neto. Si se agrega m\u00e1s, el producto <strong data-start=\"1198\" data-end=\"1224\">pierde sus propiedades<\/strong> a largo plazo.<\/p>\n<hr data-start=\"1241\" data-end=\"1244\" \/>\n<h2 data-start=\"1246\" data-end=\"1264\"><span style=\"color: #ff0000;\"><strong data-start=\"1249\" data-end=\"1264\">Rendimiento<\/strong><\/span><\/h2>\n<p data-start=\"1265\" data-end=\"1299\"><strong data-start=\"1265\" data-end=\"1298\">10 a 12 m\u00b2 por litro por mano<\/strong>.<\/p>\n<hr data-start=\"1301\" data-end=\"1304\" \/>\n<h2 data-start=\"1306\" data-end=\"1325\"><span style=\"color: #ff0000;\"><strong data-start=\"1309\" data-end=\"1325\">Presentaci\u00f3n<\/strong><\/span><\/h2>\n<p data-start=\"1326\" data-end=\"1359\"><strong data-start=\"1326\" data-end=\"1358\">1 lt, 4 lts, 10 lts y 20 lts<\/strong>.<\/p>\n<hr data-start=\"1361\" data-end=\"1364\" \/>\n<h2 data-start=\"1366\" data-end=\"1394\"><span style=\"color: #ff0000;\"><strong data-start=\"1369\" data-end=\"1394\">Colores<br \/>\n<img decoding=\"async\" class=\"alignnone  wp-image-947\" src=\"http:\/\/castellbaroniapinturas.com.ar\/wp-content\/uploads\/2026\/01\/cc1-300x89.png\" alt=\"\" width=\"209\" height=\"62\" srcset=\"https:\/\/castellbaroniapinturas.com.ar\/wp-content\/uploads\/2026\/01\/cc1-300x89.png 300w, https:\/\/castellbaroniapinturas.com.ar\/wp-content\/uploads\/2026\/01\/cc1-600x178.png 600w, https:\/\/castellbaroniapinturas.com.ar\/wp-content\/uploads\/2026\/01\/cc1.png 727w\" sizes=\"(max-width: 209px) 100vw, 209px\" \/><br \/>\n<\/strong><\/span><\/h2>\n<p data-start=\"1395\" data-end=\"1548\">Rojo Cerezo, Amarillo Oro, Rosso, Naranja Tropical, Negro, Magenta Rub\u00ed, Aqua, Verde Pistacho, Gris Ceniza, Gris Acero, Rosa Anci, Azul Rey, Marr\u00f3n Moca.<\/p>\n","protected":false},"excerpt":{"rendered":"<p>L\u00e1tex acr\u00edlico interior de <strong data-start=\"293\" data-end=\"322\">excelente poder cubritivo<\/strong>, desarrollado con materias primas de alta tecnolog\u00eda. <strong data-start=\"377\" data-end=\"413\">F\u00e1cil aplicaci\u00f3n y secado r\u00e1pido<\/strong>.<\/p>\n","protected":false},"featured_media":946,"comment_status":"open","ping_status":"closed","template":"","meta":{"site-sidebar-layout":"default","site-content-layout":"","ast-site-content-layout":"default","site-content-style":"default","site-sidebar-style":"default","ast-global-header-display":"","ast-banner-title-visibility":"","ast-main-header-display":"","ast-hfb-above-header-display":"","ast-hfb-below-header-display":"","ast-hfb-mobile-header-display":"","site-post-title":"","ast-breadcrumbs-content":"","ast-featured-img":"","footer-sml-layout":"","ast-disable-related-posts":"","theme-transparent-header-meta":"default","adv-header-id-meta":"","stick-header-meta":"","header-above-stick-meta":"","header-main-stick-meta":"","header-below-stick-meta":"","astra-migrate-meta-layouts":"set","ast-page-background-enabled":"default","ast-page-background-meta":{"desktop":{"background-color":"var(--ast-global-color-4)","background-image":"","background-repeat":"repeat","background-position":"center center","background-size":"auto","background-attachment":"scroll","background-type":"","background-media":"","overlay-type":"","overlay-color":"","overlay-opacity":"","overlay-gradient":""},"tablet":{"background-color":"","background-image":"","background-repeat":"repeat","background-position":"center center","background-size":"auto","background-attachment":"scroll","background-type":"","background-media":"","overlay-type":"","overlay-color":"","overlay-opacity":"","overlay-gradient":""},"mobile":{"background-color":"","background-image":"","background-repeat":"repeat","background-position":"center center","background-size":"auto","background-attachment":"scroll","background-type":"","background-media":"","overlay-type":"","overlay-color":"","overlay-opacity":"","overlay-gradient":""}},"ast-content-background-meta":{"desktop":{"background-color":"var(--ast-global-color-5)","background-image":"","background-repeat":"repeat","background-position":"center center","background-size":"auto","background-attachment":"scroll","background-type":"","background-media":"","overlay-type":"","overlay-color":"","overlay-opacity":"","overlay-gradient":""},"tablet":{"background-color":"var(--ast-global-color-5)","background-image":"","background-repeat":"repeat","background-position":"center center","background-size":"auto","background-attachment":"scroll","background-type":"","background-media":"","overlay-type":"","overlay-color":"","overlay-opacity":"","overlay-gradient":""},"mobile":{"background-color":"var(--ast-global-color-5)","background-image":"","background-repeat":"repeat","background-position":"center center","background-size":"auto","background-attachment":"scroll","background-type":"","background-media":"","overlay-type":"","overlay-color":"","overlay-opacity":"","overlay-gradient":""}},"_joinchat":[]},"product_brand":[35],"product_cat":[22],"product_tag":[],"class_list":{"0":"post-945","1":"product","2":"type-product","3":"status-publish","4":"has-post-thumbnail","6":"product_brand-piacere","7":"product_cat-pinturas-latex","8":"desktop-align-left","9":"tablet-align-left","10":"mobile-align-left","12":"first","13":"instock","14":"shipping-taxable","15":"product-type-simple"},"yoast_head":"<!-- This site is optimized with the Yoast SEO plugin v26.8 - https:\/\/yoast.com\/product\/yoast-seo-wordpress\/ -->\n<title>l\u00e1tex colores interior - Castell Baronia<\/title>\n<meta name=\"description\" content=\"L\u00e1tex acr\u00edlico interior de excelente poder cubritivo, desarrollado con materias primas de alta tecnolog\u00eda. F\u00e1cil aplicaci\u00f3n y secado r\u00e1pido.\" \/>\n<meta name=\"robots\" content=\"index, follow, max-snippet:-1, max-image-preview:large, max-video-preview:-1\" \/>\n<link rel=\"canonical\" href=\"https:\/\/castellbaroniapinturas.com.ar\/index.php\/producto\/latex-colores-interior\/\" \/>\n<meta property=\"og:locale\" content=\"es_ES\" \/>\n<meta property=\"og:type\" content=\"article\" \/>\n<meta property=\"og:title\" content=\"l\u00e1tex colores interior - Castell Baronia\" \/>\n<meta property=\"og:description\" content=\"L\u00e1tex acr\u00edlico interior de excelente poder cubritivo, desarrollado con materias primas de alta tecnolog\u00eda. F\u00e1cil aplicaci\u00f3n y secado r\u00e1pido.\" \/>\n<meta property=\"og:url\" content=\"https:\/\/castellbaroniapinturas.com.ar\/index.php\/producto\/latex-colores-interior\/\" \/>\n<meta property=\"og:site_name\" content=\"Castell Baronia\" \/>\n<meta property=\"og:image\" content=\"http:\/\/castellbaroniapinturas.com.ar\/wp-content\/uploads\/2026\/01\/0013.jpg\" \/>\n\t<meta property=\"og:image:width\" content=\"700\" \/>\n\t<meta property=\"og:image:height\" content=\"700\" \/>\n\t<meta property=\"og:image:type\" content=\"image\/jpeg\" \/>\n<meta name=\"twitter:card\" content=\"summary_large_image\" \/>\n<meta name=\"twitter:label1\" content=\"Tiempo de lectura\" \/>\n\t<meta name=\"twitter:data1\" content=\"2 minutos\" \/>\n<script type=\"application\/ld+json\" class=\"yoast-schema-graph\">{\"@context\":\"https:\/\/schema.org\",\"@graph\":[{\"@type\":\"WebPage\",\"@id\":\"https:\/\/castellbaroniapinturas.com.ar\/index.php\/producto\/latex-colores-interior\/\",\"url\":\"https:\/\/castellbaroniapinturas.com.ar\/index.php\/producto\/latex-colores-interior\/\",\"name\":\"l\u00e1tex colores interior - Castell Baronia\",\"isPartOf\":{\"@id\":\"https:\/\/castellbaroniapinturas.com.ar\/#website\"},\"primaryImageOfPage\":{\"@id\":\"https:\/\/castellbaroniapinturas.com.ar\/index.php\/producto\/latex-colores-interior\/#primaryimage\"},\"image\":{\"@id\":\"https:\/\/castellbaroniapinturas.com.ar\/index.php\/producto\/latex-colores-interior\/#primaryimage\"},\"thumbnailUrl\":\"https:\/\/castellbaroniapinturas.com.ar\/wp-content\/uploads\/2026\/01\/0013.jpg\",\"datePublished\":\"2026-01-25T16:21:41+00:00\",\"description\":\"L\u00e1tex acr\u00edlico interior de excelente poder cubritivo, desarrollado con materias primas de alta tecnolog\u00eda. F\u00e1cil aplicaci\u00f3n y secado r\u00e1pido.\",\"breadcrumb\":{\"@id\":\"https:\/\/castellbaroniapinturas.com.ar\/index.php\/producto\/latex-colores-interior\/#breadcrumb\"},\"inLanguage\":\"es\",\"potentialAction\":[{\"@type\":\"ReadAction\",\"target\":[\"https:\/\/castellbaroniapinturas.com.ar\/index.php\/producto\/latex-colores-interior\/\"]}]},{\"@type\":\"ImageObject\",\"inLanguage\":\"es\",\"@id\":\"https:\/\/castellbaroniapinturas.com.ar\/index.php\/producto\/latex-colores-interior\/#primaryimage\",\"url\":\"https:\/\/castellbaroniapinturas.com.ar\/wp-content\/uploads\/2026\/01\/0013.jpg\",\"contentUrl\":\"https:\/\/castellbaroniapinturas.com.ar\/wp-content\/uploads\/2026\/01\/0013.jpg\",\"width\":700,\"height\":700},{\"@type\":\"BreadcrumbList\",\"@id\":\"https:\/\/castellbaroniapinturas.com.ar\/index.php\/producto\/latex-colores-interior\/#breadcrumb\",\"itemListElement\":[{\"@type\":\"ListItem\",\"position\":1,\"name\":\"Portada\",\"item\":\"https:\/\/castellbaroniapinturas.com.ar\/\"},{\"@type\":\"ListItem\",\"position\":2,\"name\":\"Tienda\",\"item\":\"https:\/\/castellbaroniapinturas.com.ar\/index.php\/tienda\/\"},{\"@type\":\"ListItem\",\"position\":3,\"name\":\"l\u00e1tex colores interior\"}]},{\"@type\":\"WebSite\",\"@id\":\"https:\/\/castellbaroniapinturas.com.ar\/#website\",\"url\":\"https:\/\/castellbaroniapinturas.com.ar\/\",\"name\":\"Castell Baronia\",\"description\":\"Castell Baronia Pinturas. Marca argentina con 60 a\u00f1os de experiencia en pinturas y revestimientos de calidad profesional para obras, pinturer\u00edas y proyectos.\",\"publisher\":{\"@id\":\"https:\/\/castellbaroniapinturas.com.ar\/#organization\"},\"potentialAction\":[{\"@type\":\"SearchAction\",\"target\":{\"@type\":\"EntryPoint\",\"urlTemplate\":\"https:\/\/castellbaroniapinturas.com.ar\/?s={search_term_string}\"},\"query-input\":{\"@type\":\"PropertyValueSpecification\",\"valueRequired\":true,\"valueName\":\"search_term_string\"}}],\"inLanguage\":\"es\"},{\"@type\":\"Organization\",\"@id\":\"https:\/\/castellbaroniapinturas.com.ar\/#organization\",\"name\":\"Castell Baronia\",\"url\":\"https:\/\/castellbaroniapinturas.com.ar\/\",\"logo\":{\"@type\":\"ImageObject\",\"inLanguage\":\"es\",\"@id\":\"https:\/\/castellbaroniapinturas.com.ar\/#\/schema\/logo\/image\/\",\"url\":\"https:\/\/castellbaroniapinturas.com.ar\/wp-content\/uploads\/2026\/01\/CASTELL-BARONIA-LOGO-WEB.png\",\"contentUrl\":\"https:\/\/castellbaroniapinturas.com.ar\/wp-content\/uploads\/2026\/01\/CASTELL-BARONIA-LOGO-WEB.png\",\"width\":768,\"height\":257,\"caption\":\"Castell Baronia\"},\"image\":{\"@id\":\"https:\/\/castellbaroniapinturas.com.ar\/#\/schema\/logo\/image\/\"}}]}<\/script>\n<!-- \/ Yoast SEO plugin. -->","yoast_head_json":{"title":"l\u00e1tex colores interior - Castell Baronia","description":"L\u00e1tex acr\u00edlico interior de excelente poder cubritivo, desarrollado con materias primas de alta tecnolog\u00eda. F\u00e1cil aplicaci\u00f3n y secado r\u00e1pido.","robots":{"index":"index","follow":"follow","max-snippet":"max-snippet:-1","max-image-preview":"max-image-preview:large","max-video-preview":"max-video-preview:-1"},"canonical":"https:\/\/castellbaroniapinturas.com.ar\/index.php\/producto\/latex-colores-interior\/","og_locale":"es_ES","og_type":"article","og_title":"l\u00e1tex colores interior - Castell Baronia","og_description":"L\u00e1tex acr\u00edlico interior de excelente poder cubritivo, desarrollado con materias primas de alta tecnolog\u00eda. F\u00e1cil aplicaci\u00f3n y secado r\u00e1pido.","og_url":"https:\/\/castellbaroniapinturas.com.ar\/index.php\/producto\/latex-colores-interior\/","og_site_name":"Castell Baronia","og_image":[{"width":700,"height":700,"url":"http:\/\/castellbaroniapinturas.com.ar\/wp-content\/uploads\/2026\/01\/0013.jpg","type":"image\/jpeg"}],"twitter_card":"summary_large_image","twitter_misc":{"Tiempo de lectura":"2 minutos"},"schema":{"@context":"https:\/\/schema.org","@graph":[{"@type":"WebPage","@id":"https:\/\/castellbaroniapinturas.com.ar\/index.php\/producto\/latex-colores-interior\/","url":"https:\/\/castellbaroniapinturas.com.ar\/index.php\/producto\/latex-colores-interior\/","name":"l\u00e1tex colores interior - Castell Baronia","isPartOf":{"@id":"https:\/\/castellbaroniapinturas.com.ar\/#website"},"primaryImageOfPage":{"@id":"https:\/\/castellbaroniapinturas.com.ar\/index.php\/producto\/latex-colores-interior\/#primaryimage"},"image":{"@id":"https:\/\/castellbaroniapinturas.com.ar\/index.php\/producto\/latex-colores-interior\/#primaryimage"},"thumbnailUrl":"https:\/\/castellbaroniapinturas.com.ar\/wp-content\/uploads\/2026\/01\/0013.jpg","datePublished":"2026-01-25T16:21:41+00:00","description":"L\u00e1tex acr\u00edlico interior de excelente poder cubritivo, desarrollado con materias primas de alta tecnolog\u00eda. F\u00e1cil aplicaci\u00f3n y secado r\u00e1pido.","breadcrumb":{"@id":"https:\/\/castellbaroniapinturas.com.ar\/index.php\/producto\/latex-colores-interior\/#breadcrumb"},"inLanguage":"es","potentialAction":[{"@type":"ReadAction","target":["https:\/\/castellbaroniapinturas.com.ar\/index.php\/producto\/latex-colores-interior\/"]}]},{"@type":"ImageObject","inLanguage":"es","@id":"https:\/\/castellbaroniapinturas.com.ar\/index.php\/producto\/latex-colores-interior\/#primaryimage","url":"https:\/\/castellbaroniapinturas.com.ar\/wp-content\/uploads\/2026\/01\/0013.jpg","contentUrl":"https:\/\/castellbaroniapinturas.com.ar\/wp-content\/uploads\/2026\/01\/0013.jpg","width":700,"height":700},{"@type":"BreadcrumbList","@id":"https:\/\/castellbaroniapinturas.com.ar\/index.php\/producto\/latex-colores-interior\/#breadcrumb","itemListElement":[{"@type":"ListItem","position":1,"name":"Portada","item":"https:\/\/castellbaroniapinturas.com.ar\/"},{"@type":"ListItem","position":2,"name":"Tienda","item":"https:\/\/castellbaroniapinturas.com.ar\/index.php\/tienda\/"},{"@type":"ListItem","position":3,"name":"l\u00e1tex colores interior"}]},{"@type":"WebSite","@id":"https:\/\/castellbaroniapinturas.com.ar\/#website","url":"https:\/\/castellbaroniapinturas.com.ar\/","name":"Castell Baronia","description":"Castell Baronia Pinturas. Marca argentina con 60 a\u00f1os de experiencia en pinturas y revestimientos de calidad profesional para obras, pinturer\u00edas y proyectos.","publisher":{"@id":"https:\/\/castellbaroniapinturas.com.ar\/#organization"},"potentialAction":[{"@type":"SearchAction","target":{"@type":"EntryPoint","urlTemplate":"https:\/\/castellbaroniapinturas.com.ar\/?s={search_term_string}"},"query-input":{"@type":"PropertyValueSpecification","valueRequired":true,"valueName":"search_term_string"}}],"inLanguage":"es"},{"@type":"Organization","@id":"https:\/\/castellbaroniapinturas.com.ar\/#organization","name":"Castell Baronia","url":"https:\/\/castellbaroniapinturas.com.ar\/","logo":{"@type":"ImageObject","inLanguage":"es","@id":"https:\/\/castellbaroniapinturas.com.ar\/#\/schema\/logo\/image\/","url":"https:\/\/castellbaroniapinturas.com.ar\/wp-content\/uploads\/2026\/01\/CASTELL-BARONIA-LOGO-WEB.png","contentUrl":"https:\/\/castellbaroniapinturas.com.ar\/wp-content\/uploads\/2026\/01\/CASTELL-BARONIA-LOGO-WEB.png","width":768,"height":257,"caption":"Castell Baronia"},"image":{"@id":"https:\/\/castellbaroniapinturas.com.ar\/#\/schema\/logo\/image\/"}}]}},"_links":{"self":[{"href":"https:\/\/castellbaroniapinturas.com.ar\/index.php\/wp-json\/wp\/v2\/product\/945","targetHints":{"allow":["GET"]}}],"collection":[{"href":"https:\/\/castellbaroniapinturas.com.ar\/index.php\/wp-json\/wp\/v2\/product"}],"about":[{"href":"https:\/\/castellbaroniapinturas.com.ar\/index.php\/wp-json\/wp\/v2\/types\/product"}],"replies":[{"embeddable":true,"href":"https:\/\/castellbaroniapinturas.com.ar\/index.php\/wp-json\/wp\/v2\/comments?post=945"}],"wp:featuredmedia":[{"embeddable":true,"href":"https:\/\/castellbaroniapinturas.com.ar\/index.php\/wp-json\/wp\/v2\/media\/946"}],"wp:attachment":[{"href":"https:\/\/castellbaroniapinturas.com.ar\/index.php\/wp-json\/wp\/v2\/media?parent=945"}],"wp:term":[{"taxonomy":"product_brand","embeddable":true,"href":"https:\/\/castellbaroniapinturas.com.ar\/index.php\/wp-json\/wp\/v2\/product_brand?post=945"},{"taxonomy":"product_cat","embeddable":true,"href":"https:\/\/castellbaroniapinturas.com.ar\/index.php\/wp-json\/wp\/v2\/product_cat?post=945"},{"taxonomy":"product_tag","embeddable":true,"href":"https:\/\/castellbaroniapinturas.com.ar\/index.php\/wp-json\/wp\/v2\/product_tag?post=945"}],"curies":[{"name":"wp","href":"https:\/\/api.w.org\/{rel}","templated":true}]}}