{"id":948,"date":"2026-01-25T16:26:37","date_gmt":"2026-01-25T16:26:37","guid":{"rendered":"https:\/\/castellbaroniapinturas.com.ar\/?post_type=product&#038;p=948"},"modified":"2026-01-25T16:26:37","modified_gmt":"2026-01-25T16:26:37","slug":"latex-interior-antihongos","status":"publish","type":"product","link":"https:\/\/castellbaroniapinturas.com.ar\/index.php\/producto\/latex-interior-antihongos\/","title":{"rendered":"l\u00e1tex interior antihongos"},"content":{"rendered":"<h3 data-start=\"450\" data-end=\"473\"><span style=\"color: #ff0000;\"><strong data-start=\"454\" data-end=\"473\">Caracter\u00edsticas<\/strong><\/span><\/h3>\n<p data-start=\"474\" data-end=\"564\">Gracias a la incorporaci\u00f3n de una nueva tecnolog\u00eda en su formulaci\u00f3n, esta pintura ofrece:<\/p>\n<ul data-start=\"565\" data-end=\"640\">\n<li data-start=\"565\" data-end=\"587\">\n<p data-start=\"567\" data-end=\"587\">M\u00e1xima durabilidad<\/p>\n<\/li>\n<li data-start=\"588\" data-end=\"612\">\n<p data-start=\"590\" data-end=\"612\">Excelente nivelaci\u00f3n<\/p>\n<\/li>\n<li data-start=\"613\" data-end=\"640\">\n<p data-start=\"615\" data-end=\"640\">Notable poder cubritivo<\/p>\n<\/li>\n<\/ul>\n<hr data-start=\"642\" data-end=\"645\" \/>\n<h3 data-start=\"647\" data-end=\"667\"><span style=\"color: #ff0000;\"><strong data-start=\"651\" data-end=\"667\">Pintabilidad<\/strong><\/span><\/h3>\n<p data-start=\"668\" data-end=\"795\">Su alto poder cubritivo y la excelente nivelaci\u00f3n entre capas destacan como las principales cualidades de la <strong data-start=\"777\" data-end=\"794\">L\u00ednea Europea<\/strong>.<\/p>\n<hr data-start=\"797\" data-end=\"800\" \/>\n<h3 data-start=\"802\" data-end=\"818\"><span style=\"color: #ff0000;\"><strong data-start=\"806\" data-end=\"818\">Diluci\u00f3n<\/strong><\/span><\/h3>\n<p data-start=\"819\" data-end=\"877\">Se realiza de ser necesario con <strong data-start=\"851\" data-end=\"876\">no m\u00e1s del 5% de agua<\/strong>.<\/p>\n<hr data-start=\"879\" data-end=\"882\" \/>\n<h3 data-start=\"884\" data-end=\"906\"><span style=\"color: #ff0000;\"><strong data-start=\"888\" data-end=\"906\">Modo de empleo<\/strong><\/span><\/h3>\n<p data-start=\"907\" data-end=\"1139\"><strong data-start=\"907\" data-end=\"947\">Sobre superficies nuevas sin pintar:<\/strong><br data-start=\"947\" data-end=\"950\" \/>Neutralizar con \u00e1cido muri\u00e1tico al 10% en agua, enjuagar y dejar secar. Aplicar Sellador Fijador \u201cRoma\u201d y luego <strong data-start=\"1062\" data-end=\"1092\">dos manos de L\u00e1tex Piacere<\/strong>, dejando secar de <strong data-start=\"1111\" data-end=\"1138\">3 a 5 horas entre manos<\/strong>.<\/p>\n<p data-start=\"1141\" data-end=\"1348\"><strong data-start=\"1141\" data-end=\"1172\">Sobre superficies pintadas:<\/strong><br data-start=\"1172\" data-end=\"1175\" \/>La superficie debe estar limpia, seca, libre de grasitud, polvo y partes flojas. Aplicar sellador, eliminar imperfecciones de enduido y luego <strong data-start=\"1317\" data-end=\"1347\">dos manos de L\u00e1tex Piacere<\/strong>.<\/p>\n<hr data-start=\"1350\" data-end=\"1353\" \/>\n<h3 data-start=\"1355\" data-end=\"1375\"><span style=\"color: #ff0000;\"><strong data-start=\"1359\" data-end=\"1375\">Presentaci\u00f3n<\/strong><\/span><\/h3>\n<p data-start=\"1376\" data-end=\"1408\"><strong data-start=\"1376\" data-end=\"1408\">1 lt, 4 lts, 10 lts y 20 lts<\/strong><\/p>\n","protected":false},"excerpt":{"rendered":"<p>L\u00e1tex acr\u00edlico interior profesional con <strong data-start=\"326\" data-end=\"355\">excelente poder cubritivo<\/strong>, m\u00e1xima durabilidad y <strong data-start=\"378\" data-end=\"402\">muy buena nivelaci\u00f3n<\/strong>, desarrollado con tecnolog\u00eda antihongos.<\/p>\n","protected":false},"featured_media":949,"comment_status":"open","ping_status":"closed","template":"","meta":{"site-sidebar-layout":"default","site-content-layout":"","ast-site-content-layout":"default","site-content-style":"default","site-sidebar-style":"default","ast-global-header-display":"","ast-banner-title-visibility":"","ast-main-header-display":"","ast-hfb-above-header-display":"","ast-hfb-below-header-display":"","ast-hfb-mobile-header-display":"","site-post-title":"","ast-breadcrumbs-content":"","ast-featured-img":"","footer-sml-layout":"","ast-disable-related-posts":"","theme-transparent-header-meta":"default","adv-header-id-meta":"","stick-header-meta":"","header-above-stick-meta":"","header-main-stick-meta":"","header-below-stick-meta":"","astra-migrate-meta-layouts":"set","ast-page-background-enabled":"default","ast-page-background-meta":{"desktop":{"background-color":"var(--ast-global-color-4)","background-image":"","background-repeat":"repeat","background-position":"center center","background-size":"auto","background-attachment":"scroll","background-type":"","background-media":"","overlay-type":"","overlay-color":"","overlay-opacity":"","overlay-gradient":""},"tablet":{"background-color":"","background-image":"","background-repeat":"repeat","background-position":"center center","background-size":"auto","background-attachment":"scroll","background-type":"","background-media":"","overlay-type":"","overlay-color":"","overlay-opacity":"","overlay-gradient":""},"mobile":{"background-color":"","background-image":"","background-repeat":"repeat","background-position":"center center","background-size":"auto","background-attachment":"scroll","background-type":"","background-media":"","overlay-type":"","overlay-color":"","overlay-opacity":"","overlay-gradient":""}},"ast-content-background-meta":{"desktop":{"background-color":"var(--ast-global-color-5)","background-image":"","background-repeat":"repeat","background-position":"center center","background-size":"auto","background-attachment":"scroll","background-type":"","background-media":"","overlay-type":"","overlay-color":"","overlay-opacity":"","overlay-gradient":""},"tablet":{"background-color":"var(--ast-global-color-5)","background-image":"","background-repeat":"repeat","background-position":"center center","background-size":"auto","background-attachment":"scroll","background-type":"","background-media":"","overlay-type":"","overlay-color":"","overlay-opacity":"","overlay-gradient":""},"mobile":{"background-color":"var(--ast-global-color-5)","background-image":"","background-repeat":"repeat","background-position":"center center","background-size":"auto","background-attachment":"scroll","background-type":"","background-media":"","overlay-type":"","overlay-color":"","overlay-opacity":"","overlay-gradient":""}},"_joinchat":[]},"product_brand":[35],"product_cat":[22],"product_tag":[],"class_list":{"0":"post-948","1":"product","2":"type-product","3":"status-publish","4":"has-post-thumbnail","6":"product_brand-piacere","7":"product_cat-pinturas-latex","8":"desktop-align-left","9":"tablet-align-left","10":"mobile-align-left","12":"first","13":"instock","14":"shipping-taxable","15":"product-type-simple"},"yoast_head":"<!-- This site is optimized with the Yoast SEO plugin v26.8 - https:\/\/yoast.com\/product\/yoast-seo-wordpress\/ -->\n<title>l\u00e1tex interior antihongos - Castell Baronia<\/title>\n<meta name=\"description\" content=\"L\u00e1tex acr\u00edlico interior profesional con excelente poder cubritivo, m\u00e1xima durabilidad y muy buena nivelaci\u00f3n, desarrollado con tecnolog\u00eda antihongos.\" \/>\n<meta name=\"robots\" content=\"index, follow, max-snippet:-1, max-image-preview:large, max-video-preview:-1\" \/>\n<link rel=\"canonical\" href=\"https:\/\/castellbaroniapinturas.com.ar\/index.php\/producto\/latex-interior-antihongos\/\" \/>\n<meta property=\"og:locale\" content=\"es_ES\" \/>\n<meta property=\"og:type\" content=\"article\" \/>\n<meta property=\"og:title\" content=\"l\u00e1tex interior antihongos - Castell Baronia\" \/>\n<meta property=\"og:description\" content=\"L\u00e1tex acr\u00edlico interior profesional con excelente poder cubritivo, m\u00e1xima durabilidad y muy buena nivelaci\u00f3n, desarrollado con tecnolog\u00eda antihongos.\" \/>\n<meta property=\"og:url\" content=\"https:\/\/castellbaroniapinturas.com.ar\/index.php\/producto\/latex-interior-antihongos\/\" \/>\n<meta property=\"og:site_name\" content=\"Castell Baronia\" \/>\n<meta property=\"og:image\" content=\"http:\/\/castellbaroniapinturas.com.ar\/wp-content\/uploads\/2026\/01\/14.jpg\" \/>\n\t<meta property=\"og:image:width\" content=\"700\" \/>\n\t<meta property=\"og:image:height\" content=\"700\" \/>\n\t<meta property=\"og:image:type\" content=\"image\/jpeg\" \/>\n<meta name=\"twitter:card\" content=\"summary_large_image\" \/>\n<meta name=\"twitter:label1\" content=\"Tiempo de lectura\" \/>\n\t<meta name=\"twitter:data1\" content=\"1 minuto\" \/>\n<script type=\"application\/ld+json\" class=\"yoast-schema-graph\">{\"@context\":\"https:\/\/schema.org\",\"@graph\":[{\"@type\":\"WebPage\",\"@id\":\"https:\/\/castellbaroniapinturas.com.ar\/index.php\/producto\/latex-interior-antihongos\/\",\"url\":\"https:\/\/castellbaroniapinturas.com.ar\/index.php\/producto\/latex-interior-antihongos\/\",\"name\":\"l\u00e1tex interior antihongos - Castell Baronia\",\"isPartOf\":{\"@id\":\"https:\/\/castellbaroniapinturas.com.ar\/#website\"},\"primaryImageOfPage\":{\"@id\":\"https:\/\/castellbaroniapinturas.com.ar\/index.php\/producto\/latex-interior-antihongos\/#primaryimage\"},\"image\":{\"@id\":\"https:\/\/castellbaroniapinturas.com.ar\/index.php\/producto\/latex-interior-antihongos\/#primaryimage\"},\"thumbnailUrl\":\"https:\/\/castellbaroniapinturas.com.ar\/wp-content\/uploads\/2026\/01\/14.jpg\",\"datePublished\":\"2026-01-25T16:26:37+00:00\",\"description\":\"L\u00e1tex acr\u00edlico interior profesional con excelente poder cubritivo, m\u00e1xima durabilidad y muy buena nivelaci\u00f3n, desarrollado con tecnolog\u00eda antihongos.\",\"breadcrumb\":{\"@id\":\"https:\/\/castellbaroniapinturas.com.ar\/index.php\/producto\/latex-interior-antihongos\/#breadcrumb\"},\"inLanguage\":\"es\",\"potentialAction\":[{\"@type\":\"ReadAction\",\"target\":[\"https:\/\/castellbaroniapinturas.com.ar\/index.php\/producto\/latex-interior-antihongos\/\"]}]},{\"@type\":\"ImageObject\",\"inLanguage\":\"es\",\"@id\":\"https:\/\/castellbaroniapinturas.com.ar\/index.php\/producto\/latex-interior-antihongos\/#primaryimage\",\"url\":\"https:\/\/castellbaroniapinturas.com.ar\/wp-content\/uploads\/2026\/01\/14.jpg\",\"contentUrl\":\"https:\/\/castellbaroniapinturas.com.ar\/wp-content\/uploads\/2026\/01\/14.jpg\",\"width\":700,\"height\":700},{\"@type\":\"BreadcrumbList\",\"@id\":\"https:\/\/castellbaroniapinturas.com.ar\/index.php\/producto\/latex-interior-antihongos\/#breadcrumb\",\"itemListElement\":[{\"@type\":\"ListItem\",\"position\":1,\"name\":\"Portada\",\"item\":\"https:\/\/castellbaroniapinturas.com.ar\/\"},{\"@type\":\"ListItem\",\"position\":2,\"name\":\"Tienda\",\"item\":\"https:\/\/castellbaroniapinturas.com.ar\/index.php\/tienda\/\"},{\"@type\":\"ListItem\",\"position\":3,\"name\":\"l\u00e1tex interior antihongos\"}]},{\"@type\":\"WebSite\",\"@id\":\"https:\/\/castellbaroniapinturas.com.ar\/#website\",\"url\":\"https:\/\/castellbaroniapinturas.com.ar\/\",\"name\":\"Castell Baronia\",\"description\":\"Castell Baronia Pinturas. Marca argentina con 60 a\u00f1os de experiencia en pinturas y revestimientos de calidad profesional para obras, pinturer\u00edas y proyectos.\",\"publisher\":{\"@id\":\"https:\/\/castellbaroniapinturas.com.ar\/#organization\"},\"potentialAction\":[{\"@type\":\"SearchAction\",\"target\":{\"@type\":\"EntryPoint\",\"urlTemplate\":\"https:\/\/castellbaroniapinturas.com.ar\/?s={search_term_string}\"},\"query-input\":{\"@type\":\"PropertyValueSpecification\",\"valueRequired\":true,\"valueName\":\"search_term_string\"}}],\"inLanguage\":\"es\"},{\"@type\":\"Organization\",\"@id\":\"https:\/\/castellbaroniapinturas.com.ar\/#organization\",\"name\":\"Castell Baronia\",\"url\":\"https:\/\/castellbaroniapinturas.com.ar\/\",\"logo\":{\"@type\":\"ImageObject\",\"inLanguage\":\"es\",\"@id\":\"https:\/\/castellbaroniapinturas.com.ar\/#\/schema\/logo\/image\/\",\"url\":\"https:\/\/castellbaroniapinturas.com.ar\/wp-content\/uploads\/2026\/01\/CASTELL-BARONIA-LOGO-WEB.png\",\"contentUrl\":\"https:\/\/castellbaroniapinturas.com.ar\/wp-content\/uploads\/2026\/01\/CASTELL-BARONIA-LOGO-WEB.png\",\"width\":768,\"height\":257,\"caption\":\"Castell Baronia\"},\"image\":{\"@id\":\"https:\/\/castellbaroniapinturas.com.ar\/#\/schema\/logo\/image\/\"}}]}<\/script>\n<!-- \/ Yoast SEO plugin. -->","yoast_head_json":{"title":"l\u00e1tex interior antihongos - Castell Baronia","description":"L\u00e1tex acr\u00edlico interior profesional con excelente poder cubritivo, m\u00e1xima durabilidad y muy buena nivelaci\u00f3n, desarrollado con tecnolog\u00eda antihongos.","robots":{"index":"index","follow":"follow","max-snippet":"max-snippet:-1","max-image-preview":"max-image-preview:large","max-video-preview":"max-video-preview:-1"},"canonical":"https:\/\/castellbaroniapinturas.com.ar\/index.php\/producto\/latex-interior-antihongos\/","og_locale":"es_ES","og_type":"article","og_title":"l\u00e1tex interior antihongos - Castell Baronia","og_description":"L\u00e1tex acr\u00edlico interior profesional con excelente poder cubritivo, m\u00e1xima durabilidad y muy buena nivelaci\u00f3n, desarrollado con tecnolog\u00eda antihongos.","og_url":"https:\/\/castellbaroniapinturas.com.ar\/index.php\/producto\/latex-interior-antihongos\/","og_site_name":"Castell Baronia","og_image":[{"width":700,"height":700,"url":"http:\/\/castellbaroniapinturas.com.ar\/wp-content\/uploads\/2026\/01\/14.jpg","type":"image\/jpeg"}],"twitter_card":"summary_large_image","twitter_misc":{"Tiempo de lectura":"1 minuto"},"schema":{"@context":"https:\/\/schema.org","@graph":[{"@type":"WebPage","@id":"https:\/\/castellbaroniapinturas.com.ar\/index.php\/producto\/latex-interior-antihongos\/","url":"https:\/\/castellbaroniapinturas.com.ar\/index.php\/producto\/latex-interior-antihongos\/","name":"l\u00e1tex interior antihongos - Castell Baronia","isPartOf":{"@id":"https:\/\/castellbaroniapinturas.com.ar\/#website"},"primaryImageOfPage":{"@id":"https:\/\/castellbaroniapinturas.com.ar\/index.php\/producto\/latex-interior-antihongos\/#primaryimage"},"image":{"@id":"https:\/\/castellbaroniapinturas.com.ar\/index.php\/producto\/latex-interior-antihongos\/#primaryimage"},"thumbnailUrl":"https:\/\/castellbaroniapinturas.com.ar\/wp-content\/uploads\/2026\/01\/14.jpg","datePublished":"2026-01-25T16:26:37+00:00","description":"L\u00e1tex acr\u00edlico interior profesional con excelente poder cubritivo, m\u00e1xima durabilidad y muy buena nivelaci\u00f3n, desarrollado con tecnolog\u00eda antihongos.","breadcrumb":{"@id":"https:\/\/castellbaroniapinturas.com.ar\/index.php\/producto\/latex-interior-antihongos\/#breadcrumb"},"inLanguage":"es","potentialAction":[{"@type":"ReadAction","target":["https:\/\/castellbaroniapinturas.com.ar\/index.php\/producto\/latex-interior-antihongos\/"]}]},{"@type":"ImageObject","inLanguage":"es","@id":"https:\/\/castellbaroniapinturas.com.ar\/index.php\/producto\/latex-interior-antihongos\/#primaryimage","url":"https:\/\/castellbaroniapinturas.com.ar\/wp-content\/uploads\/2026\/01\/14.jpg","contentUrl":"https:\/\/castellbaroniapinturas.com.ar\/wp-content\/uploads\/2026\/01\/14.jpg","width":700,"height":700},{"@type":"BreadcrumbList","@id":"https:\/\/castellbaroniapinturas.com.ar\/index.php\/producto\/latex-interior-antihongos\/#breadcrumb","itemListElement":[{"@type":"ListItem","position":1,"name":"Portada","item":"https:\/\/castellbaroniapinturas.com.ar\/"},{"@type":"ListItem","position":2,"name":"Tienda","item":"https:\/\/castellbaroniapinturas.com.ar\/index.php\/tienda\/"},{"@type":"ListItem","position":3,"name":"l\u00e1tex interior antihongos"}]},{"@type":"WebSite","@id":"https:\/\/castellbaroniapinturas.com.ar\/#website","url":"https:\/\/castellbaroniapinturas.com.ar\/","name":"Castell Baronia","description":"Castell Baronia Pinturas. Marca argentina con 60 a\u00f1os de experiencia en pinturas y revestimientos de calidad profesional para obras, pinturer\u00edas y proyectos.","publisher":{"@id":"https:\/\/castellbaroniapinturas.com.ar\/#organization"},"potentialAction":[{"@type":"SearchAction","target":{"@type":"EntryPoint","urlTemplate":"https:\/\/castellbaroniapinturas.com.ar\/?s={search_term_string}"},"query-input":{"@type":"PropertyValueSpecification","valueRequired":true,"valueName":"search_term_string"}}],"inLanguage":"es"},{"@type":"Organization","@id":"https:\/\/castellbaroniapinturas.com.ar\/#organization","name":"Castell Baronia","url":"https:\/\/castellbaroniapinturas.com.ar\/","logo":{"@type":"ImageObject","inLanguage":"es","@id":"https:\/\/castellbaroniapinturas.com.ar\/#\/schema\/logo\/image\/","url":"https:\/\/castellbaroniapinturas.com.ar\/wp-content\/uploads\/2026\/01\/CASTELL-BARONIA-LOGO-WEB.png","contentUrl":"https:\/\/castellbaroniapinturas.com.ar\/wp-content\/uploads\/2026\/01\/CASTELL-BARONIA-LOGO-WEB.png","width":768,"height":257,"caption":"Castell Baronia"},"image":{"@id":"https:\/\/castellbaroniapinturas.com.ar\/#\/schema\/logo\/image\/"}}]}},"_links":{"self":[{"href":"https:\/\/castellbaroniapinturas.com.ar\/index.php\/wp-json\/wp\/v2\/product\/948","targetHints":{"allow":["GET"]}}],"collection":[{"href":"https:\/\/castellbaroniapinturas.com.ar\/index.php\/wp-json\/wp\/v2\/product"}],"about":[{"href":"https:\/\/castellbaroniapinturas.com.ar\/index.php\/wp-json\/wp\/v2\/types\/product"}],"replies":[{"embeddable":true,"href":"https:\/\/castellbaroniapinturas.com.ar\/index.php\/wp-json\/wp\/v2\/comments?post=948"}],"wp:featuredmedia":[{"embeddable":true,"href":"https:\/\/castellbaroniapinturas.com.ar\/index.php\/wp-json\/wp\/v2\/media\/949"}],"wp:attachment":[{"href":"https:\/\/castellbaroniapinturas.com.ar\/index.php\/wp-json\/wp\/v2\/media?parent=948"}],"wp:term":[{"taxonomy":"product_brand","embeddable":true,"href":"https:\/\/castellbaroniapinturas.com.ar\/index.php\/wp-json\/wp\/v2\/product_brand?post=948"},{"taxonomy":"product_cat","embeddable":true,"href":"https:\/\/castellbaroniapinturas.com.ar\/index.php\/wp-json\/wp\/v2\/product_cat?post=948"},{"taxonomy":"product_tag","embeddable":true,"href":"https:\/\/castellbaroniapinturas.com.ar\/index.php\/wp-json\/wp\/v2\/product_tag?post=948"}],"curies":[{"name":"wp","href":"https:\/\/api.w.org\/{rel}","templated":true}]}}