{"id":950,"date":"2026-01-25T16:33:42","date_gmt":"2026-01-25T16:33:42","guid":{"rendered":"https:\/\/castellbaroniapinturas.com.ar\/?post_type=product&#038;p=950"},"modified":"2026-01-25T16:33:42","modified_gmt":"2026-01-25T16:33:42","slug":"latex-interior-exterior-colores-vivos","status":"publish","type":"product","link":"https:\/\/castellbaroniapinturas.com.ar\/index.php\/producto\/latex-interior-exterior-colores-vivos\/","title":{"rendered":"l\u00e1tex interior\/exterior | Colores vivos"},"content":{"rendered":"<h3 data-start=\"504\" data-end=\"536\"><span style=\"color: #ff0000;\"><strong data-start=\"508\" data-end=\"536\">Descripci\u00f3n del producto<\/strong><\/span><\/h3>\n<p data-start=\"537\" data-end=\"785\">Formulada con materias primas de excelente calidad, esta pintura ofrece un acabado de extraordinario poder cubritivo. Es lavable, sin olor a amon\u00edaco y resistente a la formaci\u00f3n de hongos. Presenta muy buena aplicabilidad, terminaci\u00f3n y nivelaci\u00f3n.<\/p>\n<hr data-start=\"787\" data-end=\"790\" \/>\n<h3 data-start=\"792\" data-end=\"824\"><span style=\"color: #ff0000;\"><strong data-start=\"796\" data-end=\"824\">Usos y superficies aptas<\/strong><\/span><\/h3>\n<p data-start=\"825\" data-end=\"907\">Indicada para interiores y exteriores, especialmente para pintar superficies como:<\/p>\n<ul data-start=\"908\" data-end=\"999\">\n<li data-start=\"908\" data-end=\"923\">\n<p data-start=\"910\" data-end=\"923\">Mamposter\u00eda<\/p>\n<\/li>\n<li data-start=\"924\" data-end=\"936\">\n<p data-start=\"926\" data-end=\"936\">Hormig\u00f3n<\/p>\n<\/li>\n<li data-start=\"937\" data-end=\"948\">\n<p data-start=\"939\" data-end=\"948\">Revoque<\/p>\n<\/li>\n<li data-start=\"949\" data-end=\"960\">\n<p data-start=\"951\" data-end=\"960\">Cemento<\/p>\n<\/li>\n<li data-start=\"961\" data-end=\"973\">\n<p data-start=\"963\" data-end=\"973\">Ladrillo<\/p>\n<\/li>\n<li data-start=\"974\" data-end=\"990\">\n<p data-start=\"976\" data-end=\"990\">Fibrocemento<\/p>\n<\/li>\n<li data-start=\"991\" data-end=\"999\">\n<p data-start=\"993\" data-end=\"999\">Yeso<\/p>\n<\/li>\n<\/ul>\n<hr data-start=\"1001\" data-end=\"1004\" \/>\n<h3 data-start=\"1006\" data-end=\"1025\"><span style=\"color: #ff0000;\"><strong data-start=\"1010\" data-end=\"1025\">Rendimiento<\/strong><\/span><\/h3>\n<p data-start=\"1026\" data-end=\"1128\">Rinde de <strong data-start=\"1035\" data-end=\"1070\">12 a 14 m\u00b2 por litro y por mano<\/strong>, seg\u00fan la absorci\u00f3n de la superficie y el color aplicado.<\/p>\n<hr data-start=\"1130\" data-end=\"1133\" \/>\n<h3 data-start=\"1135\" data-end=\"1162\"><span style=\"color: #ff0000;\"><strong data-start=\"1139\" data-end=\"1162\">Colores disponibles<\/strong><\/span><\/h3>\n<p data-start=\"1163\" data-end=\"1340\">\nMaracuy\u00e1, Verde Manzana, Rosso, Naranja, Negro, Rojo Castell, Turqueza, Violeta, Avellana, Tabaco, Gris Oscuro, Magenta, Lima, Azul Castell, Azul Francia, Amarillo.<\/p>\n<p data-start=\"1342\" data-end=\"1405\"><img decoding=\"async\" class=\"alignnone  wp-image-952\" src=\"http:\/\/castellbaroniapinturas.com.ar\/wp-content\/uploads\/2026\/01\/cl2-300x67.png\" alt=\"\" width=\"264\" height=\"59\" srcset=\"https:\/\/castellbaroniapinturas.com.ar\/wp-content\/uploads\/2026\/01\/cl2-300x67.png 300w, https:\/\/castellbaroniapinturas.com.ar\/wp-content\/uploads\/2026\/01\/cl2-1024x229.png 1024w, https:\/\/castellbaroniapinturas.com.ar\/wp-content\/uploads\/2026\/01\/cl2-768x172.png 768w, https:\/\/castellbaroniapinturas.com.ar\/wp-content\/uploads\/2026\/01\/cl2-600x134.png 600w, https:\/\/castellbaroniapinturas.com.ar\/wp-content\/uploads\/2026\/01\/cl2.png 1281w\" sizes=\"(max-width: 264px) 100vw, 264px\" \/><\/p>\n<hr data-start=\"1407\" data-end=\"1410\" \/>\n<h3 data-start=\"1412\" data-end=\"1432\"><span style=\"color: #ff0000;\"><strong data-start=\"1416\" data-end=\"1432\">Presentaci\u00f3n<\/strong><\/span><\/h3>\n<p data-start=\"1433\" data-end=\"1465\"><strong data-start=\"1433\" data-end=\"1465\">1 lt, 4 lts, 10 lts y 20 lts<\/strong><\/p>\n","protected":false},"excerpt":{"rendered":"<p>L\u00e1tex acr\u00edlico <span style=\"color: #ff0000;\"><strong>lavable de excelente poder cubritivo<\/strong><\/span>, alta resistencia a la formaci\u00f3n de hongos y muy buena nivelaci\u00f3n, apto para interiores y exteriores.<\/p>\n","protected":false},"featured_media":951,"comment_status":"open","ping_status":"closed","template":"","meta":{"site-sidebar-layout":"default","site-content-layout":"","ast-site-content-layout":"default","site-content-style":"default","site-sidebar-style":"default","ast-global-header-display":"","ast-banner-title-visibility":"","ast-main-header-display":"","ast-hfb-above-header-display":"","ast-hfb-below-header-display":"","ast-hfb-mobile-header-display":"","site-post-title":"","ast-breadcrumbs-content":"","ast-featured-img":"","footer-sml-layout":"","ast-disable-related-posts":"","theme-transparent-header-meta":"default","adv-header-id-meta":"","stick-header-meta":"","header-above-stick-meta":"","header-main-stick-meta":"","header-below-stick-meta":"","astra-migrate-meta-layouts":"set","ast-page-background-enabled":"default","ast-page-background-meta":{"desktop":{"background-color":"var(--ast-global-color-4)","background-image":"","background-repeat":"repeat","background-position":"center center","background-size":"auto","background-attachment":"scroll","background-type":"","background-media":"","overlay-type":"","overlay-color":"","overlay-opacity":"","overlay-gradient":""},"tablet":{"background-color":"","background-image":"","background-repeat":"repeat","background-position":"center center","background-size":"auto","background-attachment":"scroll","background-type":"","background-media":"","overlay-type":"","overlay-color":"","overlay-opacity":"","overlay-gradient":""},"mobile":{"background-color":"","background-image":"","background-repeat":"repeat","background-position":"center center","background-size":"auto","background-attachment":"scroll","background-type":"","background-media":"","overlay-type":"","overlay-color":"","overlay-opacity":"","overlay-gradient":""}},"ast-content-background-meta":{"desktop":{"background-color":"var(--ast-global-color-5)","background-image":"","background-repeat":"repeat","background-position":"center center","background-size":"auto","background-attachment":"scroll","background-type":"","background-media":"","overlay-type":"","overlay-color":"","overlay-opacity":"","overlay-gradient":""},"tablet":{"background-color":"var(--ast-global-color-5)","background-image":"","background-repeat":"repeat","background-position":"center center","background-size":"auto","background-attachment":"scroll","background-type":"","background-media":"","overlay-type":"","overlay-color":"","overlay-opacity":"","overlay-gradient":""},"mobile":{"background-color":"var(--ast-global-color-5)","background-image":"","background-repeat":"repeat","background-position":"center center","background-size":"auto","background-attachment":"scroll","background-type":"","background-media":"","overlay-type":"","overlay-color":"","overlay-opacity":"","overlay-gradient":""}},"_joinchat":[]},"product_brand":[36],"product_cat":[22],"product_tag":[],"class_list":{"0":"post-950","1":"product","2":"type-product","3":"status-publish","4":"has-post-thumbnail","6":"product_brand-dolce","7":"product_cat-pinturas-latex","8":"desktop-align-left","9":"tablet-align-left","10":"mobile-align-left","12":"first","13":"instock","14":"shipping-taxable","15":"product-type-simple"},"yoast_head":"<!-- This site is optimized with the Yoast SEO plugin v26.8 - https:\/\/yoast.com\/product\/yoast-seo-wordpress\/ -->\n<title>l\u00e1tex interior\/exterior | Colores vivos - Castell Baronia<\/title>\n<meta name=\"description\" content=\"L\u00e1tex acr\u00edlico lavable de excelente poder cubritivo, alta resistencia a la formaci\u00f3n de hongos y muy buena nivelaci\u00f3n, apto para interiores y exteriores.\" \/>\n<meta name=\"robots\" content=\"index, follow, max-snippet:-1, max-image-preview:large, max-video-preview:-1\" \/>\n<link rel=\"canonical\" href=\"https:\/\/castellbaroniapinturas.com.ar\/index.php\/producto\/latex-interior-exterior-colores-vivos\/\" \/>\n<meta property=\"og:locale\" content=\"es_ES\" \/>\n<meta property=\"og:type\" content=\"article\" \/>\n<meta property=\"og:title\" content=\"l\u00e1tex interior\/exterior | Colores vivos - Castell Baronia\" \/>\n<meta property=\"og:description\" content=\"L\u00e1tex acr\u00edlico lavable de excelente poder cubritivo, alta resistencia a la formaci\u00f3n de hongos y muy buena nivelaci\u00f3n, apto para interiores y exteriores.\" \/>\n<meta property=\"og:url\" content=\"https:\/\/castellbaroniapinturas.com.ar\/index.php\/producto\/latex-interior-exterior-colores-vivos\/\" \/>\n<meta property=\"og:site_name\" content=\"Castell Baronia\" \/>\n<meta property=\"og:image\" content=\"http:\/\/castellbaroniapinturas.com.ar\/wp-content\/uploads\/2026\/01\/15.jpg\" \/>\n\t<meta property=\"og:image:width\" content=\"700\" \/>\n\t<meta property=\"og:image:height\" content=\"700\" \/>\n\t<meta property=\"og:image:type\" content=\"image\/jpeg\" \/>\n<meta name=\"twitter:card\" content=\"summary_large_image\" \/>\n<meta name=\"twitter:label1\" content=\"Tiempo de lectura\" \/>\n\t<meta name=\"twitter:data1\" content=\"1 minuto\" \/>\n<script type=\"application\/ld+json\" class=\"yoast-schema-graph\">{\"@context\":\"https:\/\/schema.org\",\"@graph\":[{\"@type\":\"WebPage\",\"@id\":\"https:\/\/castellbaroniapinturas.com.ar\/index.php\/producto\/latex-interior-exterior-colores-vivos\/\",\"url\":\"https:\/\/castellbaroniapinturas.com.ar\/index.php\/producto\/latex-interior-exterior-colores-vivos\/\",\"name\":\"l\u00e1tex interior\/exterior | Colores vivos - Castell Baronia\",\"isPartOf\":{\"@id\":\"https:\/\/castellbaroniapinturas.com.ar\/#website\"},\"primaryImageOfPage\":{\"@id\":\"https:\/\/castellbaroniapinturas.com.ar\/index.php\/producto\/latex-interior-exterior-colores-vivos\/#primaryimage\"},\"image\":{\"@id\":\"https:\/\/castellbaroniapinturas.com.ar\/index.php\/producto\/latex-interior-exterior-colores-vivos\/#primaryimage\"},\"thumbnailUrl\":\"https:\/\/castellbaroniapinturas.com.ar\/wp-content\/uploads\/2026\/01\/15.jpg\",\"datePublished\":\"2026-01-25T16:33:42+00:00\",\"description\":\"L\u00e1tex acr\u00edlico lavable de excelente poder cubritivo, alta resistencia a la formaci\u00f3n de hongos y muy buena nivelaci\u00f3n, apto para interiores y exteriores.\",\"breadcrumb\":{\"@id\":\"https:\/\/castellbaroniapinturas.com.ar\/index.php\/producto\/latex-interior-exterior-colores-vivos\/#breadcrumb\"},\"inLanguage\":\"es\",\"potentialAction\":[{\"@type\":\"ReadAction\",\"target\":[\"https:\/\/castellbaroniapinturas.com.ar\/index.php\/producto\/latex-interior-exterior-colores-vivos\/\"]}]},{\"@type\":\"ImageObject\",\"inLanguage\":\"es\",\"@id\":\"https:\/\/castellbaroniapinturas.com.ar\/index.php\/producto\/latex-interior-exterior-colores-vivos\/#primaryimage\",\"url\":\"https:\/\/castellbaroniapinturas.com.ar\/wp-content\/uploads\/2026\/01\/15.jpg\",\"contentUrl\":\"https:\/\/castellbaroniapinturas.com.ar\/wp-content\/uploads\/2026\/01\/15.jpg\",\"width\":700,\"height\":700},{\"@type\":\"BreadcrumbList\",\"@id\":\"https:\/\/castellbaroniapinturas.com.ar\/index.php\/producto\/latex-interior-exterior-colores-vivos\/#breadcrumb\",\"itemListElement\":[{\"@type\":\"ListItem\",\"position\":1,\"name\":\"Portada\",\"item\":\"https:\/\/castellbaroniapinturas.com.ar\/\"},{\"@type\":\"ListItem\",\"position\":2,\"name\":\"Tienda\",\"item\":\"https:\/\/castellbaroniapinturas.com.ar\/index.php\/tienda\/\"},{\"@type\":\"ListItem\",\"position\":3,\"name\":\"l\u00e1tex interior\/exterior | Colores vivos\"}]},{\"@type\":\"WebSite\",\"@id\":\"https:\/\/castellbaroniapinturas.com.ar\/#website\",\"url\":\"https:\/\/castellbaroniapinturas.com.ar\/\",\"name\":\"Castell Baronia\",\"description\":\"Castell Baronia Pinturas. Marca argentina con 60 a\u00f1os de experiencia en pinturas y revestimientos de calidad profesional para obras, pinturer\u00edas y proyectos.\",\"publisher\":{\"@id\":\"https:\/\/castellbaroniapinturas.com.ar\/#organization\"},\"potentialAction\":[{\"@type\":\"SearchAction\",\"target\":{\"@type\":\"EntryPoint\",\"urlTemplate\":\"https:\/\/castellbaroniapinturas.com.ar\/?s={search_term_string}\"},\"query-input\":{\"@type\":\"PropertyValueSpecification\",\"valueRequired\":true,\"valueName\":\"search_term_string\"}}],\"inLanguage\":\"es\"},{\"@type\":\"Organization\",\"@id\":\"https:\/\/castellbaroniapinturas.com.ar\/#organization\",\"name\":\"Castell Baronia\",\"url\":\"https:\/\/castellbaroniapinturas.com.ar\/\",\"logo\":{\"@type\":\"ImageObject\",\"inLanguage\":\"es\",\"@id\":\"https:\/\/castellbaroniapinturas.com.ar\/#\/schema\/logo\/image\/\",\"url\":\"https:\/\/castellbaroniapinturas.com.ar\/wp-content\/uploads\/2026\/01\/CASTELL-BARONIA-LOGO-WEB.png\",\"contentUrl\":\"https:\/\/castellbaroniapinturas.com.ar\/wp-content\/uploads\/2026\/01\/CASTELL-BARONIA-LOGO-WEB.png\",\"width\":768,\"height\":257,\"caption\":\"Castell Baronia\"},\"image\":{\"@id\":\"https:\/\/castellbaroniapinturas.com.ar\/#\/schema\/logo\/image\/\"}}]}<\/script>\n<!-- \/ Yoast SEO plugin. -->","yoast_head_json":{"title":"l\u00e1tex interior\/exterior | Colores vivos - Castell Baronia","description":"L\u00e1tex acr\u00edlico lavable de excelente poder cubritivo, alta resistencia a la formaci\u00f3n de hongos y muy buena nivelaci\u00f3n, apto para interiores y exteriores.","robots":{"index":"index","follow":"follow","max-snippet":"max-snippet:-1","max-image-preview":"max-image-preview:large","max-video-preview":"max-video-preview:-1"},"canonical":"https:\/\/castellbaroniapinturas.com.ar\/index.php\/producto\/latex-interior-exterior-colores-vivos\/","og_locale":"es_ES","og_type":"article","og_title":"l\u00e1tex interior\/exterior | Colores vivos - Castell Baronia","og_description":"L\u00e1tex acr\u00edlico lavable de excelente poder cubritivo, alta resistencia a la formaci\u00f3n de hongos y muy buena nivelaci\u00f3n, apto para interiores y exteriores.","og_url":"https:\/\/castellbaroniapinturas.com.ar\/index.php\/producto\/latex-interior-exterior-colores-vivos\/","og_site_name":"Castell Baronia","og_image":[{"width":700,"height":700,"url":"http:\/\/castellbaroniapinturas.com.ar\/wp-content\/uploads\/2026\/01\/15.jpg","type":"image\/jpeg"}],"twitter_card":"summary_large_image","twitter_misc":{"Tiempo de lectura":"1 minuto"},"schema":{"@context":"https:\/\/schema.org","@graph":[{"@type":"WebPage","@id":"https:\/\/castellbaroniapinturas.com.ar\/index.php\/producto\/latex-interior-exterior-colores-vivos\/","url":"https:\/\/castellbaroniapinturas.com.ar\/index.php\/producto\/latex-interior-exterior-colores-vivos\/","name":"l\u00e1tex interior\/exterior | Colores vivos - Castell Baronia","isPartOf":{"@id":"https:\/\/castellbaroniapinturas.com.ar\/#website"},"primaryImageOfPage":{"@id":"https:\/\/castellbaroniapinturas.com.ar\/index.php\/producto\/latex-interior-exterior-colores-vivos\/#primaryimage"},"image":{"@id":"https:\/\/castellbaroniapinturas.com.ar\/index.php\/producto\/latex-interior-exterior-colores-vivos\/#primaryimage"},"thumbnailUrl":"https:\/\/castellbaroniapinturas.com.ar\/wp-content\/uploads\/2026\/01\/15.jpg","datePublished":"2026-01-25T16:33:42+00:00","description":"L\u00e1tex acr\u00edlico lavable de excelente poder cubritivo, alta resistencia a la formaci\u00f3n de hongos y muy buena nivelaci\u00f3n, apto para interiores y exteriores.","breadcrumb":{"@id":"https:\/\/castellbaroniapinturas.com.ar\/index.php\/producto\/latex-interior-exterior-colores-vivos\/#breadcrumb"},"inLanguage":"es","potentialAction":[{"@type":"ReadAction","target":["https:\/\/castellbaroniapinturas.com.ar\/index.php\/producto\/latex-interior-exterior-colores-vivos\/"]}]},{"@type":"ImageObject","inLanguage":"es","@id":"https:\/\/castellbaroniapinturas.com.ar\/index.php\/producto\/latex-interior-exterior-colores-vivos\/#primaryimage","url":"https:\/\/castellbaroniapinturas.com.ar\/wp-content\/uploads\/2026\/01\/15.jpg","contentUrl":"https:\/\/castellbaroniapinturas.com.ar\/wp-content\/uploads\/2026\/01\/15.jpg","width":700,"height":700},{"@type":"BreadcrumbList","@id":"https:\/\/castellbaroniapinturas.com.ar\/index.php\/producto\/latex-interior-exterior-colores-vivos\/#breadcrumb","itemListElement":[{"@type":"ListItem","position":1,"name":"Portada","item":"https:\/\/castellbaroniapinturas.com.ar\/"},{"@type":"ListItem","position":2,"name":"Tienda","item":"https:\/\/castellbaroniapinturas.com.ar\/index.php\/tienda\/"},{"@type":"ListItem","position":3,"name":"l\u00e1tex interior\/exterior | Colores vivos"}]},{"@type":"WebSite","@id":"https:\/\/castellbaroniapinturas.com.ar\/#website","url":"https:\/\/castellbaroniapinturas.com.ar\/","name":"Castell Baronia","description":"Castell Baronia Pinturas. Marca argentina con 60 a\u00f1os de experiencia en pinturas y revestimientos de calidad profesional para obras, pinturer\u00edas y proyectos.","publisher":{"@id":"https:\/\/castellbaroniapinturas.com.ar\/#organization"},"potentialAction":[{"@type":"SearchAction","target":{"@type":"EntryPoint","urlTemplate":"https:\/\/castellbaroniapinturas.com.ar\/?s={search_term_string}"},"query-input":{"@type":"PropertyValueSpecification","valueRequired":true,"valueName":"search_term_string"}}],"inLanguage":"es"},{"@type":"Organization","@id":"https:\/\/castellbaroniapinturas.com.ar\/#organization","name":"Castell Baronia","url":"https:\/\/castellbaroniapinturas.com.ar\/","logo":{"@type":"ImageObject","inLanguage":"es","@id":"https:\/\/castellbaroniapinturas.com.ar\/#\/schema\/logo\/image\/","url":"https:\/\/castellbaroniapinturas.com.ar\/wp-content\/uploads\/2026\/01\/CASTELL-BARONIA-LOGO-WEB.png","contentUrl":"https:\/\/castellbaroniapinturas.com.ar\/wp-content\/uploads\/2026\/01\/CASTELL-BARONIA-LOGO-WEB.png","width":768,"height":257,"caption":"Castell Baronia"},"image":{"@id":"https:\/\/castellbaroniapinturas.com.ar\/#\/schema\/logo\/image\/"}}]}},"_links":{"self":[{"href":"https:\/\/castellbaroniapinturas.com.ar\/index.php\/wp-json\/wp\/v2\/product\/950","targetHints":{"allow":["GET"]}}],"collection":[{"href":"https:\/\/castellbaroniapinturas.com.ar\/index.php\/wp-json\/wp\/v2\/product"}],"about":[{"href":"https:\/\/castellbaroniapinturas.com.ar\/index.php\/wp-json\/wp\/v2\/types\/product"}],"replies":[{"embeddable":true,"href":"https:\/\/castellbaroniapinturas.com.ar\/index.php\/wp-json\/wp\/v2\/comments?post=950"}],"wp:featuredmedia":[{"embeddable":true,"href":"https:\/\/castellbaroniapinturas.com.ar\/index.php\/wp-json\/wp\/v2\/media\/951"}],"wp:attachment":[{"href":"https:\/\/castellbaroniapinturas.com.ar\/index.php\/wp-json\/wp\/v2\/media?parent=950"}],"wp:term":[{"taxonomy":"product_brand","embeddable":true,"href":"https:\/\/castellbaroniapinturas.com.ar\/index.php\/wp-json\/wp\/v2\/product_brand?post=950"},{"taxonomy":"product_cat","embeddable":true,"href":"https:\/\/castellbaroniapinturas.com.ar\/index.php\/wp-json\/wp\/v2\/product_cat?post=950"},{"taxonomy":"product_tag","embeddable":true,"href":"https:\/\/castellbaroniapinturas.com.ar\/index.php\/wp-json\/wp\/v2\/product_tag?post=950"}],"curies":[{"name":"wp","href":"https:\/\/api.w.org\/{rel}","templated":true}]}}