{"id":953,"date":"2026-01-25T16:38:39","date_gmt":"2026-01-25T16:38:39","guid":{"rendered":"https:\/\/castellbaroniapinturas.com.ar\/?post_type=product&#038;p=953"},"modified":"2026-01-25T16:38:39","modified_gmt":"2026-01-25T16:38:39","slug":"galvachap-hidroesmalte","status":"publish","type":"product","link":"https:\/\/castellbaroniapinturas.com.ar\/index.php\/producto\/galvachap-hidroesmalte\/","title":{"rendered":"Galvachap hidroesmalte"},"content":{"rendered":"<h3 data-start=\"505\" data-end=\"537\"><span style=\"color: #ff0000;\"><strong data-start=\"509\" data-end=\"537\">Descripci\u00f3n del producto<\/strong><\/span><\/h3>\n<p data-start=\"538\" data-end=\"894\">Producto formulado a base de dispersiones acr\u00edlicas en suspensi\u00f3n, con caracter\u00edsticas destacadas de m\u00e1xima adherencia, durabilidad, excelente acabado y elasticidad.<br data-start=\"703\" data-end=\"706\" \/>Galvachap Hidroesmalte crea una capa protectora que a\u00edsla la superficie pintada de los agentes clim\u00e1ticos, brindando una protecci\u00f3n duradera en chapas y otras superficies donde se aplique.<\/p>\n<hr data-start=\"896\" data-end=\"899\" \/>\n<h3 data-start=\"901\" data-end=\"926\"><span style=\"color: #ff0000;\"><strong data-start=\"905\" data-end=\"926\">Superficies aptas<\/strong><\/span><\/h3>\n<p data-start=\"927\" data-end=\"949\">Puede aplicarse sobre:<\/p>\n<ul data-start=\"950\" data-end=\"1116\">\n<li data-start=\"950\" data-end=\"971\">\n<p data-start=\"952\" data-end=\"971\">Chapa galvanizada<\/p>\n<\/li>\n<li data-start=\"972\" data-end=\"984\">\n<p data-start=\"974\" data-end=\"984\">Aluminio<\/p>\n<\/li>\n<li data-start=\"985\" data-end=\"1002\">\n<p data-start=\"987\" data-end=\"1002\">Chapa de zinc<\/p>\n<\/li>\n<li data-start=\"1003\" data-end=\"1013\">\n<p data-start=\"1005\" data-end=\"1013\">Hierro<\/p>\n<\/li>\n<li data-start=\"1014\" data-end=\"1030\">\n<p data-start=\"1016\" data-end=\"1030\">Fibrocemento<\/p>\n<\/li>\n<li data-start=\"1031\" data-end=\"1043\">\n<p data-start=\"1033\" data-end=\"1043\">Chapadur<\/p>\n<\/li>\n<li data-start=\"1044\" data-end=\"1057\">\n<p data-start=\"1046\" data-end=\"1057\">Hardboard<\/p>\n<\/li>\n<li data-start=\"1058\" data-end=\"1067\">\n<p data-start=\"1060\" data-end=\"1067\">Tejas<\/p>\n<\/li>\n<li data-start=\"1068\" data-end=\"1080\">\n<p data-start=\"1070\" data-end=\"1080\">Cer\u00e1mica<\/p>\n<\/li>\n<li data-start=\"1081\" data-end=\"1091\">\n<p data-start=\"1083\" data-end=\"1091\">Madera<\/p>\n<\/li>\n<li data-start=\"1092\" data-end=\"1104\">\n<p data-start=\"1094\" data-end=\"1104\">Pl\u00e1stico<\/p>\n<\/li>\n<li data-start=\"1105\" data-end=\"1116\">\n<p data-start=\"1107\" data-end=\"1116\">Paredes<\/p>\n<\/li>\n<\/ul>\n<hr data-start=\"1118\" data-end=\"1121\" \/>\n<h3 data-start=\"1123\" data-end=\"1142\"><span style=\"color: #ff0000;\"><strong data-start=\"1127\" data-end=\"1142\">Rendimiento<\/strong><\/span><\/h3>\n<p data-start=\"1143\" data-end=\"1219\">Rinde de <strong data-start=\"1152\" data-end=\"1187\">12 a 14 m\u00b2 por litro y por mano<\/strong>, con acabado <strong data-start=\"1201\" data-end=\"1218\">semibrillante<\/strong>.<\/p>\n<hr data-start=\"1221\" data-end=\"1224\" \/>\n<h3 data-start=\"1226\" data-end=\"1246\"><span style=\"color: #ff0000;\"><strong data-start=\"1230\" data-end=\"1246\">Presentaci\u00f3n<\/strong><\/span><\/h3>\n<p data-start=\"1247\" data-end=\"1279\"><strong data-start=\"1247\" data-end=\"1279\">1 lt, 4 lts, 10 lts y 20 lts<\/strong><\/p>\n","protected":false},"excerpt":{"rendered":"<p>Pintura acr\u00edlica hidroesmalte de <strong data-start=\"386\" data-end=\"421\">m\u00e1xima adherencia y durabilidad<\/strong>, ideal para la protecci\u00f3n de chapas y superficies expuestas a la intemperie.<\/p>\n","protected":false},"featured_media":954,"comment_status":"open","ping_status":"closed","template":"","meta":{"site-sidebar-layout":"default","site-content-layout":"","ast-site-content-layout":"default","site-content-style":"default","site-sidebar-style":"default","ast-global-header-display":"","ast-banner-title-visibility":"","ast-main-header-display":"","ast-hfb-above-header-display":"","ast-hfb-below-header-display":"","ast-hfb-mobile-header-display":"","site-post-title":"","ast-breadcrumbs-content":"","ast-featured-img":"","footer-sml-layout":"","ast-disable-related-posts":"","theme-transparent-header-meta":"default","adv-header-id-meta":"","stick-header-meta":"","header-above-stick-meta":"","header-main-stick-meta":"","header-below-stick-meta":"","astra-migrate-meta-layouts":"set","ast-page-background-enabled":"default","ast-page-background-meta":{"desktop":{"background-color":"var(--ast-global-color-4)","background-image":"","background-repeat":"repeat","background-position":"center center","background-size":"auto","background-attachment":"scroll","background-type":"","background-media":"","overlay-type":"","overlay-color":"","overlay-opacity":"","overlay-gradient":""},"tablet":{"background-color":"","background-image":"","background-repeat":"repeat","background-position":"center center","background-size":"auto","background-attachment":"scroll","background-type":"","background-media":"","overlay-type":"","overlay-color":"","overlay-opacity":"","overlay-gradient":""},"mobile":{"background-color":"","background-image":"","background-repeat":"repeat","background-position":"center center","background-size":"auto","background-attachment":"scroll","background-type":"","background-media":"","overlay-type":"","overlay-color":"","overlay-opacity":"","overlay-gradient":""}},"ast-content-background-meta":{"desktop":{"background-color":"var(--ast-global-color-5)","background-image":"","background-repeat":"repeat","background-position":"center center","background-size":"auto","background-attachment":"scroll","background-type":"","background-media":"","overlay-type":"","overlay-color":"","overlay-opacity":"","overlay-gradient":""},"tablet":{"background-color":"var(--ast-global-color-5)","background-image":"","background-repeat":"repeat","background-position":"center center","background-size":"auto","background-attachment":"scroll","background-type":"","background-media":"","overlay-type":"","overlay-color":"","overlay-opacity":"","overlay-gradient":""},"mobile":{"background-color":"var(--ast-global-color-5)","background-image":"","background-repeat":"repeat","background-position":"center center","background-size":"auto","background-attachment":"scroll","background-type":"","background-media":"","overlay-type":"","overlay-color":"","overlay-opacity":"","overlay-gradient":""}},"_joinchat":[]},"product_brand":[37],"product_cat":[26],"product_tag":[],"class_list":{"0":"post-953","1":"product","2":"type-product","3":"status-publish","4":"has-post-thumbnail","6":"product_brand-galvachap","7":"product_cat-pinturas-especiales","8":"desktop-align-left","9":"tablet-align-left","10":"mobile-align-left","12":"first","13":"instock","14":"shipping-taxable","15":"product-type-simple"},"yoast_head":"<!-- This site is optimized with the Yoast SEO plugin v26.8 - https:\/\/yoast.com\/product\/yoast-seo-wordpress\/ -->\n<title>Galvachap hidroesmalte - Castell Baronia<\/title>\n<meta name=\"description\" content=\"Pintura acr\u00edlica hidroesmalte de m\u00e1xima adherencia y durabilidad, ideal para la protecci\u00f3n de chapas y superficies expuestas a la intemperie.\" \/>\n<meta name=\"robots\" content=\"index, follow, max-snippet:-1, max-image-preview:large, max-video-preview:-1\" \/>\n<link rel=\"canonical\" href=\"https:\/\/castellbaroniapinturas.com.ar\/index.php\/producto\/galvachap-hidroesmalte\/\" \/>\n<meta property=\"og:locale\" content=\"es_ES\" \/>\n<meta property=\"og:type\" content=\"article\" \/>\n<meta property=\"og:title\" content=\"Galvachap hidroesmalte - Castell Baronia\" \/>\n<meta property=\"og:description\" content=\"Pintura acr\u00edlica hidroesmalte de m\u00e1xima adherencia y durabilidad, ideal para la protecci\u00f3n de chapas y superficies expuestas a la intemperie.\" \/>\n<meta property=\"og:url\" content=\"https:\/\/castellbaroniapinturas.com.ar\/index.php\/producto\/galvachap-hidroesmalte\/\" \/>\n<meta property=\"og:site_name\" content=\"Castell Baronia\" \/>\n<meta property=\"og:image\" content=\"http:\/\/castellbaroniapinturas.com.ar\/wp-content\/uploads\/2026\/01\/16.jpg\" \/>\n\t<meta property=\"og:image:width\" content=\"700\" \/>\n\t<meta property=\"og:image:height\" content=\"700\" \/>\n\t<meta property=\"og:image:type\" content=\"image\/jpeg\" \/>\n<meta name=\"twitter:card\" content=\"summary_large_image\" \/>\n<meta name=\"twitter:label1\" content=\"Tiempo de lectura\" \/>\n\t<meta name=\"twitter:data1\" content=\"1 minuto\" \/>\n<script type=\"application\/ld+json\" class=\"yoast-schema-graph\">{\"@context\":\"https:\/\/schema.org\",\"@graph\":[{\"@type\":\"WebPage\",\"@id\":\"https:\/\/castellbaroniapinturas.com.ar\/index.php\/producto\/galvachap-hidroesmalte\/\",\"url\":\"https:\/\/castellbaroniapinturas.com.ar\/index.php\/producto\/galvachap-hidroesmalte\/\",\"name\":\"Galvachap hidroesmalte - Castell Baronia\",\"isPartOf\":{\"@id\":\"https:\/\/castellbaroniapinturas.com.ar\/#website\"},\"primaryImageOfPage\":{\"@id\":\"https:\/\/castellbaroniapinturas.com.ar\/index.php\/producto\/galvachap-hidroesmalte\/#primaryimage\"},\"image\":{\"@id\":\"https:\/\/castellbaroniapinturas.com.ar\/index.php\/producto\/galvachap-hidroesmalte\/#primaryimage\"},\"thumbnailUrl\":\"https:\/\/castellbaroniapinturas.com.ar\/wp-content\/uploads\/2026\/01\/16.jpg\",\"datePublished\":\"2026-01-25T16:38:39+00:00\",\"description\":\"Pintura acr\u00edlica hidroesmalte de m\u00e1xima adherencia y durabilidad, ideal para la protecci\u00f3n de chapas y superficies expuestas a la intemperie.\",\"breadcrumb\":{\"@id\":\"https:\/\/castellbaroniapinturas.com.ar\/index.php\/producto\/galvachap-hidroesmalte\/#breadcrumb\"},\"inLanguage\":\"es\",\"potentialAction\":[{\"@type\":\"ReadAction\",\"target\":[\"https:\/\/castellbaroniapinturas.com.ar\/index.php\/producto\/galvachap-hidroesmalte\/\"]}]},{\"@type\":\"ImageObject\",\"inLanguage\":\"es\",\"@id\":\"https:\/\/castellbaroniapinturas.com.ar\/index.php\/producto\/galvachap-hidroesmalte\/#primaryimage\",\"url\":\"https:\/\/castellbaroniapinturas.com.ar\/wp-content\/uploads\/2026\/01\/16.jpg\",\"contentUrl\":\"https:\/\/castellbaroniapinturas.com.ar\/wp-content\/uploads\/2026\/01\/16.jpg\",\"width\":700,\"height\":700},{\"@type\":\"BreadcrumbList\",\"@id\":\"https:\/\/castellbaroniapinturas.com.ar\/index.php\/producto\/galvachap-hidroesmalte\/#breadcrumb\",\"itemListElement\":[{\"@type\":\"ListItem\",\"position\":1,\"name\":\"Portada\",\"item\":\"https:\/\/castellbaroniapinturas.com.ar\/\"},{\"@type\":\"ListItem\",\"position\":2,\"name\":\"Tienda\",\"item\":\"https:\/\/castellbaroniapinturas.com.ar\/index.php\/tienda\/\"},{\"@type\":\"ListItem\",\"position\":3,\"name\":\"Galvachap hidroesmalte\"}]},{\"@type\":\"WebSite\",\"@id\":\"https:\/\/castellbaroniapinturas.com.ar\/#website\",\"url\":\"https:\/\/castellbaroniapinturas.com.ar\/\",\"name\":\"Castell Baronia\",\"description\":\"Castell Baronia Pinturas. Marca argentina con 60 a\u00f1os de experiencia en pinturas y revestimientos de calidad profesional para obras, pinturer\u00edas y proyectos.\",\"publisher\":{\"@id\":\"https:\/\/castellbaroniapinturas.com.ar\/#organization\"},\"potentialAction\":[{\"@type\":\"SearchAction\",\"target\":{\"@type\":\"EntryPoint\",\"urlTemplate\":\"https:\/\/castellbaroniapinturas.com.ar\/?s={search_term_string}\"},\"query-input\":{\"@type\":\"PropertyValueSpecification\",\"valueRequired\":true,\"valueName\":\"search_term_string\"}}],\"inLanguage\":\"es\"},{\"@type\":\"Organization\",\"@id\":\"https:\/\/castellbaroniapinturas.com.ar\/#organization\",\"name\":\"Castell Baronia\",\"url\":\"https:\/\/castellbaroniapinturas.com.ar\/\",\"logo\":{\"@type\":\"ImageObject\",\"inLanguage\":\"es\",\"@id\":\"https:\/\/castellbaroniapinturas.com.ar\/#\/schema\/logo\/image\/\",\"url\":\"https:\/\/castellbaroniapinturas.com.ar\/wp-content\/uploads\/2026\/01\/CASTELL-BARONIA-LOGO-WEB.png\",\"contentUrl\":\"https:\/\/castellbaroniapinturas.com.ar\/wp-content\/uploads\/2026\/01\/CASTELL-BARONIA-LOGO-WEB.png\",\"width\":768,\"height\":257,\"caption\":\"Castell Baronia\"},\"image\":{\"@id\":\"https:\/\/castellbaroniapinturas.com.ar\/#\/schema\/logo\/image\/\"}}]}<\/script>\n<!-- \/ Yoast SEO plugin. -->","yoast_head_json":{"title":"Galvachap hidroesmalte - Castell Baronia","description":"Pintura acr\u00edlica hidroesmalte de m\u00e1xima adherencia y durabilidad, ideal para la protecci\u00f3n de chapas y superficies expuestas a la intemperie.","robots":{"index":"index","follow":"follow","max-snippet":"max-snippet:-1","max-image-preview":"max-image-preview:large","max-video-preview":"max-video-preview:-1"},"canonical":"https:\/\/castellbaroniapinturas.com.ar\/index.php\/producto\/galvachap-hidroesmalte\/","og_locale":"es_ES","og_type":"article","og_title":"Galvachap hidroesmalte - Castell Baronia","og_description":"Pintura acr\u00edlica hidroesmalte de m\u00e1xima adherencia y durabilidad, ideal para la protecci\u00f3n de chapas y superficies expuestas a la intemperie.","og_url":"https:\/\/castellbaroniapinturas.com.ar\/index.php\/producto\/galvachap-hidroesmalte\/","og_site_name":"Castell Baronia","og_image":[{"width":700,"height":700,"url":"http:\/\/castellbaroniapinturas.com.ar\/wp-content\/uploads\/2026\/01\/16.jpg","type":"image\/jpeg"}],"twitter_card":"summary_large_image","twitter_misc":{"Tiempo de lectura":"1 minuto"},"schema":{"@context":"https:\/\/schema.org","@graph":[{"@type":"WebPage","@id":"https:\/\/castellbaroniapinturas.com.ar\/index.php\/producto\/galvachap-hidroesmalte\/","url":"https:\/\/castellbaroniapinturas.com.ar\/index.php\/producto\/galvachap-hidroesmalte\/","name":"Galvachap hidroesmalte - Castell Baronia","isPartOf":{"@id":"https:\/\/castellbaroniapinturas.com.ar\/#website"},"primaryImageOfPage":{"@id":"https:\/\/castellbaroniapinturas.com.ar\/index.php\/producto\/galvachap-hidroesmalte\/#primaryimage"},"image":{"@id":"https:\/\/castellbaroniapinturas.com.ar\/index.php\/producto\/galvachap-hidroesmalte\/#primaryimage"},"thumbnailUrl":"https:\/\/castellbaroniapinturas.com.ar\/wp-content\/uploads\/2026\/01\/16.jpg","datePublished":"2026-01-25T16:38:39+00:00","description":"Pintura acr\u00edlica hidroesmalte de m\u00e1xima adherencia y durabilidad, ideal para la protecci\u00f3n de chapas y superficies expuestas a la intemperie.","breadcrumb":{"@id":"https:\/\/castellbaroniapinturas.com.ar\/index.php\/producto\/galvachap-hidroesmalte\/#breadcrumb"},"inLanguage":"es","potentialAction":[{"@type":"ReadAction","target":["https:\/\/castellbaroniapinturas.com.ar\/index.php\/producto\/galvachap-hidroesmalte\/"]}]},{"@type":"ImageObject","inLanguage":"es","@id":"https:\/\/castellbaroniapinturas.com.ar\/index.php\/producto\/galvachap-hidroesmalte\/#primaryimage","url":"https:\/\/castellbaroniapinturas.com.ar\/wp-content\/uploads\/2026\/01\/16.jpg","contentUrl":"https:\/\/castellbaroniapinturas.com.ar\/wp-content\/uploads\/2026\/01\/16.jpg","width":700,"height":700},{"@type":"BreadcrumbList","@id":"https:\/\/castellbaroniapinturas.com.ar\/index.php\/producto\/galvachap-hidroesmalte\/#breadcrumb","itemListElement":[{"@type":"ListItem","position":1,"name":"Portada","item":"https:\/\/castellbaroniapinturas.com.ar\/"},{"@type":"ListItem","position":2,"name":"Tienda","item":"https:\/\/castellbaroniapinturas.com.ar\/index.php\/tienda\/"},{"@type":"ListItem","position":3,"name":"Galvachap hidroesmalte"}]},{"@type":"WebSite","@id":"https:\/\/castellbaroniapinturas.com.ar\/#website","url":"https:\/\/castellbaroniapinturas.com.ar\/","name":"Castell Baronia","description":"Castell Baronia Pinturas. Marca argentina con 60 a\u00f1os de experiencia en pinturas y revestimientos de calidad profesional para obras, pinturer\u00edas y proyectos.","publisher":{"@id":"https:\/\/castellbaroniapinturas.com.ar\/#organization"},"potentialAction":[{"@type":"SearchAction","target":{"@type":"EntryPoint","urlTemplate":"https:\/\/castellbaroniapinturas.com.ar\/?s={search_term_string}"},"query-input":{"@type":"PropertyValueSpecification","valueRequired":true,"valueName":"search_term_string"}}],"inLanguage":"es"},{"@type":"Organization","@id":"https:\/\/castellbaroniapinturas.com.ar\/#organization","name":"Castell Baronia","url":"https:\/\/castellbaroniapinturas.com.ar\/","logo":{"@type":"ImageObject","inLanguage":"es","@id":"https:\/\/castellbaroniapinturas.com.ar\/#\/schema\/logo\/image\/","url":"https:\/\/castellbaroniapinturas.com.ar\/wp-content\/uploads\/2026\/01\/CASTELL-BARONIA-LOGO-WEB.png","contentUrl":"https:\/\/castellbaroniapinturas.com.ar\/wp-content\/uploads\/2026\/01\/CASTELL-BARONIA-LOGO-WEB.png","width":768,"height":257,"caption":"Castell Baronia"},"image":{"@id":"https:\/\/castellbaroniapinturas.com.ar\/#\/schema\/logo\/image\/"}}]}},"_links":{"self":[{"href":"https:\/\/castellbaroniapinturas.com.ar\/index.php\/wp-json\/wp\/v2\/product\/953","targetHints":{"allow":["GET"]}}],"collection":[{"href":"https:\/\/castellbaroniapinturas.com.ar\/index.php\/wp-json\/wp\/v2\/product"}],"about":[{"href":"https:\/\/castellbaroniapinturas.com.ar\/index.php\/wp-json\/wp\/v2\/types\/product"}],"replies":[{"embeddable":true,"href":"https:\/\/castellbaroniapinturas.com.ar\/index.php\/wp-json\/wp\/v2\/comments?post=953"}],"wp:featuredmedia":[{"embeddable":true,"href":"https:\/\/castellbaroniapinturas.com.ar\/index.php\/wp-json\/wp\/v2\/media\/954"}],"wp:attachment":[{"href":"https:\/\/castellbaroniapinturas.com.ar\/index.php\/wp-json\/wp\/v2\/media?parent=953"}],"wp:term":[{"taxonomy":"product_brand","embeddable":true,"href":"https:\/\/castellbaroniapinturas.com.ar\/index.php\/wp-json\/wp\/v2\/product_brand?post=953"},{"taxonomy":"product_cat","embeddable":true,"href":"https:\/\/castellbaroniapinturas.com.ar\/index.php\/wp-json\/wp\/v2\/product_cat?post=953"},{"taxonomy":"product_tag","embeddable":true,"href":"https:\/\/castellbaroniapinturas.com.ar\/index.php\/wp-json\/wp\/v2\/product_tag?post=953"}],"curies":[{"name":"wp","href":"https:\/\/api.w.org\/{rel}","templated":true}]}}