{"id":955,"date":"2026-01-25T16:45:12","date_gmt":"2026-01-25T16:45:12","guid":{"rendered":"https:\/\/castellbaroniapinturas.com.ar\/?post_type=product&#038;p=955"},"modified":"2026-01-25T16:45:12","modified_gmt":"2026-01-25T16:45:12","slug":"pintura-para-pileta-acuosa","status":"publish","type":"product","link":"https:\/\/castellbaroniapinturas.com.ar\/index.php\/producto\/pintura-para-pileta-acuosa\/","title":{"rendered":"Pintura para pileta acuosa"},"content":{"rendered":"<h3 data-start=\"441\" data-end=\"473\"><span style=\"color: #ff0000;\"><strong data-start=\"445\" data-end=\"473\">Descripci\u00f3n del producto<\/strong><\/span><\/h3>\n<p data-start=\"474\" data-end=\"885\">Pintura especialmente formulada a base de pol\u00edmeros acr\u00edlicos en emulsi\u00f3n al agua. Adem\u00e1s de su funci\u00f3n decorativa, act\u00faa como impermeabilizante, siendo ideal para el uso en piletas de nataci\u00f3n.<br data-start=\"668\" data-end=\"671\" \/>Presenta elevada resistencia a la intemperie, al agua y a los agentes qu\u00edmicos, y minimiza la adherencia de hongos, algas y sales calc\u00e1reas. Su pel\u00edcula de brillo semimate facilita la aplicaci\u00f3n y el mantenimiento.<\/p>\n<hr data-start=\"887\" data-end=\"890\" \/>\n<h3 data-start=\"892\" data-end=\"904\"><span style=\"color: #ff0000;\"><strong data-start=\"896\" data-end=\"904\">Usos<\/strong><\/span><\/h3>\n<p data-start=\"905\" data-end=\"1003\">Indicada para piletas de nataci\u00f3n donde se requiera protecci\u00f3n, durabilidad y f\u00e1cil mantenimiento.<\/p>\n<hr data-start=\"1005\" data-end=\"1008\" \/>\n<h3 data-start=\"1010\" data-end=\"1029\"><span style=\"color: #ff0000;\"><strong data-start=\"1014\" data-end=\"1029\">Rendimiento<\/strong><\/span><\/h3>\n<p data-start=\"1030\" data-end=\"1075\">Rinde de <strong data-start=\"1039\" data-end=\"1074\">10 a 12 m\u00b2 por litro y por mano<\/strong>.<\/p>\n<hr data-start=\"1077\" data-end=\"1080\" \/>\n<h3 data-start=\"1082\" data-end=\"1096\"><span style=\"color: #ff0000;\"><strong data-start=\"1086\" data-end=\"1096\">Secado<\/strong><\/span><\/h3>\n<ul data-start=\"1097\" data-end=\"1168\">\n<li data-start=\"1097\" data-end=\"1136\">\n<p data-start=\"1099\" data-end=\"1136\">Secado entre manos: <strong data-start=\"1119\" data-end=\"1134\">3 a 6 horas<\/strong><\/p>\n<\/li>\n<li data-start=\"1137\" data-end=\"1168\">\n<p data-start=\"1139\" data-end=\"1168\">Secado final: <strong data-start=\"1153\" data-end=\"1168\">7 a 14 d\u00edas<\/strong><\/p>\n<\/li>\n<\/ul>\n<hr data-start=\"1170\" data-end=\"1173\" \/>\n<h3 data-start=\"1175\" data-end=\"1188\"><span style=\"color: #ff0000;\"><strong data-start=\"1179\" data-end=\"1188\">Color<\/strong><\/span><\/h3>\n<p data-start=\"1189\" data-end=\"1205\"><strong data-start=\"1189\" data-end=\"1205\">Azul celeste<\/strong><\/p>\n","protected":false},"excerpt":{"rendered":"<p>Pintura acr\u00edlica base acuosa <strong data-start=\"303\" data-end=\"337\">impermeabilizante y decorativa<\/strong>, ideal para piletas de nataci\u00f3n, con alta resistencia al agua, la intemperie y agentes qu\u00edmicos.<br \/>\n<span style=\"color: #ff0000;\"><strong data-start=\"209\" data-end=\"228\">Super cubritiva<\/strong><\/span><\/p>\n","protected":false},"featured_media":956,"comment_status":"open","ping_status":"closed","template":"","meta":{"site-sidebar-layout":"default","site-content-layout":"","ast-site-content-layout":"default","site-content-style":"default","site-sidebar-style":"default","ast-global-header-display":"","ast-banner-title-visibility":"","ast-main-header-display":"","ast-hfb-above-header-display":"","ast-hfb-below-header-display":"","ast-hfb-mobile-header-display":"","site-post-title":"","ast-breadcrumbs-content":"","ast-featured-img":"","footer-sml-layout":"","ast-disable-related-posts":"","theme-transparent-header-meta":"default","adv-header-id-meta":"","stick-header-meta":"","header-above-stick-meta":"","header-main-stick-meta":"","header-below-stick-meta":"","astra-migrate-meta-layouts":"set","ast-page-background-enabled":"default","ast-page-background-meta":{"desktop":{"background-color":"var(--ast-global-color-4)","background-image":"","background-repeat":"repeat","background-position":"center center","background-size":"auto","background-attachment":"scroll","background-type":"","background-media":"","overlay-type":"","overlay-color":"","overlay-opacity":"","overlay-gradient":""},"tablet":{"background-color":"","background-image":"","background-repeat":"repeat","background-position":"center center","background-size":"auto","background-attachment":"scroll","background-type":"","background-media":"","overlay-type":"","overlay-color":"","overlay-opacity":"","overlay-gradient":""},"mobile":{"background-color":"","background-image":"","background-repeat":"repeat","background-position":"center center","background-size":"auto","background-attachment":"scroll","background-type":"","background-media":"","overlay-type":"","overlay-color":"","overlay-opacity":"","overlay-gradient":""}},"ast-content-background-meta":{"desktop":{"background-color":"var(--ast-global-color-5)","background-image":"","background-repeat":"repeat","background-position":"center center","background-size":"auto","background-attachment":"scroll","background-type":"","background-media":"","overlay-type":"","overlay-color":"","overlay-opacity":"","overlay-gradient":""},"tablet":{"background-color":"var(--ast-global-color-5)","background-image":"","background-repeat":"repeat","background-position":"center center","background-size":"auto","background-attachment":"scroll","background-type":"","background-media":"","overlay-type":"","overlay-color":"","overlay-opacity":"","overlay-gradient":""},"mobile":{"background-color":"var(--ast-global-color-5)","background-image":"","background-repeat":"repeat","background-position":"center center","background-size":"auto","background-attachment":"scroll","background-type":"","background-media":"","overlay-type":"","overlay-color":"","overlay-opacity":"","overlay-gradient":""}},"_joinchat":[]},"product_brand":[],"product_cat":[26],"product_tag":[],"class_list":{"0":"post-955","1":"product","2":"type-product","3":"status-publish","4":"has-post-thumbnail","6":"product_cat-pinturas-especiales","7":"desktop-align-left","8":"tablet-align-left","9":"mobile-align-left","11":"first","12":"instock","13":"shipping-taxable","14":"product-type-simple"},"yoast_head":"<!-- This site is optimized with the Yoast SEO plugin v26.8 - https:\/\/yoast.com\/product\/yoast-seo-wordpress\/ -->\n<title>Pintura para pileta acuosa - Castell Baronia<\/title>\n<meta name=\"description\" content=\"Pintura acr\u00edlica base acuosa impermeabilizante y decorativa, ideal para piletas de nataci\u00f3n, con alta resistencia al agua, la intemperie y agentes qu\u00edmicos.Super cubritiva\" \/>\n<meta name=\"robots\" content=\"index, follow, max-snippet:-1, max-image-preview:large, max-video-preview:-1\" \/>\n<link rel=\"canonical\" href=\"https:\/\/castellbaroniapinturas.com.ar\/index.php\/producto\/pintura-para-pileta-acuosa\/\" \/>\n<meta property=\"og:locale\" content=\"es_ES\" \/>\n<meta property=\"og:type\" content=\"article\" \/>\n<meta property=\"og:title\" content=\"Pintura para pileta acuosa - Castell Baronia\" \/>\n<meta property=\"og:description\" content=\"Pintura acr\u00edlica base acuosa impermeabilizante y decorativa, ideal para piletas de nataci\u00f3n, con alta resistencia al agua, la intemperie y agentes qu\u00edmicos.Super cubritiva\" \/>\n<meta property=\"og:url\" content=\"https:\/\/castellbaroniapinturas.com.ar\/index.php\/producto\/pintura-para-pileta-acuosa\/\" \/>\n<meta property=\"og:site_name\" content=\"Castell Baronia\" \/>\n<meta property=\"og:image\" content=\"http:\/\/castellbaroniapinturas.com.ar\/wp-content\/uploads\/2026\/01\/017.jpg\" \/>\n\t<meta property=\"og:image:width\" content=\"700\" \/>\n\t<meta property=\"og:image:height\" content=\"700\" \/>\n\t<meta property=\"og:image:type\" content=\"image\/jpeg\" \/>\n<meta name=\"twitter:card\" content=\"summary_large_image\" \/>\n<meta name=\"twitter:label1\" content=\"Tiempo de lectura\" \/>\n\t<meta name=\"twitter:data1\" content=\"1 minuto\" \/>\n<script type=\"application\/ld+json\" class=\"yoast-schema-graph\">{\"@context\":\"https:\/\/schema.org\",\"@graph\":[{\"@type\":\"WebPage\",\"@id\":\"https:\/\/castellbaroniapinturas.com.ar\/index.php\/producto\/pintura-para-pileta-acuosa\/\",\"url\":\"https:\/\/castellbaroniapinturas.com.ar\/index.php\/producto\/pintura-para-pileta-acuosa\/\",\"name\":\"Pintura para pileta acuosa - Castell Baronia\",\"isPartOf\":{\"@id\":\"https:\/\/castellbaroniapinturas.com.ar\/#website\"},\"primaryImageOfPage\":{\"@id\":\"https:\/\/castellbaroniapinturas.com.ar\/index.php\/producto\/pintura-para-pileta-acuosa\/#primaryimage\"},\"image\":{\"@id\":\"https:\/\/castellbaroniapinturas.com.ar\/index.php\/producto\/pintura-para-pileta-acuosa\/#primaryimage\"},\"thumbnailUrl\":\"https:\/\/castellbaroniapinturas.com.ar\/wp-content\/uploads\/2026\/01\/017.jpg\",\"datePublished\":\"2026-01-25T16:45:12+00:00\",\"description\":\"Pintura acr\u00edlica base acuosa impermeabilizante y decorativa, ideal para piletas de nataci\u00f3n, con alta resistencia al agua, la intemperie y agentes qu\u00edmicos.Super cubritiva\",\"breadcrumb\":{\"@id\":\"https:\/\/castellbaroniapinturas.com.ar\/index.php\/producto\/pintura-para-pileta-acuosa\/#breadcrumb\"},\"inLanguage\":\"es\",\"potentialAction\":[{\"@type\":\"ReadAction\",\"target\":[\"https:\/\/castellbaroniapinturas.com.ar\/index.php\/producto\/pintura-para-pileta-acuosa\/\"]}]},{\"@type\":\"ImageObject\",\"inLanguage\":\"es\",\"@id\":\"https:\/\/castellbaroniapinturas.com.ar\/index.php\/producto\/pintura-para-pileta-acuosa\/#primaryimage\",\"url\":\"https:\/\/castellbaroniapinturas.com.ar\/wp-content\/uploads\/2026\/01\/017.jpg\",\"contentUrl\":\"https:\/\/castellbaroniapinturas.com.ar\/wp-content\/uploads\/2026\/01\/017.jpg\",\"width\":700,\"height\":700},{\"@type\":\"BreadcrumbList\",\"@id\":\"https:\/\/castellbaroniapinturas.com.ar\/index.php\/producto\/pintura-para-pileta-acuosa\/#breadcrumb\",\"itemListElement\":[{\"@type\":\"ListItem\",\"position\":1,\"name\":\"Portada\",\"item\":\"https:\/\/castellbaroniapinturas.com.ar\/\"},{\"@type\":\"ListItem\",\"position\":2,\"name\":\"Tienda\",\"item\":\"https:\/\/castellbaroniapinturas.com.ar\/index.php\/tienda\/\"},{\"@type\":\"ListItem\",\"position\":3,\"name\":\"Pintura para pileta acuosa\"}]},{\"@type\":\"WebSite\",\"@id\":\"https:\/\/castellbaroniapinturas.com.ar\/#website\",\"url\":\"https:\/\/castellbaroniapinturas.com.ar\/\",\"name\":\"Castell Baronia\",\"description\":\"Castell Baronia Pinturas. Marca argentina con 60 a\u00f1os de experiencia en pinturas y revestimientos de calidad profesional para obras, pinturer\u00edas y proyectos.\",\"publisher\":{\"@id\":\"https:\/\/castellbaroniapinturas.com.ar\/#organization\"},\"potentialAction\":[{\"@type\":\"SearchAction\",\"target\":{\"@type\":\"EntryPoint\",\"urlTemplate\":\"https:\/\/castellbaroniapinturas.com.ar\/?s={search_term_string}\"},\"query-input\":{\"@type\":\"PropertyValueSpecification\",\"valueRequired\":true,\"valueName\":\"search_term_string\"}}],\"inLanguage\":\"es\"},{\"@type\":\"Organization\",\"@id\":\"https:\/\/castellbaroniapinturas.com.ar\/#organization\",\"name\":\"Castell Baronia\",\"url\":\"https:\/\/castellbaroniapinturas.com.ar\/\",\"logo\":{\"@type\":\"ImageObject\",\"inLanguage\":\"es\",\"@id\":\"https:\/\/castellbaroniapinturas.com.ar\/#\/schema\/logo\/image\/\",\"url\":\"https:\/\/castellbaroniapinturas.com.ar\/wp-content\/uploads\/2026\/01\/CASTELL-BARONIA-LOGO-WEB.png\",\"contentUrl\":\"https:\/\/castellbaroniapinturas.com.ar\/wp-content\/uploads\/2026\/01\/CASTELL-BARONIA-LOGO-WEB.png\",\"width\":768,\"height\":257,\"caption\":\"Castell Baronia\"},\"image\":{\"@id\":\"https:\/\/castellbaroniapinturas.com.ar\/#\/schema\/logo\/image\/\"}}]}<\/script>\n<!-- \/ Yoast SEO plugin. -->","yoast_head_json":{"title":"Pintura para pileta acuosa - Castell Baronia","description":"Pintura acr\u00edlica base acuosa impermeabilizante y decorativa, ideal para piletas de nataci\u00f3n, con alta resistencia al agua, la intemperie y agentes qu\u00edmicos.Super cubritiva","robots":{"index":"index","follow":"follow","max-snippet":"max-snippet:-1","max-image-preview":"max-image-preview:large","max-video-preview":"max-video-preview:-1"},"canonical":"https:\/\/castellbaroniapinturas.com.ar\/index.php\/producto\/pintura-para-pileta-acuosa\/","og_locale":"es_ES","og_type":"article","og_title":"Pintura para pileta acuosa - Castell Baronia","og_description":"Pintura acr\u00edlica base acuosa impermeabilizante y decorativa, ideal para piletas de nataci\u00f3n, con alta resistencia al agua, la intemperie y agentes qu\u00edmicos.Super cubritiva","og_url":"https:\/\/castellbaroniapinturas.com.ar\/index.php\/producto\/pintura-para-pileta-acuosa\/","og_site_name":"Castell Baronia","og_image":[{"width":700,"height":700,"url":"http:\/\/castellbaroniapinturas.com.ar\/wp-content\/uploads\/2026\/01\/017.jpg","type":"image\/jpeg"}],"twitter_card":"summary_large_image","twitter_misc":{"Tiempo de lectura":"1 minuto"},"schema":{"@context":"https:\/\/schema.org","@graph":[{"@type":"WebPage","@id":"https:\/\/castellbaroniapinturas.com.ar\/index.php\/producto\/pintura-para-pileta-acuosa\/","url":"https:\/\/castellbaroniapinturas.com.ar\/index.php\/producto\/pintura-para-pileta-acuosa\/","name":"Pintura para pileta acuosa - Castell Baronia","isPartOf":{"@id":"https:\/\/castellbaroniapinturas.com.ar\/#website"},"primaryImageOfPage":{"@id":"https:\/\/castellbaroniapinturas.com.ar\/index.php\/producto\/pintura-para-pileta-acuosa\/#primaryimage"},"image":{"@id":"https:\/\/castellbaroniapinturas.com.ar\/index.php\/producto\/pintura-para-pileta-acuosa\/#primaryimage"},"thumbnailUrl":"https:\/\/castellbaroniapinturas.com.ar\/wp-content\/uploads\/2026\/01\/017.jpg","datePublished":"2026-01-25T16:45:12+00:00","description":"Pintura acr\u00edlica base acuosa impermeabilizante y decorativa, ideal para piletas de nataci\u00f3n, con alta resistencia al agua, la intemperie y agentes qu\u00edmicos.Super cubritiva","breadcrumb":{"@id":"https:\/\/castellbaroniapinturas.com.ar\/index.php\/producto\/pintura-para-pileta-acuosa\/#breadcrumb"},"inLanguage":"es","potentialAction":[{"@type":"ReadAction","target":["https:\/\/castellbaroniapinturas.com.ar\/index.php\/producto\/pintura-para-pileta-acuosa\/"]}]},{"@type":"ImageObject","inLanguage":"es","@id":"https:\/\/castellbaroniapinturas.com.ar\/index.php\/producto\/pintura-para-pileta-acuosa\/#primaryimage","url":"https:\/\/castellbaroniapinturas.com.ar\/wp-content\/uploads\/2026\/01\/017.jpg","contentUrl":"https:\/\/castellbaroniapinturas.com.ar\/wp-content\/uploads\/2026\/01\/017.jpg","width":700,"height":700},{"@type":"BreadcrumbList","@id":"https:\/\/castellbaroniapinturas.com.ar\/index.php\/producto\/pintura-para-pileta-acuosa\/#breadcrumb","itemListElement":[{"@type":"ListItem","position":1,"name":"Portada","item":"https:\/\/castellbaroniapinturas.com.ar\/"},{"@type":"ListItem","position":2,"name":"Tienda","item":"https:\/\/castellbaroniapinturas.com.ar\/index.php\/tienda\/"},{"@type":"ListItem","position":3,"name":"Pintura para pileta acuosa"}]},{"@type":"WebSite","@id":"https:\/\/castellbaroniapinturas.com.ar\/#website","url":"https:\/\/castellbaroniapinturas.com.ar\/","name":"Castell Baronia","description":"Castell Baronia Pinturas. Marca argentina con 60 a\u00f1os de experiencia en pinturas y revestimientos de calidad profesional para obras, pinturer\u00edas y proyectos.","publisher":{"@id":"https:\/\/castellbaroniapinturas.com.ar\/#organization"},"potentialAction":[{"@type":"SearchAction","target":{"@type":"EntryPoint","urlTemplate":"https:\/\/castellbaroniapinturas.com.ar\/?s={search_term_string}"},"query-input":{"@type":"PropertyValueSpecification","valueRequired":true,"valueName":"search_term_string"}}],"inLanguage":"es"},{"@type":"Organization","@id":"https:\/\/castellbaroniapinturas.com.ar\/#organization","name":"Castell Baronia","url":"https:\/\/castellbaroniapinturas.com.ar\/","logo":{"@type":"ImageObject","inLanguage":"es","@id":"https:\/\/castellbaroniapinturas.com.ar\/#\/schema\/logo\/image\/","url":"https:\/\/castellbaroniapinturas.com.ar\/wp-content\/uploads\/2026\/01\/CASTELL-BARONIA-LOGO-WEB.png","contentUrl":"https:\/\/castellbaroniapinturas.com.ar\/wp-content\/uploads\/2026\/01\/CASTELL-BARONIA-LOGO-WEB.png","width":768,"height":257,"caption":"Castell Baronia"},"image":{"@id":"https:\/\/castellbaroniapinturas.com.ar\/#\/schema\/logo\/image\/"}}]}},"_links":{"self":[{"href":"https:\/\/castellbaroniapinturas.com.ar\/index.php\/wp-json\/wp\/v2\/product\/955","targetHints":{"allow":["GET"]}}],"collection":[{"href":"https:\/\/castellbaroniapinturas.com.ar\/index.php\/wp-json\/wp\/v2\/product"}],"about":[{"href":"https:\/\/castellbaroniapinturas.com.ar\/index.php\/wp-json\/wp\/v2\/types\/product"}],"replies":[{"embeddable":true,"href":"https:\/\/castellbaroniapinturas.com.ar\/index.php\/wp-json\/wp\/v2\/comments?post=955"}],"wp:featuredmedia":[{"embeddable":true,"href":"https:\/\/castellbaroniapinturas.com.ar\/index.php\/wp-json\/wp\/v2\/media\/956"}],"wp:attachment":[{"href":"https:\/\/castellbaroniapinturas.com.ar\/index.php\/wp-json\/wp\/v2\/media?parent=955"}],"wp:term":[{"taxonomy":"product_brand","embeddable":true,"href":"https:\/\/castellbaroniapinturas.com.ar\/index.php\/wp-json\/wp\/v2\/product_brand?post=955"},{"taxonomy":"product_cat","embeddable":true,"href":"https:\/\/castellbaroniapinturas.com.ar\/index.php\/wp-json\/wp\/v2\/product_cat?post=955"},{"taxonomy":"product_tag","embeddable":true,"href":"https:\/\/castellbaroniapinturas.com.ar\/index.php\/wp-json\/wp\/v2\/product_tag?post=955"}],"curies":[{"name":"wp","href":"https:\/\/api.w.org\/{rel}","templated":true}]}}